{"id":1947,"date":"2016-06-06T11:46:46","date_gmt":"2016-06-06T14:46:46","guid":{"rendered":"https:\/\/wp.ufpel.edu.br\/nulab\/?page_id=1947"},"modified":"2016-06-06T11:46:46","modified_gmt":"2016-06-06T14:46:46","slug":"educacao-fisica-licenciatura","status":"publish","type":"page","link":"https:\/\/wp.ufpel.edu.br\/nulab\/esef\/educacao-fisica-licenciatura\/","title":{"rendered":"Educa\u00e7\u00e3o F\u00edsica (Licenciatura)"},"content":{"rendered":"<p><a href=\"https:\/\/wp.ufpel.edu.br\/nulab\/campo-de-futebol\/\">Campo de Futebol<\/a><\/p>\n<p><a href=\"https:\/\/wp.ufpel.edu.br\/nulab\/danca-e-ginastica\/\">Dan\u00e7a e Gin\u00e1stica<\/a><\/p>\n<p><a href=\"https:\/\/wp.ufpel.edu.br\/nulab\/ginasio-poliesportivo-ginastica-artistica\/\">Gin\u00e1sio Poliesportivo \/\u00a0Gin\u00e1stica Art\u00edstica<\/a><\/p>\n<p><a href=\"https:\/\/wp.ufpel.edu.br\/nulab\/laboratorio-de-avaliacao-neuromuscular-labneuro\/\">Laborat\u00f3rio de Avalia\u00e7\u00e3o Neuromuscular (LABNEURO)<\/a><\/p>\n<p><a href=\"https:\/\/wp.ufpel.edu.br\/nulab\/laboratorio-de-bioquimica-e-fisiologia-do-exercicio-labfex\/\">Laborat\u00f3rio de Bioqu\u00edmica e Fisiologia do Exerc\u00edcio (LABFEX)<\/a><\/p>\n<p><a href=\"https:\/\/wp.ufpel.edu.br\/nulab\/laboratorio-de-estudo-do-comportamento-motor-lacon\/\">Laborat\u00f3rio de Estudo do Comportamento Motor (LACON)<\/a><\/p>\n<p><a href=\"https:\/\/wp.ufpel.edu.br\/nulab\/laboratorio-de-informatica-esef\/\">Laborat\u00f3rio de Inform\u00e1tica (LIG)<\/a><\/p>\n<p><a href=\"https:\/\/wp.ufpel.edu.br\/nulab\/musculacao\/\">Muscula\u00e7\u00e3o<\/a><\/p>\n<p><a href=\"https:\/\/wp.ufpel.edu.br\/nulab\/sala-de-lutas\/\">Sala de lutas<\/a><\/p>\n","protected":false},"excerpt":{"rendered":"<p>Campo de Futebol Dan\u00e7a e Gin\u00e1stica Gin\u00e1sio Poliesportivo \/\u00a0Gin\u00e1stica Art\u00edstica Laborat\u00f3rio de Avalia\u00e7\u00e3o Neuromuscular (LABNEURO) Laborat\u00f3rio de Bioqu\u00edmica e Fisiologia do Exerc\u00edcio (LABFEX) Laborat\u00f3rio de Estudo do Comportamento Motor (LACON) Laborat\u00f3rio de Inform\u00e1tica (LIG) Muscula\u00e7\u00e3o Sala de lutas<\/p>\n","protected":false},"author":634,"featured_media":0,"parent":63,"menu_order":0,"comment_status":"closed","ping_status":"closed","template":"","meta":{"footnotes":""},"class_list":["post-1947","page","type-page","status-publish","hentry"],"_links":{"self":[{"href":"https:\/\/wp.ufpel.edu.br\/nulab\/wp-json\/wp\/v2\/pages\/1947","targetHints":{"allow":["GET"]}}],"collection":[{"href":"https:\/\/wp.ufpel.edu.br\/nulab\/wp-json\/wp\/v2\/pages"}],"about":[{"href":"https:\/\/wp.ufpel.edu.br\/nulab\/wp-json\/wp\/v2\/types\/page"}],"author":[{"embeddable":true,"href":"https:\/\/wp.ufpel.edu.br\/nulab\/wp-json\/wp\/v2\/users\/634"}],"replies":[{"embeddable":true,"href":"https:\/\/wp.ufpel.edu.br\/nulab\/wp-json\/wp\/v2\/comments?post=1947"}],"version-history":[{"count":1,"href":"https:\/\/wp.ufpel.edu.br\/nulab\/wp-json\/wp\/v2\/pages\/1947\/revisions"}],"predecessor-version":[{"id":1950,"href":"https:\/\/wp.ufpel.edu.br\/nulab\/wp-json\/wp\/v2\/pages\/1947\/revisions\/1950"}],"up":[{"embeddable":true,"href":"https:\/\/wp.ufpel.edu.br\/nulab\/wp-json\/wp\/v2\/pages\/63"}],"wp:attachment":[{"href":"https:\/\/wp.ufpel.edu.br\/nulab\/wp-json\/wp\/v2\/media?parent=1947"}],"curies":[{"name":"wp","href":"https:\/\/api.w.org\/{rel}","templated":true}]}}