{"id":1917,"date":"2016-06-06T11:23:18","date_gmt":"2016-06-06T14:23:18","guid":{"rendered":"https:\/\/wp.ufpel.edu.br\/nulab\/?page_id=1917"},"modified":"2016-06-06T11:39:23","modified_gmt":"2016-06-06T14:39:23","slug":"engenharia-de-computacao","status":"publish","type":"page","link":"https:\/\/wp.ufpel.edu.br\/nulab\/cdtec\/engenharia-de-computacao\/","title":{"rendered":"Engenharia de Computa\u00e7\u00e3o"},"content":{"rendered":"<p><a href=\"https:\/\/wp.ufpel.edu.br\/nulab\/laboratorio-de-informatica-cdtec1\/\">Laborat\u00f3rio de Inform\u00e1tica (LIG)<\/a><\/p>\n<p><a href=\"https:\/\/wp.ufpel.edu.br\/nulab\/laboratorio-de-hardware\/\">Laborat\u00f3rio de Hardware<\/a><\/p>\n<p><a href=\"https:\/\/wp.ufpel.edu.br\/nulab\/laboratorio-de-programacao-de-computadores-1\/\">Laborat\u00f3rio de Programa\u00e7\u00e3o de Computadores 1<\/a><\/p>\n<p><a href=\"https:\/\/wp.ufpel.edu.br\/nulab\/laboratorio-de-computacao-grafica\/\">Laborat\u00f3rio de Computa\u00e7\u00e3o Gr\u00e1fica<\/a><\/p>\n<p><a href=\"https:\/\/wp.ufpel.edu.br\/nulab\/laboratorio-de-redes-e-sistemas-operacionais\/\">Laborat\u00f3rio de Redes e Sistemas Operacionais<\/a><\/p>\n","protected":false},"excerpt":{"rendered":"<p>Laborat\u00f3rio de Inform\u00e1tica (LIG) Laborat\u00f3rio de Hardware Laborat\u00f3rio de Programa\u00e7\u00e3o de Computadores 1 Laborat\u00f3rio de Computa\u00e7\u00e3o Gr\u00e1fica Laborat\u00f3rio de Redes e Sistemas Operacionais<\/p>\n","protected":false},"author":634,"featured_media":0,"parent":83,"menu_order":0,"comment_status":"closed","ping_status":"closed","template":"","meta":{"footnotes":""},"class_list":["post-1917","page","type-page","status-publish","hentry"],"_links":{"self":[{"href":"https:\/\/wp.ufpel.edu.br\/nulab\/wp-json\/wp\/v2\/pages\/1917","targetHints":{"allow":["GET"]}}],"collection":[{"href":"https:\/\/wp.ufpel.edu.br\/nulab\/wp-json\/wp\/v2\/pages"}],"about":[{"href":"https:\/\/wp.ufpel.edu.br\/nulab\/wp-json\/wp\/v2\/types\/page"}],"author":[{"embeddable":true,"href":"https:\/\/wp.ufpel.edu.br\/nulab\/wp-json\/wp\/v2\/users\/634"}],"replies":[{"embeddable":true,"href":"https:\/\/wp.ufpel.edu.br\/nulab\/wp-json\/wp\/v2\/comments?post=1917"}],"version-history":[{"count":6,"href":"https:\/\/wp.ufpel.edu.br\/nulab\/wp-json\/wp\/v2\/pages\/1917\/revisions"}],"predecessor-version":[{"id":1940,"href":"https:\/\/wp.ufpel.edu.br\/nulab\/wp-json\/wp\/v2\/pages\/1917\/revisions\/1940"}],"up":[{"embeddable":true,"href":"https:\/\/wp.ufpel.edu.br\/nulab\/wp-json\/wp\/v2\/pages\/83"}],"wp:attachment":[{"href":"https:\/\/wp.ufpel.edu.br\/nulab\/wp-json\/wp\/v2\/media?parent=1917"}],"curies":[{"name":"wp","href":"https:\/\/api.w.org\/{rel}","templated":true}]}}