{"id":1823,"date":"2016-06-06T09:48:26","date_gmt":"2016-06-06T12:48:26","guid":{"rendered":"https:\/\/wp.ufpel.edu.br\/nulab\/?page_id=1823"},"modified":"2016-06-06T11:03:05","modified_gmt":"2016-06-06T14:03:05","slug":"conservacao-e-restauro","status":"publish","type":"page","link":"https:\/\/wp.ufpel.edu.br\/nulab\/ich\/conservacao-e-restauro\/","title":{"rendered":"Conserva\u00e7\u00e3o e Restauro"},"content":{"rendered":"<p><a href=\"https:\/\/wp.ufpel.edu.br\/nulab\/laboratorio-de-ensino-e-ciencia-do-patrimonio\/\">Laborat\u00f3rio de Ensino e Ci\u00eancia do Patrim\u00f4nio<\/a><\/p>\n<p><a href=\"https:\/\/wp.ufpel.edu.br\/nulab\/laboratorio-de-informatica-ich1\/\">Laborat\u00f3rio de Inform\u00e1tica (LIG)<\/a><\/p>\n<p><a href=\"https:\/\/wp.ufpel.edu.br\/nulab\/laboratorio-de-materiais-e-tecnicas-lamtec\/\">Laborat\u00f3rio de Materiais e T\u00e9cnicas (LAMTEC)<\/a><\/p>\n<p><a href=\"https:\/\/wp.ufpel.edu.br\/nulab\/laboratorio-multidisciplinar-de-investigacao-arqueologica-lamina\/\">Laborat\u00f3rio Multidisciplinar de Investiga\u00e7\u00e3o Arqueol\u00f3gica (LAMINA)<\/a><\/p>\n<p><a href=\"https:\/\/wp.ufpel.edu.br\/nulab\/laboratorio-para-a-conservacao-e-restauracao-de-bens-culturais-em-madeira\/\">Laborat\u00f3rio para a Conserva\u00e7\u00e3o e Restaura\u00e7\u00e3o de Bens Culturais em Madeira<\/a><\/p>\n<p><a href=\"https:\/\/wp.ufpel.edu.br\/nulab\/laboratorio-para-a-conservacao-e-restauracao-de-bens-culturais-em-papel\/\">Laborat\u00f3rio para a Conserva\u00e7\u00e3o e Restaura\u00e7\u00e3o de Bens Culturais em Papel<\/a><\/p>\n<p><a href=\"https:\/\/wp.ufpel.edu.br\/nulab\/laboratorio-para-a-conservacao-e-restauracao-de-pinturas\/\">Laborat\u00f3rio para a Conserva\u00e7\u00e3o e Restaura\u00e7\u00e3o de Pinturas<\/a><\/p>\n","protected":false},"excerpt":{"rendered":"<p>Laborat\u00f3rio de Ensino e Ci\u00eancia do Patrim\u00f4nio Laborat\u00f3rio de Inform\u00e1tica (LIG) Laborat\u00f3rio de Materiais e T\u00e9cnicas (LAMTEC) Laborat\u00f3rio Multidisciplinar de Investiga\u00e7\u00e3o Arqueol\u00f3gica (LAMINA) Laborat\u00f3rio para a Conserva\u00e7\u00e3o e Restaura\u00e7\u00e3o de Bens Culturais em Madeira Laborat\u00f3rio para a Conserva\u00e7\u00e3o e Restaura\u00e7\u00e3o de Bens Culturais em Papel Laborat\u00f3rio para a Conserva\u00e7\u00e3o e Restaura\u00e7\u00e3o de Pinturas<\/p>\n","protected":false},"author":634,"featured_media":0,"parent":74,"menu_order":0,"comment_status":"closed","ping_status":"closed","template":"","meta":{"footnotes":""},"class_list":["post-1823","page","type-page","status-publish","hentry"],"_links":{"self":[{"href":"https:\/\/wp.ufpel.edu.br\/nulab\/wp-json\/wp\/v2\/pages\/1823","targetHints":{"allow":["GET"]}}],"collection":[{"href":"https:\/\/wp.ufpel.edu.br\/nulab\/wp-json\/wp\/v2\/pages"}],"about":[{"href":"https:\/\/wp.ufpel.edu.br\/nulab\/wp-json\/wp\/v2\/types\/page"}],"author":[{"embeddable":true,"href":"https:\/\/wp.ufpel.edu.br\/nulab\/wp-json\/wp\/v2\/users\/634"}],"replies":[{"embeddable":true,"href":"https:\/\/wp.ufpel.edu.br\/nulab\/wp-json\/wp\/v2\/comments?post=1823"}],"version-history":[{"count":11,"href":"https:\/\/wp.ufpel.edu.br\/nulab\/wp-json\/wp\/v2\/pages\/1823\/revisions"}],"predecessor-version":[{"id":1886,"href":"https:\/\/wp.ufpel.edu.br\/nulab\/wp-json\/wp\/v2\/pages\/1823\/revisions\/1886"}],"up":[{"embeddable":true,"href":"https:\/\/wp.ufpel.edu.br\/nulab\/wp-json\/wp\/v2\/pages\/74"}],"wp:attachment":[{"href":"https:\/\/wp.ufpel.edu.br\/nulab\/wp-json\/wp\/v2\/media?parent=1823"}],"curies":[{"name":"wp","href":"https:\/\/api.w.org\/{rel}","templated":true}]}}