{"id":1821,"date":"2016-06-06T09:48:24","date_gmt":"2016-06-06T12:48:24","guid":{"rendered":"https:\/\/wp.ufpel.edu.br\/nulab\/?page_id=1821"},"modified":"2016-06-06T11:12:43","modified_gmt":"2016-06-06T14:12:43","slug":"museologia","status":"publish","type":"page","link":"https:\/\/wp.ufpel.edu.br\/nulab\/ich\/museologia\/","title":{"rendered":"Museologia"},"content":{"rendered":"<p><a href=\"https:\/\/wp.ufpel.edu.br\/nulab\/laboratorio-de-informatica-ich1\/\">Laborat\u00f3rio de Inform\u00e1tica (LIG)<\/a><\/p>\n<p><a href=\"https:\/\/wp.ufpel.edu.br\/nulab\/laboratorio-multidisciplinar-de-investigacao-arqueologica-lamina\/\">Laborat\u00f3rio Multidisciplinar de Investiga\u00e7\u00e3o Arqueol\u00f3gica (LAMINA)<\/a><\/p>\n<p><a href=\"https:\/\/wp.ufpel.edu.br\/nulab\/laboratorio-para-a-conservacao-e-restauracao-de-bens-culturais-em-madeira\/\">Laborat\u00f3rio para a Conserva\u00e7\u00e3o e Restaura\u00e7\u00e3o de Bens Culturais em Madeira<\/a><\/p>\n<p><a href=\"https:\/\/wp.ufpel.edu.br\/nulab\/laboratorio-para-a-conservacao-e-restauracao-de-pinturas\/\">Laborat\u00f3rio para a Conserva\u00e7\u00e3o e Restaura\u00e7\u00e3o de Pinturas<\/a><\/p>\n<p><a href=\"https:\/\/wp.ufpel.edu.br\/nulab\/museu-do-doce-da-ufpel\/\">Museu do Doce da UFPel<\/a><\/p>\n<p><a href=\"https:\/\/wp.ufpel.edu.br\/nulab\/laboratorio-de-ensino-pesquisa-e-producao-em-antropologia-da-imagem-e-do-somleppais\/\">Laborat\u00f3rio de Ensino, Pesquisa e Produ\u00e7\u00e3o em Antropologia da Imagem e do Som (LEPPAIS)<\/a><\/p>\n<p>&nbsp;<\/p>\n","protected":false},"excerpt":{"rendered":"<p>Laborat\u00f3rio de Inform\u00e1tica (LIG) Laborat\u00f3rio Multidisciplinar de Investiga\u00e7\u00e3o Arqueol\u00f3gica (LAMINA) Laborat\u00f3rio para a Conserva\u00e7\u00e3o e Restaura\u00e7\u00e3o de Bens Culturais em Madeira Laborat\u00f3rio para a Conserva\u00e7\u00e3o e Restaura\u00e7\u00e3o de Pinturas Museu do Doce da UFPel Laborat\u00f3rio de Ensino, Pesquisa e Produ\u00e7\u00e3o em Antropologia da Imagem e do Som (LEPPAIS) &nbsp;<\/p>\n","protected":false},"author":634,"featured_media":0,"parent":74,"menu_order":0,"comment_status":"closed","ping_status":"closed","template":"","meta":{"footnotes":""},"class_list":["post-1821","page","type-page","status-publish","hentry"],"_links":{"self":[{"href":"https:\/\/wp.ufpel.edu.br\/nulab\/wp-json\/wp\/v2\/pages\/1821","targetHints":{"allow":["GET"]}}],"collection":[{"href":"https:\/\/wp.ufpel.edu.br\/nulab\/wp-json\/wp\/v2\/pages"}],"about":[{"href":"https:\/\/wp.ufpel.edu.br\/nulab\/wp-json\/wp\/v2\/types\/page"}],"author":[{"embeddable":true,"href":"https:\/\/wp.ufpel.edu.br\/nulab\/wp-json\/wp\/v2\/users\/634"}],"replies":[{"embeddable":true,"href":"https:\/\/wp.ufpel.edu.br\/nulab\/wp-json\/wp\/v2\/comments?post=1821"}],"version-history":[{"count":9,"href":"https:\/\/wp.ufpel.edu.br\/nulab\/wp-json\/wp\/v2\/pages\/1821\/revisions"}],"predecessor-version":[{"id":1895,"href":"https:\/\/wp.ufpel.edu.br\/nulab\/wp-json\/wp\/v2\/pages\/1821\/revisions\/1895"}],"up":[{"embeddable":true,"href":"https:\/\/wp.ufpel.edu.br\/nulab\/wp-json\/wp\/v2\/pages\/74"}],"wp:attachment":[{"href":"https:\/\/wp.ufpel.edu.br\/nulab\/wp-json\/wp\/v2\/media?parent=1821"}],"curies":[{"name":"wp","href":"https:\/\/api.w.org\/{rel}","templated":true}]}}