{"id":1813,"date":"2016-06-06T09:48:17","date_gmt":"2016-06-06T12:48:17","guid":{"rendered":"https:\/\/wp.ufpel.edu.br\/nulab\/?page_id=1813"},"modified":"2016-11-16T10:22:07","modified_gmt":"2016-11-16T12:22:07","slug":"geografia","status":"publish","type":"page","link":"https:\/\/wp.ufpel.edu.br\/nulab\/ich\/geografia\/","title":{"rendered":"Geografia"},"content":{"rendered":"<p><a href=\"https:\/\/wp.ufpel.edu.br\/nulab\/laboratorio-de-cartografia\/\">Laborat\u00f3rio de Cartografia<\/a><\/p>\n<p><a href=\"https:\/\/wp.ufpel.edu.br\/nulab\/laboratorio-didatico-de-geografia\/\">Laborat\u00f3rio Did\u00e1tico de Geografia<\/a><\/p>\n<p><a href=\"https:\/\/wp.ufpel.edu.br\/nulab\/laboratorio-de-geotecnologias-aplicadas-a-geografia\/\">Laborat\u00f3rio de Geotecnologias Aplicadas \u00e0 Geografia<\/a><\/p>\n<p><a href=\"https:\/\/wp.ufpel.edu.br\/nulab\/leaa\/\">Laborat\u00f3rio de Estudos Agr\u00e1rios e Ambientais (LEAA)<\/a><\/p>\n","protected":false},"excerpt":{"rendered":"<p>Laborat\u00f3rio de Cartografia Laborat\u00f3rio Did\u00e1tico de Geografia Laborat\u00f3rio de Geotecnologias Aplicadas \u00e0 Geografia Laborat\u00f3rio de Estudos Agr\u00e1rios e Ambientais (LEAA)<\/p>\n","protected":false},"author":634,"featured_media":0,"parent":74,"menu_order":0,"comment_status":"closed","ping_status":"closed","template":"","meta":{"footnotes":""},"class_list":["post-1813","page","type-page","status-publish","hentry"],"_links":{"self":[{"href":"https:\/\/wp.ufpel.edu.br\/nulab\/wp-json\/wp\/v2\/pages\/1813","targetHints":{"allow":["GET"]}}],"collection":[{"href":"https:\/\/wp.ufpel.edu.br\/nulab\/wp-json\/wp\/v2\/pages"}],"about":[{"href":"https:\/\/wp.ufpel.edu.br\/nulab\/wp-json\/wp\/v2\/types\/page"}],"author":[{"embeddable":true,"href":"https:\/\/wp.ufpel.edu.br\/nulab\/wp-json\/wp\/v2\/users\/634"}],"replies":[{"embeddable":true,"href":"https:\/\/wp.ufpel.edu.br\/nulab\/wp-json\/wp\/v2\/comments?post=1813"}],"version-history":[{"count":6,"href":"https:\/\/wp.ufpel.edu.br\/nulab\/wp-json\/wp\/v2\/pages\/1813\/revisions"}],"predecessor-version":[{"id":3215,"href":"https:\/\/wp.ufpel.edu.br\/nulab\/wp-json\/wp\/v2\/pages\/1813\/revisions\/3215"}],"up":[{"embeddable":true,"href":"https:\/\/wp.ufpel.edu.br\/nulab\/wp-json\/wp\/v2\/pages\/74"}],"wp:attachment":[{"href":"https:\/\/wp.ufpel.edu.br\/nulab\/wp-json\/wp\/v2\/media?parent=1813"}],"curies":[{"name":"wp","href":"https:\/\/api.w.org\/{rel}","templated":true}]}}