{"id":1786,"date":"2016-06-06T09:30:44","date_gmt":"2016-06-06T12:30:44","guid":{"rendered":"https:\/\/wp.ufpel.edu.br\/nulab\/?page_id=1786"},"modified":"2016-10-07T15:16:12","modified_gmt":"2016-10-07T18:16:12","slug":"cinema-e-audiovisual","status":"publish","type":"page","link":"https:\/\/wp.ufpel.edu.br\/nulab\/ca\/cinema-e-audiovisual\/","title":{"rendered":"Cinema e Audiovisual"},"content":{"rendered":"<p><a href=\"https:\/\/wp.ufpel.edu.br\/nulab\/laboratorio-de-etnomusicologiadiscoteca\/\">Laborat\u00f3rio de Etnomusicologia\/Discoteca<\/a><\/p>\n<p><a href=\"https:\/\/wp.ufpel.edu.br\/nulab\/laboratorio-analogicodigital-e-desenho\/\">Laborat\u00f3rio Anal\u00f3gico\/Digital e Desenho<\/a><\/p>\n<p><a href=\"https:\/\/wp.ufpel.edu.br\/nulab\/laboratorio-de-desenho-e-fundamentos-da-linguagem-visual\/\">Laborat\u00f3rio de Desenho e Fundamentos da Linguagem Visual<\/a><\/p>\n<p><a href=\"https:\/\/wp.ufpel.edu.br\/nulab\/laboratorio-de-fotografia-digital\/\">Laborat\u00f3rio de Fotografia Digital<\/a><\/p>\n<p><a href=\"https:\/\/wp.ufpel.edu.br\/nulab\/laboratorio-de-modelagem-e-animacao-3d\/\">Laborat\u00f3rio de Modelagem e Anima\u00e7\u00e3o 3D<\/a><\/p>\n<p><a href=\"https:\/\/wp.ufpel.edu.br\/nulab\/laboratorio-de-realizacao-audiovisual\/\">Laborat\u00f3rio de Realiza\u00e7\u00e3o Audiovisual<\/a><\/p>\n<p><a href=\"https:\/\/wp.ufpel.edu.br\/nulab\/laboratorio-digital-plataforma-macintosh-1\/\">Laborat\u00f3rio Digital Plataforma Macintosh 1<\/a><\/p>\n<p><a href=\"https:\/\/wp.ufpel.edu.br\/nulab\/laboratorio-digital-plataforma-macintosh-2\/\">Laborat\u00f3rio Digital Plataforma Macintosh 2<\/a><\/p>\n<p><a href=\"https:\/\/wp.ufpel.edu.br\/nulab\/laboratorio-digital-plataforma-pc\/\">Laborat\u00f3rio Digital Plataforma PC<\/a><\/p>\n<p><a href=\"https:\/\/wp.ufpel.edu.br\/nulab\/laboratorio-de-som\/\">Laborat\u00f3rio de Som<\/a><\/p>\n","protected":false},"excerpt":{"rendered":"<p>Laborat\u00f3rio de Etnomusicologia\/Discoteca Laborat\u00f3rio Anal\u00f3gico\/Digital e Desenho Laborat\u00f3rio de Desenho e Fundamentos da Linguagem Visual Laborat\u00f3rio de Fotografia Digital Laborat\u00f3rio de Modelagem e Anima\u00e7\u00e3o 3D Laborat\u00f3rio de Realiza\u00e7\u00e3o Audiovisual Laborat\u00f3rio Digital Plataforma Macintosh 1 Laborat\u00f3rio Digital Plataforma Macintosh 2 Laborat\u00f3rio Digital Plataforma PC Laborat\u00f3rio de Som<\/p>\n","protected":false},"author":634,"featured_media":0,"parent":92,"menu_order":0,"comment_status":"closed","ping_status":"closed","template":"","meta":{"footnotes":""},"class_list":["post-1786","page","type-page","status-publish","hentry"],"_links":{"self":[{"href":"https:\/\/wp.ufpel.edu.br\/nulab\/wp-json\/wp\/v2\/pages\/1786","targetHints":{"allow":["GET"]}}],"collection":[{"href":"https:\/\/wp.ufpel.edu.br\/nulab\/wp-json\/wp\/v2\/pages"}],"about":[{"href":"https:\/\/wp.ufpel.edu.br\/nulab\/wp-json\/wp\/v2\/types\/page"}],"author":[{"embeddable":true,"href":"https:\/\/wp.ufpel.edu.br\/nulab\/wp-json\/wp\/v2\/users\/634"}],"replies":[{"embeddable":true,"href":"https:\/\/wp.ufpel.edu.br\/nulab\/wp-json\/wp\/v2\/comments?post=1786"}],"version-history":[{"count":6,"href":"https:\/\/wp.ufpel.edu.br\/nulab\/wp-json\/wp\/v2\/pages\/1786\/revisions"}],"predecessor-version":[{"id":2961,"href":"https:\/\/wp.ufpel.edu.br\/nulab\/wp-json\/wp\/v2\/pages\/1786\/revisions\/2961"}],"up":[{"embeddable":true,"href":"https:\/\/wp.ufpel.edu.br\/nulab\/wp-json\/wp\/v2\/pages\/92"}],"wp:attachment":[{"href":"https:\/\/wp.ufpel.edu.br\/nulab\/wp-json\/wp\/v2\/media?parent=1786"}],"curies":[{"name":"wp","href":"https:\/\/api.w.org\/{rel}","templated":true}]}}