{"id":1783,"date":"2016-06-06T09:30:39","date_gmt":"2016-06-06T12:30:39","guid":{"rendered":"https:\/\/wp.ufpel.edu.br\/nulab\/?page_id=1783"},"modified":"2016-09-09T10:50:22","modified_gmt":"2016-09-09T13:50:22","slug":"artes-visuais-licenciatura","status":"publish","type":"page","link":"https:\/\/wp.ufpel.edu.br\/nulab\/ca\/artes-visuais-licenciatura\/","title":{"rendered":"Artes Visuais (Licenciatura)"},"content":{"rendered":"<p><a href=\"https:\/\/wp.ufpel.edu.br\/nulab\/atelie-de-ceramica\/\">Ateli\u00ea de Cer\u00e2mica<\/a><\/p>\n<p><a href=\"https:\/\/wp.ufpel.edu.br\/nulab\/atelie-de-desenho\/\">Ateli\u00ea de Desenho<\/a><\/p>\n<p><a href=\"https:\/\/wp.ufpel.edu.br\/nulab\/laboratorio-de-fotografia-analogico\/\">Laborat\u00f3rio de Fotografia Anal\u00f3gico<\/a><\/p>\n<p><a href=\"https:\/\/wp.ufpel.edu.br\/nulab\/linguagem-visual\/\">Ateli\u00ea de Fundamentos da Linguagem Visual<\/a><\/p>\n<p><a href=\"https:\/\/wp.ufpel.edu.br\/nulab\/atelie-de-gravura\/\">Ateli\u00ea de Gravura<\/a><\/p>\n<p><a href=\"https:\/\/wp.ufpel.edu.br\/nulab\/atelie-de-gravura-serigrafia\/\">Ateli\u00ea de Gravura (Serigrafia)<\/a><\/p>\n<p><a href=\"https:\/\/wp.ufpel.edu.br\/nulab\/atelie-de-pintura\/\">Ateli\u00ea de Pintura<\/a><\/p>\n<p><a href=\"https:\/\/wp.ufpel.edu.br\/nulab\/laboratorio-de-percepcao-3d\/\">Laborat\u00f3rio de Percep\u00e7\u00e3o 3D<\/a><\/p>\n<p><a href=\"https:\/\/wp.ufpel.edu.br\/nulab\/laboratorio-de-etnomusicologiadiscoteca\/\">Laborat\u00f3rio de Etnomusicologia\/Discoteca<\/a><\/p>\n","protected":false},"excerpt":{"rendered":"<p>Ateli\u00ea de Cer\u00e2mica Ateli\u00ea de Desenho Laborat\u00f3rio de Fotografia Anal\u00f3gico Ateli\u00ea de Fundamentos da Linguagem Visual Ateli\u00ea de Gravura Ateli\u00ea de Gravura (Serigrafia) Ateli\u00ea de Pintura Laborat\u00f3rio de Percep\u00e7\u00e3o 3D Laborat\u00f3rio de Etnomusicologia\/Discoteca<\/p>\n","protected":false},"author":634,"featured_media":0,"parent":92,"menu_order":0,"comment_status":"closed","ping_status":"closed","template":"","meta":{"footnotes":""},"class_list":["post-1783","page","type-page","status-publish","hentry"],"_links":{"self":[{"href":"https:\/\/wp.ufpel.edu.br\/nulab\/wp-json\/wp\/v2\/pages\/1783","targetHints":{"allow":["GET"]}}],"collection":[{"href":"https:\/\/wp.ufpel.edu.br\/nulab\/wp-json\/wp\/v2\/pages"}],"about":[{"href":"https:\/\/wp.ufpel.edu.br\/nulab\/wp-json\/wp\/v2\/types\/page"}],"author":[{"embeddable":true,"href":"https:\/\/wp.ufpel.edu.br\/nulab\/wp-json\/wp\/v2\/users\/634"}],"replies":[{"embeddable":true,"href":"https:\/\/wp.ufpel.edu.br\/nulab\/wp-json\/wp\/v2\/comments?post=1783"}],"version-history":[{"count":5,"href":"https:\/\/wp.ufpel.edu.br\/nulab\/wp-json\/wp\/v2\/pages\/1783\/revisions"}],"predecessor-version":[{"id":2879,"href":"https:\/\/wp.ufpel.edu.br\/nulab\/wp-json\/wp\/v2\/pages\/1783\/revisions\/2879"}],"up":[{"embeddable":true,"href":"https:\/\/wp.ufpel.edu.br\/nulab\/wp-json\/wp\/v2\/pages\/92"}],"wp:attachment":[{"href":"https:\/\/wp.ufpel.edu.br\/nulab\/wp-json\/wp\/v2\/media?parent=1783"}],"curies":[{"name":"wp","href":"https:\/\/api.w.org\/{rel}","templated":true}]}}