{"id":1772,"date":"2016-06-06T09:21:53","date_gmt":"2016-06-06T12:21:53","guid":{"rendered":"https:\/\/wp.ufpel.edu.br\/nulab\/?page_id=1772"},"modified":"2016-09-30T08:33:07","modified_gmt":"2016-09-30T11:33:07","slug":"musica-popular","status":"publish","type":"page","link":"https:\/\/wp.ufpel.edu.br\/nulab\/ca\/musica-popular\/","title":{"rendered":"M\u00fasica Popular"},"content":{"rendered":"<p><a href=\"https:\/\/wp.ufpel.edu.br\/nulab\/laboratorio-de-teclados\/\">Laborat\u00f3rio de Teclados<\/a><\/p>\n<p><a href=\"https:\/\/wp.ufpel.edu.br\/nulab\/lamp\/\">Laborat\u00f3rio de M\u00fasica Popular (LAMP)<\/a><\/p>\n<p><a href=\"https:\/\/wp.ufpel.edu.br\/nulab\/laboratorio-de-etnomusicologiadiscoteca\/\">Laborat\u00f3rio de Etnomusicologia\/Discoteca<\/a><\/p>\n<p><a href=\"https:\/\/wp.ufpel.edu.br\/nulab\/laboratorio-de-composicao-musical-labcomp\/\">Laborat\u00f3rio de Composi\u00e7\u00e3o Musical (LABCOMP)<\/a><\/p>\n","protected":false},"excerpt":{"rendered":"<p>Laborat\u00f3rio de Teclados Laborat\u00f3rio de M\u00fasica Popular (LAMP) Laborat\u00f3rio de Etnomusicologia\/Discoteca Laborat\u00f3rio de Composi\u00e7\u00e3o Musical (LABCOMP)<\/p>\n","protected":false},"author":634,"featured_media":0,"parent":92,"menu_order":0,"comment_status":"closed","ping_status":"closed","template":"","meta":{"footnotes":""},"class_list":["post-1772","page","type-page","status-publish","hentry"],"_links":{"self":[{"href":"https:\/\/wp.ufpel.edu.br\/nulab\/wp-json\/wp\/v2\/pages\/1772","targetHints":{"allow":["GET"]}}],"collection":[{"href":"https:\/\/wp.ufpel.edu.br\/nulab\/wp-json\/wp\/v2\/pages"}],"about":[{"href":"https:\/\/wp.ufpel.edu.br\/nulab\/wp-json\/wp\/v2\/types\/page"}],"author":[{"embeddable":true,"href":"https:\/\/wp.ufpel.edu.br\/nulab\/wp-json\/wp\/v2\/users\/634"}],"replies":[{"embeddable":true,"href":"https:\/\/wp.ufpel.edu.br\/nulab\/wp-json\/wp\/v2\/comments?post=1772"}],"version-history":[{"count":6,"href":"https:\/\/wp.ufpel.edu.br\/nulab\/wp-json\/wp\/v2\/pages\/1772\/revisions"}],"predecessor-version":[{"id":2919,"href":"https:\/\/wp.ufpel.edu.br\/nulab\/wp-json\/wp\/v2\/pages\/1772\/revisions\/2919"}],"up":[{"embeddable":true,"href":"https:\/\/wp.ufpel.edu.br\/nulab\/wp-json\/wp\/v2\/pages\/92"}],"wp:attachment":[{"href":"https:\/\/wp.ufpel.edu.br\/nulab\/wp-json\/wp\/v2\/media?parent=1772"}],"curies":[{"name":"wp","href":"https:\/\/api.w.org\/{rel}","templated":true}]}}