{"id":1770,"date":"2016-06-06T09:21:52","date_gmt":"2016-06-06T12:21:52","guid":{"rendered":"https:\/\/wp.ufpel.edu.br\/nulab\/?page_id=1770"},"modified":"2016-06-06T11:12:48","modified_gmt":"2016-06-06T14:12:48","slug":"musica-licenciatura","status":"publish","type":"page","link":"https:\/\/wp.ufpel.edu.br\/nulab\/ca\/musica-licenciatura\/","title":{"rendered":"M\u00fasica (Licenciatura)"},"content":{"rendered":"<p>&nbsp;<\/p>\n<p><a href=\"https:\/\/wp.ufpel.edu.br\/nulab\/ca\/laboratorio-de-etnomusicologia-discoteca\/\">Laborat\u00f3rio de Etnomusicologia\/Discoteca<\/a><\/p>\n<p><a href=\"https:\/\/wp.ufpel.edu.br\/nulab\/laboratorio-de-ensino-pesquisa-e-producao-em-antropologia-da-imagem-e-do-somleppais\/\">Laborat\u00f3rio de Ensino, Pesquisa e Produ\u00e7\u00e3o em Antropologia da Imagem e do Som (LEPPAIS)<\/a><\/p>\n","protected":false},"excerpt":{"rendered":"<p>&nbsp; Laborat\u00f3rio de Etnomusicologia\/Discoteca Laborat\u00f3rio de Ensino, Pesquisa e Produ\u00e7\u00e3o em Antropologia da Imagem e do Som (LEPPAIS)<\/p>\n","protected":false},"author":634,"featured_media":0,"parent":92,"menu_order":0,"comment_status":"closed","ping_status":"closed","template":"","meta":{"footnotes":""},"class_list":["post-1770","page","type-page","status-publish","hentry"],"_links":{"self":[{"href":"https:\/\/wp.ufpel.edu.br\/nulab\/wp-json\/wp\/v2\/pages\/1770","targetHints":{"allow":["GET"]}}],"collection":[{"href":"https:\/\/wp.ufpel.edu.br\/nulab\/wp-json\/wp\/v2\/pages"}],"about":[{"href":"https:\/\/wp.ufpel.edu.br\/nulab\/wp-json\/wp\/v2\/types\/page"}],"author":[{"embeddable":true,"href":"https:\/\/wp.ufpel.edu.br\/nulab\/wp-json\/wp\/v2\/users\/634"}],"replies":[{"embeddable":true,"href":"https:\/\/wp.ufpel.edu.br\/nulab\/wp-json\/wp\/v2\/comments?post=1770"}],"version-history":[{"count":4,"href":"https:\/\/wp.ufpel.edu.br\/nulab\/wp-json\/wp\/v2\/pages\/1770\/revisions"}],"predecessor-version":[{"id":1899,"href":"https:\/\/wp.ufpel.edu.br\/nulab\/wp-json\/wp\/v2\/pages\/1770\/revisions\/1899"}],"up":[{"embeddable":true,"href":"https:\/\/wp.ufpel.edu.br\/nulab\/wp-json\/wp\/v2\/pages\/92"}],"wp:attachment":[{"href":"https:\/\/wp.ufpel.edu.br\/nulab\/wp-json\/wp\/v2\/media?parent=1770"}],"curies":[{"name":"wp","href":"https:\/\/api.w.org\/{rel}","templated":true}]}}