{"id":1765,"date":"2016-06-06T09:21:44","date_gmt":"2016-06-06T12:21:44","guid":{"rendered":"https:\/\/wp.ufpel.edu.br\/nulab\/?page_id=1765"},"modified":"2016-09-30T08:33:52","modified_gmt":"2016-09-30T11:33:52","slug":"ciencias-musicais","status":"publish","type":"page","link":"https:\/\/wp.ufpel.edu.br\/nulab\/ca\/ciencias-musicais\/","title":{"rendered":"Ci\u00eancias Musicais"},"content":{"rendered":"<p><a href=\"https:\/\/wp.ufpel.edu.br\/nulab\/laboratorio-de-teclados\/\">Laborat\u00f3rio de Teclados<\/a><\/p>\n<p><a href=\"https:\/\/wp.ufpel.edu.br\/nulab\/lamp\/\">Laborat\u00f3rio de M\u00fasica Popular (LAMP)<\/a><\/p>\n<p><a href=\"https:\/\/wp.ufpel.edu.br\/nulab\/ca\/laboratorio-de-etnomusicologia-discoteca\/\">Laborat\u00f3rio de Etnomusicologia\/Discoteca<\/a><\/p>\n<p><a href=\"https:\/\/wp.ufpel.edu.br\/nulab\/ca\/laboratorio-de-composicao-musical-labcomp\/\">Laborat\u00f3rio de Composi\u00e7\u00e3o Musical (LABCOMP)<\/a><\/p>\n<p><a href=\"https:\/\/wp.ufpel.edu.br\/nulab\/lcm\/\">Laborat\u00f3rio de Ci\u00eancias Musicais &#8211; Centro de Documenta\u00e7\u00e3o Musical da UFPEL (LCM)<\/a><\/p>\n<p>&nbsp;<\/p>\n","protected":false},"excerpt":{"rendered":"<p>Laborat\u00f3rio de Teclados Laborat\u00f3rio de M\u00fasica Popular (LAMP) Laborat\u00f3rio de Etnomusicologia\/Discoteca Laborat\u00f3rio de Composi\u00e7\u00e3o Musical (LABCOMP) Laborat\u00f3rio de Ci\u00eancias Musicais &#8211; Centro de Documenta\u00e7\u00e3o Musical da UFPEL (LCM) &nbsp;<\/p>\n","protected":false},"author":634,"featured_media":0,"parent":92,"menu_order":0,"comment_status":"closed","ping_status":"closed","template":"","meta":{"footnotes":""},"class_list":["post-1765","page","type-page","status-publish","hentry"],"_links":{"self":[{"href":"https:\/\/wp.ufpel.edu.br\/nulab\/wp-json\/wp\/v2\/pages\/1765","targetHints":{"allow":["GET"]}}],"collection":[{"href":"https:\/\/wp.ufpel.edu.br\/nulab\/wp-json\/wp\/v2\/pages"}],"about":[{"href":"https:\/\/wp.ufpel.edu.br\/nulab\/wp-json\/wp\/v2\/types\/page"}],"author":[{"embeddable":true,"href":"https:\/\/wp.ufpel.edu.br\/nulab\/wp-json\/wp\/v2\/users\/634"}],"replies":[{"embeddable":true,"href":"https:\/\/wp.ufpel.edu.br\/nulab\/wp-json\/wp\/v2\/comments?post=1765"}],"version-history":[{"count":4,"href":"https:\/\/wp.ufpel.edu.br\/nulab\/wp-json\/wp\/v2\/pages\/1765\/revisions"}],"predecessor-version":[{"id":2921,"href":"https:\/\/wp.ufpel.edu.br\/nulab\/wp-json\/wp\/v2\/pages\/1765\/revisions\/2921"}],"up":[{"embeddable":true,"href":"https:\/\/wp.ufpel.edu.br\/nulab\/wp-json\/wp\/v2\/pages\/92"}],"wp:attachment":[{"href":"https:\/\/wp.ufpel.edu.br\/nulab\/wp-json\/wp\/v2\/media?parent=1765"}],"curies":[{"name":"wp","href":"https:\/\/api.w.org\/{rel}","templated":true}]}}