{"id":1756,"date":"2016-06-02T11:44:56","date_gmt":"2016-06-02T14:44:56","guid":{"rendered":"https:\/\/wp.ufpel.edu.br\/nulab\/?page_id=1756"},"modified":"2016-06-06T09:38:10","modified_gmt":"2016-06-06T12:38:10","slug":"danca-licenciatura","status":"publish","type":"page","link":"https:\/\/wp.ufpel.edu.br\/nulab\/ca\/danca-licenciatura\/","title":{"rendered":"Dan\u00e7a (Licenciatura)"},"content":{"rendered":"<p><a href=\"https:\/\/wp.ufpel.edu.br\/nulab\/lac\/\">Laborat\u00f3rio de Cria\u00e7\u00e3o e Cena (LAC)<\/a><\/p>\n<p><a href=\"https:\/\/wp.ufpel.edu.br\/nulab\/lecom\">Laborat\u00f3rio de Estudos de Composi\u00e7\u00e3o Coreogr\u00e1fica (LECOM)<\/a><\/p>\n<p><a href=\"https:\/\/wp.ufpel.edu.br\/nulab\/laboratorio-de-estudos-do-espetaculo\/\">Laborat\u00f3rio de Estudos do Espet\u00e1culo<\/a><\/p>\n<p><a href=\"https:\/\/wp.ufpel.edu.br\/nulab\/lapac\/\">Laborat\u00f3rio de Pesquisa em Artes C\u00eanicas (LAPAC)<\/a><\/p>\n<p><a href=\"https:\/\/wp.ufpel.edu.br\/nulab\/lita\">Laborat\u00f3rio Interdisciplinar e Transversal de Artes (LITA)<\/a><\/p>\n","protected":false},"excerpt":{"rendered":"<p>Laborat\u00f3rio de Cria\u00e7\u00e3o e Cena (LAC) Laborat\u00f3rio de Estudos de Composi\u00e7\u00e3o Coreogr\u00e1fica (LECOM) Laborat\u00f3rio de Estudos do Espet\u00e1culo Laborat\u00f3rio de Pesquisa em Artes C\u00eanicas (LAPAC) Laborat\u00f3rio Interdisciplinar e Transversal de Artes (LITA)<\/p>\n","protected":false},"author":634,"featured_media":0,"parent":92,"menu_order":0,"comment_status":"closed","ping_status":"closed","template":"","meta":{"footnotes":""},"class_list":["post-1756","page","type-page","status-publish","hentry"],"_links":{"self":[{"href":"https:\/\/wp.ufpel.edu.br\/nulab\/wp-json\/wp\/v2\/pages\/1756","targetHints":{"allow":["GET"]}}],"collection":[{"href":"https:\/\/wp.ufpel.edu.br\/nulab\/wp-json\/wp\/v2\/pages"}],"about":[{"href":"https:\/\/wp.ufpel.edu.br\/nulab\/wp-json\/wp\/v2\/types\/page"}],"author":[{"embeddable":true,"href":"https:\/\/wp.ufpel.edu.br\/nulab\/wp-json\/wp\/v2\/users\/634"}],"replies":[{"embeddable":true,"href":"https:\/\/wp.ufpel.edu.br\/nulab\/wp-json\/wp\/v2\/comments?post=1756"}],"version-history":[{"count":3,"href":"https:\/\/wp.ufpel.edu.br\/nulab\/wp-json\/wp\/v2\/pages\/1756\/revisions"}],"predecessor-version":[{"id":1781,"href":"https:\/\/wp.ufpel.edu.br\/nulab\/wp-json\/wp\/v2\/pages\/1756\/revisions\/1781"}],"up":[{"embeddable":true,"href":"https:\/\/wp.ufpel.edu.br\/nulab\/wp-json\/wp\/v2\/pages\/92"}],"wp:attachment":[{"href":"https:\/\/wp.ufpel.edu.br\/nulab\/wp-json\/wp\/v2\/media?parent=1756"}],"curies":[{"name":"wp","href":"https:\/\/api.w.org\/{rel}","templated":true}]}}