{"id":38,"date":"2019-05-29T13:31:07","date_gmt":"2019-05-29T16:31:07","guid":{"rendered":"https:\/\/wp.ufpel.edu.br\/nugen\/?page_id=38"},"modified":"2026-04-15T08:00:42","modified_gmt":"2026-04-15T11:00:42","slug":"equipe-de-trabalho","status":"publish","type":"page","link":"https:\/\/wp.ufpel.edu.br\/nugen\/equipe-de-trabalho\/","title":{"rendered":"Equipe de trabalho"},"content":{"rendered":"<p>A Coordena\u00e7\u00e3o de Diversidade e G\u00eanero, \u00e9 coordenada atualmente por Raquel Silveira Dias.<\/p>\n<p>Tamb\u00e9m conta com uma t\u00e9cnica-administrativa, Caroline Silveira e uma bolsista administrativa, Ester Radman, al\u00e9m das volunt\u00e1rias Bruna Andrade do curso de Direito e Yasmin Maio do curso de Geografia.<\/p>\n<p>A equipe Codigen \u00e9 formada por colaboradoras e colaboradores discentes de v\u00e1rios cursos de gradua\u00e7\u00e3o, al\u00e9m das suas parcerias com os coletivos e movimentos sociais, incluindo as representa\u00e7\u00f5es de conselhos municipais e estaduais que atuam nos campos de g\u00eanero e diversidade sexual.<\/p>\n","protected":false},"excerpt":{"rendered":"<p>A Coordena\u00e7\u00e3o de Diversidade e G\u00eanero, \u00e9 coordenada atualmente por Raquel Silveira Dias. Tamb\u00e9m conta com uma t\u00e9cnica-administrativa, Caroline Silveira e uma bolsista administrativa, Ester Radman, al\u00e9m das volunt\u00e1rias Bruna Andrade do curso de Direito e Yasmin Maio do curso&#8230; <a class=\"more-link\" href=\"https:\/\/wp.ufpel.edu.br\/nugen\/equipe-de-trabalho\/\">Continue lendo &rarr;<\/a><\/p>\n","protected":false},"author":801,"featured_media":0,"parent":0,"menu_order":0,"comment_status":"closed","ping_status":"closed","template":"","meta":{"footnotes":""},"class_list":["post-38","page","type-page","status-publish","hentry"],"_links":{"self":[{"href":"https:\/\/wp.ufpel.edu.br\/nugen\/wp-json\/wp\/v2\/pages\/38","targetHints":{"allow":["GET"]}}],"collection":[{"href":"https:\/\/wp.ufpel.edu.br\/nugen\/wp-json\/wp\/v2\/pages"}],"about":[{"href":"https:\/\/wp.ufpel.edu.br\/nugen\/wp-json\/wp\/v2\/types\/page"}],"author":[{"embeddable":true,"href":"https:\/\/wp.ufpel.edu.br\/nugen\/wp-json\/wp\/v2\/users\/801"}],"replies":[{"embeddable":true,"href":"https:\/\/wp.ufpel.edu.br\/nugen\/wp-json\/wp\/v2\/comments?post=38"}],"version-history":[{"count":4,"href":"https:\/\/wp.ufpel.edu.br\/nugen\/wp-json\/wp\/v2\/pages\/38\/revisions"}],"predecessor-version":[{"id":1185,"href":"https:\/\/wp.ufpel.edu.br\/nugen\/wp-json\/wp\/v2\/pages\/38\/revisions\/1185"}],"wp:attachment":[{"href":"https:\/\/wp.ufpel.edu.br\/nugen\/wp-json\/wp\/v2\/media?parent=38"}],"curies":[{"name":"wp","href":"https:\/\/api.w.org\/{rel}","templated":true}]}}