{"id":32,"date":"2019-05-29T13:16:22","date_gmt":"2019-05-29T16:16:22","guid":{"rendered":"https:\/\/wp.ufpel.edu.br\/nugen\/?page_id=32"},"modified":"2026-03-24T10:41:20","modified_gmt":"2026-03-24T13:41:20","slug":"missao","status":"publish","type":"page","link":"https:\/\/wp.ufpel.edu.br\/nugen\/missao\/","title":{"rendered":"Miss\u00e3o"},"content":{"rendered":"<p style=\"text-align: justify;\">A constru\u00e7\u00e3o de pol\u00edticas afirmativas e institucionais nos campos de g\u00eanero e diversidade sexual, qualificando as rela\u00e7\u00f5es humanas da comunidade UFPel. Assim,\u00a0 a Codigen atua na acolhida, na media\u00e7\u00e3o e no encaminhamento de demandas da vida universit\u00e1ria, realizando um trabalho baseado na escuta e no di\u00e1logo, valorizando e defendendo as diferen\u00e7as como um direito institucional &#8211; um direito que, sem d\u00favida, \u00e9 fundamental na produ\u00e7\u00e3o do ensino, da pesquisa e da extens\u00e3o na UFPel.<\/p>\n","protected":false},"excerpt":{"rendered":"<p>A constru\u00e7\u00e3o de pol\u00edticas afirmativas e institucionais nos campos de g\u00eanero e diversidade sexual, qualificando as rela\u00e7\u00f5es humanas da comunidade UFPel. Assim,\u00a0 a Codigen atua na acolhida, na media\u00e7\u00e3o e no encaminhamento de demandas da vida universit\u00e1ria, realizando um trabalho&#8230; <a class=\"more-link\" href=\"https:\/\/wp.ufpel.edu.br\/nugen\/missao\/\">Continue lendo &rarr;<\/a><\/p>\n","protected":false},"author":801,"featured_media":0,"parent":0,"menu_order":0,"comment_status":"closed","ping_status":"closed","template":"","meta":{"footnotes":""},"class_list":["post-32","page","type-page","status-publish","hentry"],"_links":{"self":[{"href":"https:\/\/wp.ufpel.edu.br\/nugen\/wp-json\/wp\/v2\/pages\/32","targetHints":{"allow":["GET"]}}],"collection":[{"href":"https:\/\/wp.ufpel.edu.br\/nugen\/wp-json\/wp\/v2\/pages"}],"about":[{"href":"https:\/\/wp.ufpel.edu.br\/nugen\/wp-json\/wp\/v2\/types\/page"}],"author":[{"embeddable":true,"href":"https:\/\/wp.ufpel.edu.br\/nugen\/wp-json\/wp\/v2\/users\/801"}],"replies":[{"embeddable":true,"href":"https:\/\/wp.ufpel.edu.br\/nugen\/wp-json\/wp\/v2\/comments?post=32"}],"version-history":[{"count":3,"href":"https:\/\/wp.ufpel.edu.br\/nugen\/wp-json\/wp\/v2\/pages\/32\/revisions"}],"predecessor-version":[{"id":1158,"href":"https:\/\/wp.ufpel.edu.br\/nugen\/wp-json\/wp\/v2\/pages\/32\/revisions\/1158"}],"wp:attachment":[{"href":"https:\/\/wp.ufpel.edu.br\/nugen\/wp-json\/wp\/v2\/media?parent=32"}],"curies":[{"name":"wp","href":"https:\/\/api.w.org\/{rel}","templated":true}]}}