{"id":122,"date":"2019-05-29T14:02:29","date_gmt":"2019-05-29T17:02:29","guid":{"rendered":"https:\/\/wp.ufpel.edu.br\/nugen\/?page_id=122"},"modified":"2026-03-24T10:52:22","modified_gmt":"2026-03-24T13:52:22","slug":"contato","status":"publish","type":"page","link":"https:\/\/wp.ufpel.edu.br\/nugen\/contato\/","title":{"rendered":"Endere\u00e7o e contato"},"content":{"rendered":"<p><strong>Endere\u00e7o:<\/strong> Campus Anglo, 4\u00ba andar, sala 402A.<\/p>\n<p><strong>Hor\u00e1rio de Atendimento<\/strong>: 08h \u00e0s 12h e das 14h \u00e0s 18h<\/p>\n<p><strong>E-mail:<\/strong> codigen@ufpel.edu.br<\/p>\n<p><strong>Instagram:<\/strong> @codigen_diversidade.genero<\/p>\n","protected":false},"excerpt":{"rendered":"<p>Endere\u00e7o: Campus Anglo, 4\u00ba andar, sala 402A. Hor\u00e1rio de Atendimento: 08h \u00e0s 12h e das 14h \u00e0s 18h E-mail: codigen@ufpel.edu.br Instagram: @codigen_diversidade.genero<\/p>\n","protected":false},"author":801,"featured_media":0,"parent":0,"menu_order":0,"comment_status":"closed","ping_status":"closed","template":"","meta":{"footnotes":""},"class_list":["post-122","page","type-page","status-publish","hentry"],"_links":{"self":[{"href":"https:\/\/wp.ufpel.edu.br\/nugen\/wp-json\/wp\/v2\/pages\/122","targetHints":{"allow":["GET"]}}],"collection":[{"href":"https:\/\/wp.ufpel.edu.br\/nugen\/wp-json\/wp\/v2\/pages"}],"about":[{"href":"https:\/\/wp.ufpel.edu.br\/nugen\/wp-json\/wp\/v2\/types\/page"}],"author":[{"embeddable":true,"href":"https:\/\/wp.ufpel.edu.br\/nugen\/wp-json\/wp\/v2\/users\/801"}],"replies":[{"embeddable":true,"href":"https:\/\/wp.ufpel.edu.br\/nugen\/wp-json\/wp\/v2\/comments?post=122"}],"version-history":[{"count":3,"href":"https:\/\/wp.ufpel.edu.br\/nugen\/wp-json\/wp\/v2\/pages\/122\/revisions"}],"predecessor-version":[{"id":1165,"href":"https:\/\/wp.ufpel.edu.br\/nugen\/wp-json\/wp\/v2\/pages\/122\/revisions\/1165"}],"wp:attachment":[{"href":"https:\/\/wp.ufpel.edu.br\/nugen\/wp-json\/wp\/v2\/media?parent=122"}],"curies":[{"name":"wp","href":"https:\/\/api.w.org\/{rel}","templated":true}]}}