{"id":1043,"date":"2024-07-11T16:15:44","date_gmt":"2024-07-11T19:15:44","guid":{"rendered":"https:\/\/wp.ufpel.edu.br\/nugen\/?page_id=1043"},"modified":"2026-03-24T10:54:13","modified_gmt":"2026-03-24T13:54:13","slug":"codin","status":"publish","type":"page","link":"https:\/\/wp.ufpel.edu.br\/nugen\/codin\/","title":{"rendered":"PROAFE"},"content":{"rendered":"<h3>Compete \u00e0 Proafe<\/h3>\n<ul>\n<li>Estabelecer pol\u00edticas e diretrizes na consolida\u00e7\u00e3o de a\u00e7\u00f5es na comunidade universit\u00e1ria em rela\u00e7\u00e3o \u00e0s cotas no ingresso e perman\u00eancia no ensino superior, em cursos de gradua\u00e7\u00e3o e p\u00f3s-gradua\u00e7\u00e3o e nas cotas no ingresso nos cargos de servidores da UFPel, conforme a legisla\u00e7\u00e3o vigente;<\/li>\n<li>Desenvolver estrat\u00e9gias pol\u00edticas na institui\u00e7\u00e3o para o acompanhamento dos grupos de alunos cotistas e servidores efetivados pelas pol\u00edticas de a\u00e7\u00e3o afirmativa, mediante o levantamento de dados diversos e o incentivo de oferta de pol\u00edticas institucionais a serem mobilizadas por \u00f3rg\u00e3os e agentes p\u00fablicos da IES e da sociedade em geral;<\/li>\n<li>Desenvolver, de forma articulada com toda a IES, a\u00e7\u00f5es para sensibiliza\u00e7\u00e3o e mobiliza\u00e7\u00e3o da comunidade universit\u00e1ria para a conviv\u00eancia com as diversas realidades presentes na diversidade social (correlacionadas \u00e0 g\u00eanero e sexualidade, \u00e0 etnia, \u00e0 tradi\u00e7\u00e3o das culturas e \u00e0 vulnerabilidade socioecon\u00f4mica) com foco nas diretrizes de uma discrimina\u00e7\u00e3o positiva, em todos os segmentos universit\u00e1rios e em conjunto com a comunidade envolvente;<\/li>\n<li>Fomentar e consolidar o cuidado e atua\u00e7\u00e3o no campo da acessibilidade f\u00edsica e psicol\u00f3gica das pessoas integrantes da Universidade, propiciando sua conviv\u00eancia integrada na comunidade universit\u00e1ria;<\/li>\n<li>Assessorar \u00f3rg\u00e3os diversos no planejamento e na programa\u00e7\u00e3o de a\u00e7\u00f5es que apontem para a aten\u00e7\u00e3o \u00e0 viv\u00eancia da diversidade na Universidade.<\/li>\n<\/ul>\n<p>A <b>PROAFE est\u00e1 dividida entre 3 coordena\u00e7\u00f5es<\/b>:<\/p>\n<ul>\n<li><strong>CODIGEN<\/strong>\u00a0\u2013 N\u00facleo de G\u00eanero e Diversidade<\/li>\n<li><strong>COACE<\/strong>\u00a0\u2013 N\u00facleo de Acessibilidade e Inclus\u00e3o<\/li>\n<li><strong>COERER<\/strong> &#8211; Coordena\u00e7\u00e3o de Rela\u00e7\u00f5es \u00c9tnico Raciais<\/li>\n<\/ul>\n<p>&nbsp;<\/p>\n","protected":false},"excerpt":{"rendered":"<p>Compete \u00e0 Proafe Estabelecer pol\u00edticas e diretrizes na consolida\u00e7\u00e3o de a\u00e7\u00f5es na comunidade universit\u00e1ria em rela\u00e7\u00e3o \u00e0s cotas no ingresso e perman\u00eancia no ensino superior, em cursos de gradua\u00e7\u00e3o e p\u00f3s-gradua\u00e7\u00e3o e nas cotas no ingresso nos cargos de servidores&#8230; <a class=\"more-link\" href=\"https:\/\/wp.ufpel.edu.br\/nugen\/codin\/\">Continue lendo &rarr;<\/a><\/p>\n","protected":false},"author":801,"featured_media":0,"parent":0,"menu_order":0,"comment_status":"closed","ping_status":"closed","template":"","meta":{"footnotes":""},"class_list":["post-1043","page","type-page","status-publish","hentry"],"_links":{"self":[{"href":"https:\/\/wp.ufpel.edu.br\/nugen\/wp-json\/wp\/v2\/pages\/1043","targetHints":{"allow":["GET"]}}],"collection":[{"href":"https:\/\/wp.ufpel.edu.br\/nugen\/wp-json\/wp\/v2\/pages"}],"about":[{"href":"https:\/\/wp.ufpel.edu.br\/nugen\/wp-json\/wp\/v2\/types\/page"}],"author":[{"embeddable":true,"href":"https:\/\/wp.ufpel.edu.br\/nugen\/wp-json\/wp\/v2\/users\/801"}],"replies":[{"embeddable":true,"href":"https:\/\/wp.ufpel.edu.br\/nugen\/wp-json\/wp\/v2\/comments?post=1043"}],"version-history":[{"count":2,"href":"https:\/\/wp.ufpel.edu.br\/nugen\/wp-json\/wp\/v2\/pages\/1043\/revisions"}],"predecessor-version":[{"id":1166,"href":"https:\/\/wp.ufpel.edu.br\/nugen\/wp-json\/wp\/v2\/pages\/1043\/revisions\/1166"}],"wp:attachment":[{"href":"https:\/\/wp.ufpel.edu.br\/nugen\/wp-json\/wp\/v2\/media?parent=1043"}],"curies":[{"name":"wp","href":"https:\/\/api.w.org\/{rel}","templated":true}]}}