{"id":164,"date":"2015-10-26T17:31:20","date_gmt":"2015-10-26T19:31:20","guid":{"rendered":"https:\/\/wp.ufpel.edu.br\/nufolk\/?page_id=164"},"modified":"2017-03-22T13:46:02","modified_gmt":"2017-03-22T16:46:02","slug":"acervo","status":"publish","type":"page","link":"https:\/\/wp.ufpel.edu.br\/nufolk\/acervo\/","title":{"rendered":"Acervo"},"content":{"rendered":"<p>Os livros do acervo do N\u00facleo de Folclore est\u00e3o dispon\u00edveis ao p\u00fablico para consulta local.<br \/>\nMais informa\u00e7\u00f5es e agendamento pelo email: nufolk@ufpel.edu.br<\/p>\n\n","protected":false},"excerpt":{"rendered":"<p>Os livros do acervo do N\u00facleo de Folclore est\u00e3o dispon\u00edveis ao p\u00fablico para consulta local. Mais informa\u00e7\u00f5es e agendamento pelo email: nufolk@ufpel.edu.br<\/p>\n","protected":false},"author":543,"featured_media":0,"parent":0,"menu_order":0,"comment_status":"closed","ping_status":"closed","template":"","meta":{"jetpack_post_was_ever_published":false,"footnotes":""},"class_list":["post-164","page","type-page","status-publish","hentry","nodate","item-wrap"],"jetpack_sharing_enabled":true,"jetpack_shortlink":"https:\/\/wp.me\/P6KvqY-2E","_links":{"self":[{"href":"https:\/\/wp.ufpel.edu.br\/nufolk\/wp-json\/wp\/v2\/pages\/164","targetHints":{"allow":["GET"]}}],"collection":[{"href":"https:\/\/wp.ufpel.edu.br\/nufolk\/wp-json\/wp\/v2\/pages"}],"about":[{"href":"https:\/\/wp.ufpel.edu.br\/nufolk\/wp-json\/wp\/v2\/types\/page"}],"author":[{"embeddable":true,"href":"https:\/\/wp.ufpel.edu.br\/nufolk\/wp-json\/wp\/v2\/users\/543"}],"replies":[{"embeddable":true,"href":"https:\/\/wp.ufpel.edu.br\/nufolk\/wp-json\/wp\/v2\/comments?post=164"}],"version-history":[{"count":4,"href":"https:\/\/wp.ufpel.edu.br\/nufolk\/wp-json\/wp\/v2\/pages\/164\/revisions"}],"predecessor-version":[{"id":760,"href":"https:\/\/wp.ufpel.edu.br\/nufolk\/wp-json\/wp\/v2\/pages\/164\/revisions\/760"}],"wp:attachment":[{"href":"https:\/\/wp.ufpel.edu.br\/nufolk\/wp-json\/wp\/v2\/media?parent=164"}],"curies":[{"name":"wp","href":"https:\/\/api.w.org\/{rel}","templated":true}]}}