{"id":135,"date":"2015-10-01T20:49:25","date_gmt":"2015-10-01T23:49:25","guid":{"rendered":"https:\/\/wp.ufpel.edu.br\/nufolk\/?page_id=135"},"modified":"2020-08-11T14:29:03","modified_gmt":"2020-08-11T17:29:03","slug":"eventos","status":"publish","type":"page","link":"https:\/\/wp.ufpel.edu.br\/nufolk\/eventos\/","title":{"rendered":"Eventos"},"content":{"rendered":"<p style=\"text-align: justify\"><strong>Semana do Folclore<\/strong><\/p>\n<p style=\"text-align: justify\">A Semana do Folclore \u00e9 um evento anual promovido pelo NUFOLK &#8211; N\u00facleo de Folclore da UFPel em comemora\u00e7\u00e3o ao Dia Internacional do Folclore (22\/08). Esse evento conta com o envolvimento de centenas de pessoas entre organizadores e ouvintes, participando de dezenas de atividades entre oficinas, rodas de conversas, aulas abertas e webconfer\u00eancias durante esses anos.<\/p>\n<p style=\"text-align: justify\"><strong>Encontro dos Pesquisadores de Culturas Populares<\/strong><\/p>\n<p style=\"text-align: justify\">Realizado pelo N\u00facleo de Folclore e pelo grupo de pesquisas Observat\u00f3rio de Culturas Populares da UFPel tem como principal objetivo colocar em contato pesquisadores de Artes Populares do Rio Grande do Sul para fomentar uma rede de pesquisadores sobre o tema.<\/p>\n<p style=\"text-align: justify\"><strong>FIFAP<\/strong><\/p>\n<p style=\"text-align: justify\">O FIFAP \u00e9 um encontro cultural de folclore, n\u00e3o competitivo, com\u00a0 dan\u00e7arinos convidados de companhias de dan\u00e7a folcl\u00f3rica de pa\u00edses sul-americanos . \u00c9 uma a\u00e7\u00e3o de impacto cultural, social, tur\u00edstico e educativo extremamente relevante, chegando a um enorme n\u00famero de pessoas de forma direta com o espet\u00e1culo e oficinas e indireta atrav\u00e9s das diferentes estrat\u00e9gias de promo\u00e7\u00e3o e difus\u00e3o. A iniciativa \u00e9 do prof. Gustavo Verno, do Uruguai, que iniciou a organizar o Encontro com seus bailarinos do Ballet Folcl\u00f3rico del Plata, e com o tempo, seu trabalho foi evoluindo e relacionado-se a diferentes institui\u00e7\u00f5es e adquirindo abrang\u00eancia internacional. Este evento, que integra um circuito internacional que envolve tamb\u00e9m Argentina e Uruguai no Brasil \u00e9 promovido pelo Instituto Federal Sul-Rio-Grandense \u2013 Campus Pelotas e pela Universidade Federal de Pelotas com apoio da Prefeitura Municipal de Pelotas, atrav\u00e9s das Secretarias de Desenvolvimento Econ\u00f4mico e Turismo e de Cultura, al\u00e9m de diversos outros apoiadores e parceiros.<\/p>\n","protected":false},"excerpt":{"rendered":"<p>Semana do Folclore A Semana do Folclore \u00e9 um evento anual promovido pelo NUFOLK &#8211; N\u00facleo de Folclore da UFPel em comemora\u00e7\u00e3o ao Dia Internacional do Folclore (22\/08). Esse evento conta com o envolvimento de centenas de pessoas entre organizadores &hellip; <a href=\"https:\/\/wp.ufpel.edu.br\/nufolk\/eventos\/\">Continue lendo <span class=\"meta-nav\">&rarr;<\/span><\/a><\/p>\n","protected":false},"author":543,"featured_media":0,"parent":0,"menu_order":0,"comment_status":"closed","ping_status":"closed","template":"","meta":{"jetpack_post_was_ever_published":false,"footnotes":""},"class_list":["post-135","page","type-page","status-publish","hentry"],"jetpack_sharing_enabled":true,"jetpack_shortlink":"https:\/\/wp.me\/P6KvqY-2b","_links":{"self":[{"href":"https:\/\/wp.ufpel.edu.br\/nufolk\/wp-json\/wp\/v2\/pages\/135","targetHints":{"allow":["GET"]}}],"collection":[{"href":"https:\/\/wp.ufpel.edu.br\/nufolk\/wp-json\/wp\/v2\/pages"}],"about":[{"href":"https:\/\/wp.ufpel.edu.br\/nufolk\/wp-json\/wp\/v2\/types\/page"}],"author":[{"embeddable":true,"href":"https:\/\/wp.ufpel.edu.br\/nufolk\/wp-json\/wp\/v2\/users\/543"}],"replies":[{"embeddable":true,"href":"https:\/\/wp.ufpel.edu.br\/nufolk\/wp-json\/wp\/v2\/comments?post=135"}],"version-history":[{"count":5,"href":"https:\/\/wp.ufpel.edu.br\/nufolk\/wp-json\/wp\/v2\/pages\/135\/revisions"}],"predecessor-version":[{"id":1302,"href":"https:\/\/wp.ufpel.edu.br\/nufolk\/wp-json\/wp\/v2\/pages\/135\/revisions\/1302"}],"wp:attachment":[{"href":"https:\/\/wp.ufpel.edu.br\/nufolk\/wp-json\/wp\/v2\/media?parent=135"}],"curies":[{"name":"wp","href":"https:\/\/api.w.org\/{rel}","templated":true}]}}