{"id":131,"date":"2015-10-01T20:44:26","date_gmt":"2015-10-01T23:44:26","guid":{"rendered":"https:\/\/wp.ufpel.edu.br\/nufolk\/?page_id=131"},"modified":"2020-05-25T16:00:23","modified_gmt":"2020-05-25T19:00:23","slug":"parceiros","status":"publish","type":"page","link":"https:\/\/wp.ufpel.edu.br\/nufolk\/parceiros\/","title":{"rendered":"Parceiros"},"content":{"rendered":"<p><img data-recalc-dims=\"1\" loading=\"lazy\" decoding=\"async\" data-attachment-id=\"1254\" data-permalink=\"https:\/\/wp.ufpel.edu.br\/nufolk\/parceiros\/abrasoffa\/\" data-orig-file=\"https:\/\/i0.wp.com\/wp.ufpel.edu.br\/nufolk\/files\/2020\/05\/abrasoffa.jpg?fit=235%2C178&amp;ssl=1\" data-orig-size=\"235,178\" data-comments-opened=\"0\" data-image-meta=\"{&quot;aperture&quot;:&quot;0&quot;,&quot;credit&quot;:&quot;&quot;,&quot;camera&quot;:&quot;&quot;,&quot;caption&quot;:&quot;&quot;,&quot;created_timestamp&quot;:&quot;0&quot;,&quot;copyright&quot;:&quot;&quot;,&quot;focal_length&quot;:&quot;0&quot;,&quot;iso&quot;:&quot;0&quot;,&quot;shutter_speed&quot;:&quot;0&quot;,&quot;title&quot;:&quot;&quot;,&quot;orientation&quot;:&quot;0&quot;}\" data-image-title=\"abrasoffa\" data-image-description=\"\" data-image-caption=\"\" data-medium-file=\"https:\/\/i0.wp.com\/wp.ufpel.edu.br\/nufolk\/files\/2020\/05\/abrasoffa.jpg?fit=235%2C178&amp;ssl=1\" data-large-file=\"https:\/\/i0.wp.com\/wp.ufpel.edu.br\/nufolk\/files\/2020\/05\/abrasoffa.jpg?fit=235%2C178&amp;ssl=1\" class=\"aligncenter size-full wp-image-1254\" src=\"https:\/\/i0.wp.com\/wp.ufpel.edu.br\/nufolk\/files\/2020\/05\/abrasoffa.jpg?resize=235%2C178&#038;ssl=1\" alt=\"\" width=\"235\" height=\"178\" \/><\/p>\n<p>Associa\u00e7\u00e3o Brasileira dos Organizadores de Festivais de Folclore e Artes Populares \u00e9 uma Organiza\u00e7\u00e3o N\u00e3o Governamental, sem fins lucrativos que desenvolve projetos voltados \u00e0 recupera\u00e7\u00e3o e preserva\u00e7\u00e3o da Cultura. O objetivo da ABrasOFFA &#8211; ONG \u00e9 de congregar o maior n\u00famero poss\u00edvel de entidades, organiza\u00e7\u00f5es, eventos, grupos e pessoas envolvidos no mundo do Folclore e Artes Populares em nosso pa\u00eds. A ABrasOFFA \u00e9 parceira do N\u00facleo de Folclore da UFPel &#8211; NUFOLK para a\u00e7\u00f5es e projetos em prol das artes populares, da cultura e do folclore.<\/p>\n<p><strong>Facebook:<\/strong> https:\/\/pt-br.facebook.com\/abrasoffa<\/p>\n<p><strong>Website:<\/strong> http:\/\/www.abrasoffa.org.br\/<\/p>\n<p>&nbsp;<\/p>\n<p><strong>Mapeamento arqueol\u00f3gico e cultural dos objetos, lugares, manifesta\u00e7\u00f5es e pessoas de refer\u00eancia \u00e0s sociedades tradicionais ind\u00edgenas e afro-brasileiras na regi\u00e3o sul do Estado do Rio Grande do Sul<\/strong><\/p>\n<p style=\"text-align: justify\"><strong>Nome do Coordenador:<\/strong> Cl\u00e1udio Baptista Carle<br \/>\n<strong>Descri\u00e7\u00e3o:<\/strong> O que pretendemos com este mapeamento \u00e9 identificar com clareza como os lugares descri\u00e7\u00e3o etnogr\u00e1fica, privilegiando os elementos considerados relevantes pelos pr\u00f3prios agentes das comunidades pesquisadas a fim de que possam manusear equipamentos, que permitam tomadas de pontos e coordenadas geogr\u00e1ficas, capazes de delimitar \u00e1reas e situa\u00e7\u00f5es de uso dos recursos naturais que referem-se \u00e0s formas de uso definidas pelas pr\u00f3prias comunidades tradicionais ou \u00e0quelas em torno das quais elas se mostram favor\u00e1veis.<br \/>\n<strong>Contato:<\/strong> cbcarle@yahoo.com.br<\/p>\n<hr \/>\n<p><strong>Cinema Vocal<\/strong><\/p>\n<div class=\"tiled-gallery type-rectangular tiled-gallery-unresized\" data-original-width=\"640\" data-carousel-extra='{&quot;blog_id&quot;:540,&quot;permalink&quot;:&quot;https:\\\/\\\/wp.ufpel.edu.br\\\/nufolk\\\/parceiros\\\/&quot;,&quot;likes_blog_id&quot;:99741940}' itemscope itemtype=\"http:\/\/schema.org\/ImageGallery\" > <div class=\"gallery-row\" style=\"width: 640px; height: 182px;\" data-original-width=\"640\" data-original-height=\"182\" > <div class=\"gallery-group images-1\" style=\"width: 320px; height: 182px;\" data-original-width=\"320\" data-original-height=\"182\" > <div class=\"tiled-gallery-item tiled-gallery-item-large\" itemprop=\"associatedMedia\" itemscope itemtype=\"http:\/\/schema.org\/ImageObject\"> <meta itemprop=\"width\" content=\"316\"> <meta itemprop=\"height\" content=\"178\"> <img decoding=\"async\" class=\"\" data-attachment-id=\"237\" data-orig-file=\"https:\/\/wp.ufpel.edu.br\/nufolk\/files\/2015\/10\/cinemavocal0.jpg\" data-orig-size=\"600,338\" data-comments-opened=\"\" data-image-meta=\"{&quot;aperture&quot;:&quot;0&quot;,&quot;credit&quot;:&quot;&quot;,&quot;camera&quot;:&quot;&quot;,&quot;caption&quot;:&quot;&quot;,&quot;created_timestamp&quot;:&quot;0&quot;,&quot;copyright&quot;:&quot;&quot;,&quot;focal_length&quot;:&quot;0&quot;,&quot;iso&quot;:&quot;0&quot;,&quot;shutter_speed&quot;:&quot;0&quot;,&quot;title&quot;:&quot;&quot;,&quot;orientation&quot;:&quot;0&quot;}\" data-image-title=\"cinemavocal0\" data-image-description=\"\" data-medium-file=\"https:\/\/i0.wp.com\/wp.ufpel.edu.br\/nufolk\/files\/2015\/10\/cinemavocal0.jpg?fit=400%2C225&#038;ssl=1\" data-large-file=\"https:\/\/i0.wp.com\/wp.ufpel.edu.br\/nufolk\/files\/2015\/10\/cinemavocal0.jpg?fit=600%2C220&#038;ssl=1\" src=\"https:\/\/i0.wp.com\/wp.ufpel.edu.br\/nufolk\/files\/2015\/10\/cinemavocal0.jpg?w=316&#038;h=178&#038;ssl=1\" srcset=\"https:\/\/i0.wp.com\/wp.ufpel.edu.br\/nufolk\/files\/2015\/10\/cinemavocal0.jpg?w=600&amp;ssl=1 600w, https:\/\/i0.wp.com\/wp.ufpel.edu.br\/nufolk\/files\/2015\/10\/cinemavocal0.jpg?resize=212%2C119&amp;ssl=1 212w, https:\/\/i0.wp.com\/wp.ufpel.edu.br\/nufolk\/files\/2015\/10\/cinemavocal0.jpg?resize=424%2C239&amp;ssl=1 424w\" width=\"316\" height=\"178\" loading=\"lazy\" data-original-width=\"316\" data-original-height=\"178\" itemprop=\"http:\/\/schema.org\/image\" title=\"cinemavocal0\" alt=\"cinemavocal0\" style=\"width: 316px; height: 178px;\" \/> <\/div> <\/div> <!-- close group --> <div class=\"gallery-group images-1\" style=\"width: 320px; height: 182px;\" data-original-width=\"320\" data-original-height=\"182\" > <div class=\"tiled-gallery-item tiled-gallery-item-large\" itemprop=\"associatedMedia\" itemscope itemtype=\"http:\/\/schema.org\/ImageObject\"> <meta itemprop=\"width\" content=\"316\"> <meta itemprop=\"height\" content=\"178\"> <img decoding=\"async\" class=\"\" data-attachment-id=\"238\" data-orig-file=\"https:\/\/wp.ufpel.edu.br\/nufolk\/files\/2015\/10\/cinemavocal1.jpg\" data-orig-size=\"600,338\" data-comments-opened=\"\" data-image-meta=\"{&quot;aperture&quot;:&quot;0&quot;,&quot;credit&quot;:&quot;&quot;,&quot;camera&quot;:&quot;&quot;,&quot;caption&quot;:&quot;&quot;,&quot;created_timestamp&quot;:&quot;0&quot;,&quot;copyright&quot;:&quot;&quot;,&quot;focal_length&quot;:&quot;0&quot;,&quot;iso&quot;:&quot;0&quot;,&quot;shutter_speed&quot;:&quot;0&quot;,&quot;title&quot;:&quot;&quot;,&quot;orientation&quot;:&quot;0&quot;}\" data-image-title=\"cinemavocal1\" data-image-description=\"\" data-medium-file=\"https:\/\/i0.wp.com\/wp.ufpel.edu.br\/nufolk\/files\/2015\/10\/cinemavocal1.jpg?fit=400%2C225&#038;ssl=1\" data-large-file=\"https:\/\/i0.wp.com\/wp.ufpel.edu.br\/nufolk\/files\/2015\/10\/cinemavocal1.jpg?fit=600%2C220&#038;ssl=1\" src=\"https:\/\/i0.wp.com\/wp.ufpel.edu.br\/nufolk\/files\/2015\/10\/cinemavocal1.jpg?w=316&#038;h=178&#038;ssl=1\" srcset=\"https:\/\/i0.wp.com\/wp.ufpel.edu.br\/nufolk\/files\/2015\/10\/cinemavocal1.jpg?w=600&amp;ssl=1 600w, https:\/\/i0.wp.com\/wp.ufpel.edu.br\/nufolk\/files\/2015\/10\/cinemavocal1.jpg?resize=212%2C119&amp;ssl=1 212w, https:\/\/i0.wp.com\/wp.ufpel.edu.br\/nufolk\/files\/2015\/10\/cinemavocal1.jpg?resize=424%2C239&amp;ssl=1 424w\" width=\"316\" height=\"178\" loading=\"lazy\" data-original-width=\"316\" data-original-height=\"178\" itemprop=\"http:\/\/schema.org\/image\" title=\"cinemavocal1\" alt=\"cinemavocal1\" style=\"width: 316px; height: 178px;\" \/> <\/div> <\/div> <!-- close group --> <\/div> <!-- close row --> <\/div>\n<p style=\"text-align: justify\"><strong>Nome do Coordenadores:<\/strong> Andr\u00e9 Macedo e Carla Schneider<br \/>\n<strong>Descri\u00e7\u00e3o:<\/strong> O projeto tem por objetivo consolidar a forma\u00e7\u00e3o dos alunos de Cinema de Anima\u00e7\u00e3o em rela\u00e7\u00e3o \u00e0 prepara\u00e7\u00e3o de atores, diminuir a vulnerabilidade das produ\u00e7\u00f5es de Cinema de Anima\u00e7\u00e3o em rela\u00e7\u00e3o \u00e0 dublagem e a locu\u00e7\u00e3o original, organizar estrat\u00e9gias de acessibilidade do espectador deficiente visual e criar um cat\u00e1logo virtual de matiz e perfis de vozes. A metodologia utilizada neste projeto est\u00e1 baseada nos jogos teatrais<br \/>\n<strong>Contato:<\/strong> (53) 81340916<\/p>\n<p>&nbsp;<\/p>\n<p><strong>Abamba\u00e9 Companhia de Dan\u00e7as Brasileiras<\/strong><\/p>\n<p><img data-recalc-dims=\"1\" loading=\"lazy\" decoding=\"async\" data-attachment-id=\"251\" data-permalink=\"https:\/\/wp.ufpel.edu.br\/nufolk\/parceiros\/abambae-01\/\" data-orig-file=\"https:\/\/i0.wp.com\/wp.ufpel.edu.br\/nufolk\/files\/2015\/10\/abambae-01.jpg?fit=500%2C517&amp;ssl=1\" data-orig-size=\"500,517\" data-comments-opened=\"0\" data-image-meta=\"{&quot;aperture&quot;:&quot;0&quot;,&quot;credit&quot;:&quot;&quot;,&quot;camera&quot;:&quot;&quot;,&quot;caption&quot;:&quot;&quot;,&quot;created_timestamp&quot;:&quot;0&quot;,&quot;copyright&quot;:&quot;&quot;,&quot;focal_length&quot;:&quot;0&quot;,&quot;iso&quot;:&quot;0&quot;,&quot;shutter_speed&quot;:&quot;0&quot;,&quot;title&quot;:&quot;&quot;,&quot;orientation&quot;:&quot;0&quot;}\" data-image-title=\"abambae-01\" data-image-description=\"\" data-image-caption=\"\" data-medium-file=\"https:\/\/i0.wp.com\/wp.ufpel.edu.br\/nufolk\/files\/2015\/10\/abambae-01.jpg?fit=308%2C318&amp;ssl=1\" data-large-file=\"https:\/\/i0.wp.com\/wp.ufpel.edu.br\/nufolk\/files\/2015\/10\/abambae-01.jpg?fit=500%2C220&amp;ssl=1\" class=\"aligncenter wp-image-251 size-medium\" src=\"https:\/\/i0.wp.com\/wp.ufpel.edu.br\/nufolk\/files\/2015\/10\/abambae-01.jpg?resize=308%2C318&#038;ssl=1\" alt=\"abambae-01\" width=\"308\" height=\"318\" srcset=\"https:\/\/i0.wp.com\/wp.ufpel.edu.br\/nufolk\/files\/2015\/10\/abambae-01.jpg?resize=308%2C318&amp;ssl=1 308w, https:\/\/i0.wp.com\/wp.ufpel.edu.br\/nufolk\/files\/2015\/10\/abambae-01.jpg?resize=154%2C159&amp;ssl=1 154w, https:\/\/i0.wp.com\/wp.ufpel.edu.br\/nufolk\/files\/2015\/10\/abambae-01.jpg?w=500&amp;ssl=1 500w\" sizes=\"auto, (max-width: 308px) 100vw, 308px\" \/><\/p>\n<p style=\"text-align: justify\"><strong>Nome dos coordenadores:<\/strong> Thiago Silva de Amorim Jesus<br \/>\n<strong>Descri\u00e7\u00e3o:<\/strong> A Abamba\u00e9 \u00e9 composta por integrantes de diferentes cidades do Rio Grande do Sul. Escolheu Pelotas para fixar ra\u00edzes n\u00e3o somente pelo fato de ter muitos integrantes desta cidade, mas, muito especialmente, por acreditar se tratar deste lugar um espa\u00e7o especial para o desenvolvimento de uma proposta inovadora como esta, por sua hist\u00f3ria, import\u00e2ncia e proje\u00e7\u00e3o no que diz respeito ao potencial cultural.<\/p>\n<p style=\"text-align: justify\"><strong>Instagram:<\/strong> @abambaebrasil<\/p>\n<p style=\"text-align: justify\"><strong>Facebook:<\/strong> https:\/\/pt-br.facebook.com\/abambaedobrasil<\/p>\n<p style=\"text-align: justify\"><strong>Blog:<\/strong> <a href=\"http:\/\/abambae.blogspot.com.br\/\" target=\"_blank\" rel=\"noopener noreferrer\">http:\/\/abambae.blogspot.com.br\/<\/a><\/p>\n<p>&nbsp;<\/p>\n<p style=\"text-align: justify\">\n<p><img data-recalc-dims=\"1\" loading=\"lazy\" decoding=\"async\" data-attachment-id=\"1253\" data-permalink=\"https:\/\/wp.ufpel.edu.br\/nufolk\/parceiros\/reducao_horizontal_roxa\/\" data-orig-file=\"https:\/\/i0.wp.com\/wp.ufpel.edu.br\/nufolk\/files\/2020\/05\/Redu%C3%A7%C3%A3o_horizontal_roxa.png?fit=1024%2C768&amp;ssl=1\" data-orig-size=\"1024,768\" data-comments-opened=\"0\" data-image-meta=\"{&quot;aperture&quot;:&quot;0&quot;,&quot;credit&quot;:&quot;&quot;,&quot;camera&quot;:&quot;&quot;,&quot;caption&quot;:&quot;&quot;,&quot;created_timestamp&quot;:&quot;0&quot;,&quot;copyright&quot;:&quot;&quot;,&quot;focal_length&quot;:&quot;0&quot;,&quot;iso&quot;:&quot;0&quot;,&quot;shutter_speed&quot;:&quot;0&quot;,&quot;title&quot;:&quot;&quot;,&quot;orientation&quot;:&quot;0&quot;}\" data-image-title=\"Redu\u00e7\u00e3o_horizontal_roxa\" data-image-description=\"\" data-image-caption=\"\" data-medium-file=\"https:\/\/i0.wp.com\/wp.ufpel.edu.br\/nufolk\/files\/2020\/05\/Redu%C3%A7%C3%A3o_horizontal_roxa.png?fit=400%2C300&amp;ssl=1\" data-large-file=\"https:\/\/i0.wp.com\/wp.ufpel.edu.br\/nufolk\/files\/2020\/05\/Redu%C3%A7%C3%A3o_horizontal_roxa.png?fit=640%2C480&amp;ssl=1\" class=\"aligncenter size-medium wp-image-1253\" src=\"https:\/\/i0.wp.com\/wp.ufpel.edu.br\/nufolk\/files\/2020\/05\/Redu%C3%A7%C3%A3o_horizontal_roxa.png?resize=400%2C300&#038;ssl=1\" alt=\"\" width=\"400\" height=\"300\" srcset=\"https:\/\/i0.wp.com\/wp.ufpel.edu.br\/nufolk\/files\/2020\/05\/Redu%C3%A7%C3%A3o_horizontal_roxa.png?resize=400%2C300&amp;ssl=1 400w, https:\/\/i0.wp.com\/wp.ufpel.edu.br\/nufolk\/files\/2020\/05\/Redu%C3%A7%C3%A3o_horizontal_roxa.png?resize=768%2C576&amp;ssl=1 768w, https:\/\/i0.wp.com\/wp.ufpel.edu.br\/nufolk\/files\/2020\/05\/Redu%C3%A7%C3%A3o_horizontal_roxa.png?w=1024&amp;ssl=1 1024w\" sizes=\"auto, (max-width: 400px) 100vw, 400px\" \/><\/p>\n<p style=\"text-align: justify\"><strong>OMEGA &#8211; Observat\u00f3rio de Mem\u00f3ria, Educa\u00e7\u00e3o, Gesto e Arte\u00a0<\/strong><\/p>\n<p style=\"text-align: justify\"><strong>Nome dos L\u00edderes:<\/strong> Josiane Gisela Franken Corr\u00eaa (l\u00edder) e Thiago Silva de Amorim Jesus (vice-l\u00edder)<br \/>\n<strong>Descri\u00e7\u00e3o: <\/strong>O OMEGA \u2013 Observat\u00f3rio de Mem\u00f3ria, Educa\u00e7\u00e3o, Gesto e Arte \u00e9 um Grupo de Pesquisa (UFPel\/CNPq) que se constitui num espa\u00e7o acad\u00eamico de investiga\u00e7\u00e3o, reflex\u00e3o, produ\u00e7\u00e3o e interc\u00e2mbio de saberes\/fazeres provenientes das diferentes formas de express\u00e3o da cultura, apreendidas a partir dos mais diversos matizes e proced\u00eancias.<br \/>\nNesse sentido, s\u00e3o interesses concomitantes do grupo a articula\u00e7\u00e3o de conhecimentos entre artistas, pesquisadores, educadores e educandos, mestres da cultura popular, gestores culturais e demais agentes envolvidos com as \u00e1reas mencionadas, bem como temas da ordem contempor\u00e2nea associados \u00e0s quest\u00f5es de g\u00eanero, etnia.<br \/>\n\u00c9 mister destacar que o OMEGA prioriza uma vis\u00e3o simb\u00f3lica hol\u00edstica que evidencia um olhar temporal simultaneamente sincr\u00f4nico e diacr\u00f4nico, no intuito de compreender e valorizar os saberes\/fazeres art\u00edsticos e educativos e mem\u00f3rias individuais e coletivas (exist\u00eancia singular-plural) enquanto movimento de conex\u00e3o entre passado, presente e futuro e suas possibilidades e desdobramentos.<\/p>\n<p>Linhas de Pesquisa:<\/p>\n<p>Processos art\u00edsticos e educacionais na contemporaneidade \u2013 Interessa-se por estudos disciplinares, inter e transdisciplinares focados na investiga\u00e7\u00e3o, registro, difus\u00e3o, an\u00e1lise, problematiza\u00e7\u00e3o, cria\u00e7\u00e3o, frui\u00e7\u00e3o a partir de tem\u00e1ticas orientadas por um olhar reflexivo que transita entre as no\u00e7\u00f5es de artes, corpo, dan\u00e7a, cena, educa\u00e7\u00e3o, doc\u00eancia, cultura, g\u00eanero e tecnologia.<\/p>\n<p>Teoria, Mem\u00f3ria e Culturas Populares \u2013 Interessa-se por estudos disciplinares, inter e transdisciplinares focados na constru\u00e7\u00e3o de saberes\/fazeres que se articulam mediante processos de investiga\u00e7\u00e3o filos\u00f3ficos, est\u00e9ticos, sociais, historiogr\u00e1ficos e antropol\u00f3gicos sobre as artes, as culturas, as mem\u00f3rias, os fatos folcl\u00f3ricos, as sociedades e seus m\u00faltiplos desdobramentos.<\/p>\n<hr \/>\n<p><strong>Arte na Escola<\/strong><\/p>\n<p><img data-recalc-dims=\"1\" loading=\"lazy\" decoding=\"async\" data-attachment-id=\"255\" data-permalink=\"https:\/\/wp.ufpel.edu.br\/nufolk\/parceiros\/artenaescola\/\" data-orig-file=\"https:\/\/i0.wp.com\/wp.ufpel.edu.br\/nufolk\/files\/2015\/10\/artenaescola.jpg?fit=150%2C119&amp;ssl=1\" data-orig-size=\"150,119\" data-comments-opened=\"0\" data-image-meta=\"{&quot;aperture&quot;:&quot;0&quot;,&quot;credit&quot;:&quot;&quot;,&quot;camera&quot;:&quot;&quot;,&quot;caption&quot;:&quot;&quot;,&quot;created_timestamp&quot;:&quot;0&quot;,&quot;copyright&quot;:&quot;&quot;,&quot;focal_length&quot;:&quot;0&quot;,&quot;iso&quot;:&quot;0&quot;,&quot;shutter_speed&quot;:&quot;0&quot;,&quot;title&quot;:&quot;&quot;,&quot;orientation&quot;:&quot;0&quot;}\" data-image-title=\"artenaescola\" data-image-description=\"\" data-image-caption=\"\" data-medium-file=\"https:\/\/i0.wp.com\/wp.ufpel.edu.br\/nufolk\/files\/2015\/10\/artenaescola.jpg?fit=150%2C119&amp;ssl=1\" data-large-file=\"https:\/\/i0.wp.com\/wp.ufpel.edu.br\/nufolk\/files\/2015\/10\/artenaescola.jpg?fit=150%2C119&amp;ssl=1\" class=\"aligncenter size-full wp-image-255\" src=\"https:\/\/i0.wp.com\/wp.ufpel.edu.br\/nufolk\/files\/2015\/10\/artenaescola.jpg?resize=150%2C119&#038;ssl=1\" alt=\"artenaescola\" width=\"150\" height=\"119\" \/><\/p>\n<p style=\"text-align: justify\"><strong>Nome da Coordenadora:<\/strong> N\u00e1dia da Cruz Senna<br \/>\n<strong>Descri\u00e7\u00e3o:<\/strong> O Instituto Arte na Escola resulta da institucionaliza\u00e7\u00e3o do Projeto Arte na Escola, criado em 1989 pela Funda\u00e7\u00e3o Iochpe. Tem como miss\u00e3o incentivar o ensino da Arte por meio de forma\u00e7\u00e3o cont\u00ednua do professor do ensino b\u00e1sico, investigando e qualificando processos de aprendizagem. S\u00e3o 50 P\u00f3los presentes em 46 cidades de 22 Estados brasileiros, unidos por um ideal: melhorar o ensino da arte no pa\u00eds. A Rede Arte na Escola re\u00fane universidades, institui\u00e7\u00f5es culturais e educacionais, que qualificam professores dos n\u00edveis infantil, fundamental e m\u00e9dio e os estimulam a formar jovens mais perceptivos, criativos e cr\u00edticos de sua realidade. O compromisso do P\u00f3lo UFPel \u00e9 divulgar o acervo de mais de 300 DVDs sobre arte junto aos professores da rede de ensino b\u00e1sico de Pelotas, comunidade acad\u00eamica e regi\u00e3o Sul do Estado. Al\u00e9m da divulga\u00e7\u00e3o do acervo, manter a\u00e7\u00f5es de forma\u00e7\u00e3o continuada com a pretens\u00e3o de refletir sobre novas pr\u00e1ticas metodol\u00f3gicas de ensino da Arte na escola.<br \/>\n<strong>Contato:<\/strong> http:\/\/paeufpel.blogspot.com.br\/<\/p>\n<p style=\"text-align: justify\"><span class=\"text_exposed_show\">\u00a0<\/span><\/p>\n<hr \/>\n<p>&nbsp;<\/p>\n<p><strong>Laborat\u00f3rio Multilinguagens<br \/>\n<\/strong><\/p>\n<p style=\"text-align: justify\"><strong>Nome dos Coordenadores:<\/strong> Rita de C\u00e1ssia de Souza Soares Ramos<br \/>\n<strong>Descri\u00e7\u00e3o: <\/strong>O Laborat\u00f3rio Multilinguagens visa promover a intera\u00e7\u00e3o entre diferentes cursos de forma\u00e7\u00e3o de professores, de modo a incentivar o desenvolvimento de metodologias voltadas para a inova\u00e7\u00e3o das pr\u00e1ticas pedag\u00f3gicas; a elabora\u00e7\u00e3o de materiais did\u00e1ticos de car\u00e1ter interdisciplinar; o uso de tecnologias da informa\u00e7\u00e3o e comunica\u00e7\u00e3o \u2013 TICs e a articula\u00e7\u00e3o entre os programas da CAPES relacionados \u00e0 Educa\u00e7\u00e3o B\u00e1sica.<br \/>\n<strong>Contato:<\/strong> life.ufpel@gmail.com<\/p>\n<p>&nbsp;<\/p>\n","protected":false},"excerpt":{"rendered":"<p>Associa\u00e7\u00e3o Brasileira dos Organizadores de Festivais de Folclore e Artes Populares \u00e9 uma Organiza\u00e7\u00e3o N\u00e3o Governamental, sem fins lucrativos que desenvolve projetos voltados \u00e0 recupera\u00e7\u00e3o e preserva\u00e7\u00e3o da Cultura. O objetivo da ABrasOFFA &#8211; ONG \u00e9 de congregar o maior &hellip; <a href=\"https:\/\/wp.ufpel.edu.br\/nufolk\/parceiros\/\">Continue lendo <span class=\"meta-nav\">&rarr;<\/span><\/a><\/p>\n","protected":false},"author":543,"featured_media":0,"parent":0,"menu_order":0,"comment_status":"closed","ping_status":"closed","template":"","meta":{"jetpack_post_was_ever_published":false,"footnotes":""},"class_list":["post-131","page","type-page","status-publish","hentry"],"jetpack_sharing_enabled":true,"jetpack_shortlink":"https:\/\/wp.me\/P6KvqY-27","_links":{"self":[{"href":"https:\/\/wp.ufpel.edu.br\/nufolk\/wp-json\/wp\/v2\/pages\/131","targetHints":{"allow":["GET"]}}],"collection":[{"href":"https:\/\/wp.ufpel.edu.br\/nufolk\/wp-json\/wp\/v2\/pages"}],"about":[{"href":"https:\/\/wp.ufpel.edu.br\/nufolk\/wp-json\/wp\/v2\/types\/page"}],"author":[{"embeddable":true,"href":"https:\/\/wp.ufpel.edu.br\/nufolk\/wp-json\/wp\/v2\/users\/543"}],"replies":[{"embeddable":true,"href":"https:\/\/wp.ufpel.edu.br\/nufolk\/wp-json\/wp\/v2\/comments?post=131"}],"version-history":[{"count":17,"href":"https:\/\/wp.ufpel.edu.br\/nufolk\/wp-json\/wp\/v2\/pages\/131\/revisions"}],"predecessor-version":[{"id":1255,"href":"https:\/\/wp.ufpel.edu.br\/nufolk\/wp-json\/wp\/v2\/pages\/131\/revisions\/1255"}],"wp:attachment":[{"href":"https:\/\/wp.ufpel.edu.br\/nufolk\/wp-json\/wp\/v2\/media?parent=131"}],"curies":[{"name":"wp","href":"https:\/\/api.w.org\/{rel}","templated":true}]}}