{"id":119,"date":"2015-10-01T20:18:33","date_gmt":"2015-10-01T23:18:33","guid":{"rendered":"https:\/\/wp.ufpel.edu.br\/nufolk\/?page_id=119"},"modified":"2024-02-07T10:15:44","modified_gmt":"2024-02-07T13:15:44","slug":"equipe","status":"publish","type":"page","link":"https:\/\/wp.ufpel.edu.br\/nufolk\/equipe\/","title":{"rendered":"Equipe"},"content":{"rendered":"<p style=\"text-align: justify;\">O N\u00facleo de Folclore e Culturas Populares da UFPel \u00e9 um Projeto de Extens\u00e3o Universit\u00e1ria coordenado pelo Professor Marco Aurelio da Cruz Souza, docente do Curso de Dan\u00e7a &#8211; Centro de Artes, na Universidade Federal de Pelotas.<\/p>\n<p style=\"text-align: justify; padding-left: 40px;\"><strong>Coordenador Geral<\/strong><\/p>\n<p style=\"text-align: justify; padding-left: 40px;\"><span style=\"color: #000000;\"><a style=\"color: #000000;\" href=\"http:\/\/lattes.cnpq.br\/9388759126062963\">Marco Aurelio da Cruz Souza<\/a><\/span><\/p>\n<p style=\"text-align: justify; padding-left: 40px;\">Contato: marcoaurelio.souzamarco@gmail.com<\/p>\n<p>&nbsp;<\/p>\n<p style=\"text-align: justify; padding-left: 40px;\"><strong>Coordenadora Adjunta<\/strong><\/p>\n<p style=\"text-align: justify; padding-left: 40px;\"><span style=\"color: #000000;\"><a style=\"color: #000000;\" href=\"http:\/\/buscatextual.cnpq.br\/buscatextual\/visualizacv.do?id=K4760540D2\" target=\"_blank\" rel=\"noopener noreferrer\">Rose Adriana Andrade de Miranda<\/a><\/span><\/p>\n<p style=\"text-align: justify; padding-left: 40px;\">Contato: <em>rosemiranda.educampoufpel@gmail.com<\/em><\/p>\n<p>&nbsp;<\/p>\n<p style=\"text-align: justify; padding-left: 40px;\"><strong>Professores Colaboradores<\/strong><\/p>\n<p style=\"text-align: justify; padding-left: 40px;\"><span style=\"color: #000000;\"><a style=\"color: #000000;\" href=\"http:\/\/lattes.cnpq.br\/2753343798582334\">Carmen Anita Hoffmann<\/a><\/span><\/p>\n<p style=\"text-align: justify; padding-left: 40px;\">Contato:\u00a0<em>carminhalese@yahoo.com.br<\/em><\/p>\n<p style=\"padding-left: 40px;\"><span style=\"color: #000000;\"><a style=\"color: #000000;\" href=\"http:\/\/lattes.cnpq.br\/9388759126062963\">Thiago Silva de Amorim Jesus<\/a><\/span><\/p>\n<p style=\"padding-left: 40px;\">Contato: thiago.amorim@ufpel.edu.br<\/p>\n<p>&nbsp;<\/p>\n<p style=\"text-align: justify; padding-left: 40px;\"><strong>Bolsistas Vinculados<\/strong><\/p>\n<p style=\"text-align: justify; padding-left: 40px;\"><span style=\"background-color: #ffffff;\"><strong>-Extens\u00e3o &#8211; N\u00facleo de Folclore e Culturas Populares da UFPel<\/strong><\/span><\/p>\n<p>&nbsp;<\/p>\n<p style=\"text-align: justify; padding-left: 40px;\"><strong>-Pesquisa &#8211; <span style=\"background-color: #ffffff; color: #000000;\">N\u00facleo de Folclore e Culturas Populares da UFPel<\/span><\/strong><\/p>\n<p style=\"padding-left: 40px;\">Ana Carolina Freitas Silva<\/p>\n<p style=\"padding-left: 40px;\">Contato: <em>annacarolinafreitassilva@gmail.com<\/em><\/p>\n<p>\u00a0 \u00a0 \u00a0 \u00a0 \u00a0 \u00a0Isadora Marten Briao<\/p>\n<p>Contato: <em>isadorabriao@gmail.com<\/em><\/p>\n<p style=\"text-align: justify; padding-left: 40px;\"><strong>&#8211; Pesquisa &#8211; Po\u00e9ticas Populares na Contemporaneidade<\/strong><\/p>\n<p style=\"text-align: justify; padding-left: 40px;\"><span style=\"color: #000000;\">Mayson Gon\u00e7alves Brum<\/span><\/p>\n<p style=\"padding-left: 40px;\">Contato: <em>maysonbrumj@gmail.com<\/em><\/p>\n<p style=\"padding-left: 40px;\"><span style=\"color: #000000;\">Nathanael Peres Martins<\/span><\/p>\n<p style=\"padding-left: 40px;\">Contato: nathanaelperes99@gmail.com<\/p>\n<p style=\"padding-left: 40px;\"><span style=\"color: #000000;\">Yago Jos\u00e9 Vieira Rodrigues<\/span><\/p>\n<p style=\"padding-left: 40px;\">Contato: <em>yagojvr@gmail.com<\/em><\/p>\n","protected":false},"excerpt":{"rendered":"<p>O N\u00facleo de Folclore e Culturas Populares da UFPel \u00e9 um Projeto de Extens\u00e3o Universit\u00e1ria coordenado pelo Professor Marco Aurelio da Cruz Souza, docente do Curso de Dan\u00e7a &#8211; Centro de Artes, na Universidade Federal de Pelotas. Coordenador Geral Marco &hellip; <a href=\"https:\/\/wp.ufpel.edu.br\/nufolk\/equipe\/\">Continue lendo <span class=\"meta-nav\">&rarr;<\/span><\/a><\/p>\n","protected":false},"author":543,"featured_media":0,"parent":0,"menu_order":0,"comment_status":"closed","ping_status":"closed","template":"","meta":{"jetpack_post_was_ever_published":false,"footnotes":""},"class_list":["post-119","page","type-page","status-publish","hentry"],"jetpack_sharing_enabled":true,"jetpack_shortlink":"https:\/\/wp.me\/P6KvqY-1V","_links":{"self":[{"href":"https:\/\/wp.ufpel.edu.br\/nufolk\/wp-json\/wp\/v2\/pages\/119","targetHints":{"allow":["GET"]}}],"collection":[{"href":"https:\/\/wp.ufpel.edu.br\/nufolk\/wp-json\/wp\/v2\/pages"}],"about":[{"href":"https:\/\/wp.ufpel.edu.br\/nufolk\/wp-json\/wp\/v2\/types\/page"}],"author":[{"embeddable":true,"href":"https:\/\/wp.ufpel.edu.br\/nufolk\/wp-json\/wp\/v2\/users\/543"}],"replies":[{"embeddable":true,"href":"https:\/\/wp.ufpel.edu.br\/nufolk\/wp-json\/wp\/v2\/comments?post=119"}],"version-history":[{"count":15,"href":"https:\/\/wp.ufpel.edu.br\/nufolk\/wp-json\/wp\/v2\/pages\/119\/revisions"}],"predecessor-version":[{"id":1970,"href":"https:\/\/wp.ufpel.edu.br\/nufolk\/wp-json\/wp\/v2\/pages\/119\/revisions\/1970"}],"wp:attachment":[{"href":"https:\/\/wp.ufpel.edu.br\/nufolk\/wp-json\/wp\/v2\/media?parent=119"}],"curies":[{"name":"wp","href":"https:\/\/api.w.org\/{rel}","templated":true}]}}