{"id":7,"date":"2018-04-13T10:10:55","date_gmt":"2018-04-13T13:10:55","guid":{"rendered":"https:\/\/wp.ufpel.edu.br\/nudoc\/?page_id=7"},"modified":"2018-04-13T10:10:55","modified_gmt":"2018-04-13T13:10:55","slug":"formularios","status":"publish","type":"page","link":"https:\/\/wp.ufpel.edu.br\/nudoc\/formularios\/","title":{"rendered":"Formul\u00e1rios"},"content":{"rendered":"<p>Para envio das correspond\u00eancias, dever\u00e1 ser preenchido o formul\u00e1rio abaixo e enviado em uma via para o protocolo:<\/p>\n<p>&nbsp;<\/p>\n<p><a href=\"https:\/\/wp.ufpel.edu.br\/pra\/files\/2017\/08\/Guia-de-Encaminhamento-Postal.docx\"><strong>Guia de Encaminhamento Postal<\/strong><\/a><\/p>\n<p>&nbsp;<\/p>\n<p>Para o encaminhamento de processo, segue abaixo \u00a0a guia de tramita\u00e7\u00e3o de processo, que dever\u00e1 ser preenchida, impressa e enviada juntamente com o processo em suas tramita\u00e7\u00f5es:<\/p>\n<p>&nbsp;<\/p>\n<p><strong><a href=\"https:\/\/wp.ufpel.edu.br\/pra\/files\/2017\/08\/Guia-de-Tramita\u00e7\u00e3o-de-Processo-1.xlsx\">Guia de Tramita\u00e7\u00e3o de Processo<\/a><\/strong><\/p>\n","protected":false},"excerpt":{"rendered":"<p>Para envio das correspond\u00eancias, dever\u00e1 ser preenchido o formul\u00e1rio abaixo e enviado em uma via para o protocolo: &nbsp; Guia de Encaminhamento Postal &nbsp; Para o encaminhamento de processo, segue abaixo \u00a0a guia de tramita\u00e7\u00e3o de processo, que dever\u00e1 ser preenchida, impressa e enviada juntamente com o processo em suas tramita\u00e7\u00f5es: &nbsp; Guia de Tramita\u00e7\u00e3o [&hellip;]<\/p>\n","protected":false},"author":667,"featured_media":0,"parent":0,"menu_order":0,"comment_status":"closed","ping_status":"closed","template":"","meta":{"footnotes":""},"class_list":["post-7","page","type-page","status-publish","hentry"],"_links":{"self":[{"href":"https:\/\/wp.ufpel.edu.br\/nudoc\/wp-json\/wp\/v2\/pages\/7","targetHints":{"allow":["GET"]}}],"collection":[{"href":"https:\/\/wp.ufpel.edu.br\/nudoc\/wp-json\/wp\/v2\/pages"}],"about":[{"href":"https:\/\/wp.ufpel.edu.br\/nudoc\/wp-json\/wp\/v2\/types\/page"}],"author":[{"embeddable":true,"href":"https:\/\/wp.ufpel.edu.br\/nudoc\/wp-json\/wp\/v2\/users\/667"}],"replies":[{"embeddable":true,"href":"https:\/\/wp.ufpel.edu.br\/nudoc\/wp-json\/wp\/v2\/comments?post=7"}],"version-history":[{"count":1,"href":"https:\/\/wp.ufpel.edu.br\/nudoc\/wp-json\/wp\/v2\/pages\/7\/revisions"}],"predecessor-version":[{"id":9,"href":"https:\/\/wp.ufpel.edu.br\/nudoc\/wp-json\/wp\/v2\/pages\/7\/revisions\/9"}],"wp:attachment":[{"href":"https:\/\/wp.ufpel.edu.br\/nudoc\/wp-json\/wp\/v2\/media?parent=7"}],"curies":[{"name":"wp","href":"https:\/\/api.w.org\/{rel}","templated":true}]}}