{"id":10,"date":"2018-04-13T10:11:25","date_gmt":"2018-04-13T13:11:25","guid":{"rendered":"https:\/\/wp.ufpel.edu.br\/nudoc\/?page_id=10"},"modified":"2018-04-13T10:11:25","modified_gmt":"2018-04-13T13:11:25","slug":"postagem-dos-correios","status":"publish","type":"page","link":"https:\/\/wp.ufpel.edu.br\/nudoc\/postagem-dos-correios\/","title":{"rendered":"Postagem dos Correios"},"content":{"rendered":"<p>O acompanhamento do envio das correspond\u00eancias pode ser realizado pela Lista de Postagens dos Correios, dispon\u00edvel no link abaixo.<\/p>\n<p>Para realizar a busca basta saber a data de envio da correspond\u00eancia ao protocolo, clicar na respectiva data e buscar pelo destinat\u00e1rio ou unidade de origem.<\/p>\n<p><a href=\"https:\/\/www.dropbox.com\/sh\/bh1g6u0cwcmluy2\/AADpXAHqyVeGCCx8d6vQ02Wxa?dl=0\"><strong><br \/>\nPostagens de Documentos dos Correios<\/strong><\/a><\/p>\n<p>&nbsp;<\/p>\n<p>O acompanhamento do recebimento de correspond\u00eancias pode ser feito pela pela Lista de Entrada de Documentos dos Correios, dispon\u00edvel no link abaixo.<\/p>\n<p>&nbsp;<\/p>\n<p><a href=\"https:\/\/www.dropbox.com\/sh\/qneunyptt56acce\/AADAlTi8y-6-g-28NoTXcvAZa?dl=0\"><strong>Entrada de Documentos dos Correios<\/strong><\/a><\/p>\n<p>&nbsp;<\/p>\n<p>&nbsp;<\/p>\n","protected":false},"excerpt":{"rendered":"<p>O acompanhamento do envio das correspond\u00eancias pode ser realizado pela Lista de Postagens dos Correios, dispon\u00edvel no link abaixo. Para realizar a busca basta saber a data de envio da correspond\u00eancia ao protocolo, clicar na respectiva data e buscar pelo destinat\u00e1rio ou unidade de origem. Postagens de Documentos dos Correios &nbsp; O acompanhamento do recebimento [&hellip;]<\/p>\n","protected":false},"author":667,"featured_media":0,"parent":0,"menu_order":0,"comment_status":"closed","ping_status":"closed","template":"","meta":{"footnotes":""},"class_list":["post-10","page","type-page","status-publish","hentry"],"_links":{"self":[{"href":"https:\/\/wp.ufpel.edu.br\/nudoc\/wp-json\/wp\/v2\/pages\/10","targetHints":{"allow":["GET"]}}],"collection":[{"href":"https:\/\/wp.ufpel.edu.br\/nudoc\/wp-json\/wp\/v2\/pages"}],"about":[{"href":"https:\/\/wp.ufpel.edu.br\/nudoc\/wp-json\/wp\/v2\/types\/page"}],"author":[{"embeddable":true,"href":"https:\/\/wp.ufpel.edu.br\/nudoc\/wp-json\/wp\/v2\/users\/667"}],"replies":[{"embeddable":true,"href":"https:\/\/wp.ufpel.edu.br\/nudoc\/wp-json\/wp\/v2\/comments?post=10"}],"version-history":[{"count":1,"href":"https:\/\/wp.ufpel.edu.br\/nudoc\/wp-json\/wp\/v2\/pages\/10\/revisions"}],"predecessor-version":[{"id":12,"href":"https:\/\/wp.ufpel.edu.br\/nudoc\/wp-json\/wp\/v2\/pages\/10\/revisions\/12"}],"wp:attachment":[{"href":"https:\/\/wp.ufpel.edu.br\/nudoc\/wp-json\/wp\/v2\/media?parent=10"}],"curies":[{"name":"wp","href":"https:\/\/api.w.org\/{rel}","templated":true}]}}