{"id":89,"date":"2018-06-12T16:33:45","date_gmt":"2018-06-12T19:33:45","guid":{"rendered":"https:\/\/wp.ufpel.edu.br\/nucon\/?page_id=89"},"modified":"2023-10-31T09:20:00","modified_gmt":"2023-10-31T12:20:00","slug":"apresentacao","status":"publish","type":"page","link":"https:\/\/wp.ufpel.edu.br\/nucon\/apresentacao\/","title":{"rendered":"Apresenta\u00e7\u00e3o"},"content":{"rendered":"<p>O\u00a0<strong>N\u00facleo de Contratos (NUCON)<\/strong>\u00a0tem como principais atribui\u00e7\u00f5es:<\/p>\n<ul>\n<li>Atender ao p\u00fablico interno e externo fornecendo informa\u00e7\u00f5es e encaminhando solicita\u00e7\u00f5es sobre contratos;<\/li>\n<li>Atualizar informa\u00e7\u00f5es no sistema de gest\u00e3o de contratos;<\/li>\n<li>Utilizar o sistema eletr\u00f4nico de informa\u00e7\u00f5es e demais sistemas do governo federal necess\u00e1rios \u00e0 execu\u00e7\u00e3o das atividades competentes;<\/li>\n<li>Emitir notas de empenho dos contratos e controlar saldo;<\/li>\n<li>Publicar contratos e termos aditivos no Di\u00e1rio Oficial da Uni\u00e3o;<\/li>\n<li>Orientar os fiscais de contrato em rela\u00e7\u00e3o as suas atribui\u00e7\u00f5es;<\/li>\n<li>Observar prazos e valores de contratos e de garantias contratuais;<\/li>\n<li>Analisar processos de pagamento referentes aos contratos e indicar nota de empenho;<\/li>\n<li>Realizar reajustes contratuais pertinentes \u00e0 aplica\u00e7\u00e3o de \u00edndices financeiros;<\/li>\n<li>Elaborar apostilas, atestados de capacidade t\u00e9cnica, memorandos, of\u00edcios, termos aditivos e demais documentos relativos \u00e0s atividades competentes;<\/li>\n<li>Participar de projetos relacionados \u00e0 melhoria dos servi\u00e7os de gest\u00e3o contratual.<\/li>\n<\/ul>\n<p><!--table style=\"height: 328px;\" width=\"895\"--><\/p>\n","protected":false},"excerpt":{"rendered":"<p>O\u00a0N\u00facleo de Contratos (NUCON)\u00a0tem como principais atribui\u00e7\u00f5es: Atender ao p\u00fablico interno e externo fornecendo informa\u00e7\u00f5es e encaminhando solicita\u00e7\u00f5es sobre contratos; Atualizar informa\u00e7\u00f5es no sistema de gest\u00e3o de contratos; Utilizar o sistema eletr\u00f4nico de informa\u00e7\u00f5es e demais sistemas do governo federal necess\u00e1rios \u00e0 execu\u00e7\u00e3o das atividades competentes; Emitir notas de empenho dos contratos e controlar saldo; [&hellip;]<\/p>\n","protected":false},"author":847,"featured_media":0,"parent":0,"menu_order":2,"comment_status":"closed","ping_status":"closed","template":"","meta":{"footnotes":""},"class_list":["post-89","page","type-page","status-publish","hentry"],"_links":{"self":[{"href":"https:\/\/wp.ufpel.edu.br\/nucon\/wp-json\/wp\/v2\/pages\/89","targetHints":{"allow":["GET"]}}],"collection":[{"href":"https:\/\/wp.ufpel.edu.br\/nucon\/wp-json\/wp\/v2\/pages"}],"about":[{"href":"https:\/\/wp.ufpel.edu.br\/nucon\/wp-json\/wp\/v2\/types\/page"}],"author":[{"embeddable":true,"href":"https:\/\/wp.ufpel.edu.br\/nucon\/wp-json\/wp\/v2\/users\/847"}],"replies":[{"embeddable":true,"href":"https:\/\/wp.ufpel.edu.br\/nucon\/wp-json\/wp\/v2\/comments?post=89"}],"version-history":[{"count":24,"href":"https:\/\/wp.ufpel.edu.br\/nucon\/wp-json\/wp\/v2\/pages\/89\/revisions"}],"predecessor-version":[{"id":579,"href":"https:\/\/wp.ufpel.edu.br\/nucon\/wp-json\/wp\/v2\/pages\/89\/revisions\/579"}],"wp:attachment":[{"href":"https:\/\/wp.ufpel.edu.br\/nucon\/wp-json\/wp\/v2\/media?parent=89"}],"curies":[{"name":"wp","href":"https:\/\/api.w.org\/{rel}","templated":true}]}}