{"id":336,"date":"2021-07-16T17:16:35","date_gmt":"2021-07-16T20:16:35","guid":{"rendered":"https:\/\/wp.ufpel.edu.br\/nucon\/?page_id=336"},"modified":"2021-09-29T17:33:41","modified_gmt":"2021-09-29T20:33:41","slug":"manual","status":"publish","type":"page","link":"https:\/\/wp.ufpel.edu.br\/nucon\/manual\/","title":{"rendered":"MANUAL"},"content":{"rendered":"\n<p>Com o objetivo de prestar orienta\u00e7\u00f5es para que os fiscais dos contratos fiscalizem e acompanhem a execu\u00e7\u00e3o dos contratos administrativos de forma minimamente parametrizada e de maneira transparente, respeitando os princ\u00edpios da legalidade, efici\u00eancia, efic\u00e1cia, economicidade e celeridade, elaboramos o Manual de Fiscaliza\u00e7\u00e3o de Contratos no \u00e2mbito da UFPel. O documento pode ser acessado no link abaixo:<\/p>\n\n\n\n<div class=\"wp-block-file\"><a href=\"https:\/\/wp.ufpel.edu.br\/nucon\/files\/2021\/09\/Manual-de-Fiscalizacao-de-Contratos-da-UFPel-rev04-Versao2-SET21-1-2.pdf\">Manual de Fiscaliza\u00e7\u00e3o de Contratos da UFPel<\/a><\/div>\n\n\n\n<p><\/p>\n","protected":false},"excerpt":{"rendered":"<p>Com o objetivo de prestar orienta\u00e7\u00f5es para que os fiscais dos contratos fiscalizem e acompanhem a execu\u00e7\u00e3o dos contratos administrativos de forma minimamente parametrizada e de maneira transparente, respeitando os princ\u00edpios da legalidade, efici\u00eancia, efic\u00e1cia, economicidade e celeridade, elaboramos o Manual de Fiscaliza\u00e7\u00e3o de Contratos no \u00e2mbito da UFPel. O documento pode ser acessado no [&hellip;]<\/p>\n","protected":false},"author":847,"featured_media":0,"parent":0,"menu_order":0,"comment_status":"closed","ping_status":"closed","template":"","meta":{"footnotes":""},"class_list":["post-336","page","type-page","status-publish","hentry"],"_links":{"self":[{"href":"https:\/\/wp.ufpel.edu.br\/nucon\/wp-json\/wp\/v2\/pages\/336","targetHints":{"allow":["GET"]}}],"collection":[{"href":"https:\/\/wp.ufpel.edu.br\/nucon\/wp-json\/wp\/v2\/pages"}],"about":[{"href":"https:\/\/wp.ufpel.edu.br\/nucon\/wp-json\/wp\/v2\/types\/page"}],"author":[{"embeddable":true,"href":"https:\/\/wp.ufpel.edu.br\/nucon\/wp-json\/wp\/v2\/users\/847"}],"replies":[{"embeddable":true,"href":"https:\/\/wp.ufpel.edu.br\/nucon\/wp-json\/wp\/v2\/comments?post=336"}],"version-history":[{"count":14,"href":"https:\/\/wp.ufpel.edu.br\/nucon\/wp-json\/wp\/v2\/pages\/336\/revisions"}],"predecessor-version":[{"id":399,"href":"https:\/\/wp.ufpel.edu.br\/nucon\/wp-json\/wp\/v2\/pages\/336\/revisions\/399"}],"wp:attachment":[{"href":"https:\/\/wp.ufpel.edu.br\/nucon\/wp-json\/wp\/v2\/media?parent=336"}],"curies":[{"name":"wp","href":"https:\/\/api.w.org\/{rel}","templated":true}]}}