{"id":278,"date":"2021-07-06T11:42:54","date_gmt":"2021-07-06T14:42:54","guid":{"rendered":"https:\/\/wp.ufpel.edu.br\/nucon\/?page_id=278"},"modified":"2021-07-13T23:00:38","modified_gmt":"2021-07-14T02:00:38","slug":"mapeamento-dos-processos","status":"publish","type":"page","link":"https:\/\/wp.ufpel.edu.br\/nucon\/mapeamento-dos-processos\/","title":{"rendered":"Mapeamento dos Processos"},"content":{"rendered":"\n<p><span style=\"color:#595c5f\" class=\"has-inline-color\">Com o objetivo identificar as informa\u00e7\u00f5es, o fluxo e as partes envolvidas foi realizado o mapeamento dos processos relacionados aos processos de contrata\u00e7\u00f5es. Os processos mapeados podem ser localizados na p\u00e1gina do Escrit\u00f3rio de Processos da UFPel, atrav\u00e9s do link:\u00a0<a rel=\"noreferrer noopener\" href=\"https:\/\/wp.ufpel.edu.br\/escritoriodeprocessos\/processos-mapeados-ufpel\/\" target=\"_blank\">https:\/\/wp.ufpel.edu.br\/escritoriodeprocessos\/processos-mapeados-ufpel\/<\/a>.<\/span><\/p>\n","protected":false},"excerpt":{"rendered":"<p>Com o objetivo identificar as informa\u00e7\u00f5es, o fluxo e as partes envolvidas foi realizado o mapeamento dos processos relacionados aos processos de contrata\u00e7\u00f5es. Os processos mapeados podem ser localizados na p\u00e1gina do Escrit\u00f3rio de Processos da UFPel, atrav\u00e9s do link:\u00a0https:\/\/wp.ufpel.edu.br\/escritoriodeprocessos\/processos-mapeados-ufpel\/.<\/p>\n","protected":false},"author":847,"featured_media":0,"parent":0,"menu_order":0,"comment_status":"closed","ping_status":"closed","template":"","meta":{"footnotes":""},"class_list":["post-278","page","type-page","status-publish","hentry"],"_links":{"self":[{"href":"https:\/\/wp.ufpel.edu.br\/nucon\/wp-json\/wp\/v2\/pages\/278","targetHints":{"allow":["GET"]}}],"collection":[{"href":"https:\/\/wp.ufpel.edu.br\/nucon\/wp-json\/wp\/v2\/pages"}],"about":[{"href":"https:\/\/wp.ufpel.edu.br\/nucon\/wp-json\/wp\/v2\/types\/page"}],"author":[{"embeddable":true,"href":"https:\/\/wp.ufpel.edu.br\/nucon\/wp-json\/wp\/v2\/users\/847"}],"replies":[{"embeddable":true,"href":"https:\/\/wp.ufpel.edu.br\/nucon\/wp-json\/wp\/v2\/comments?post=278"}],"version-history":[{"count":8,"href":"https:\/\/wp.ufpel.edu.br\/nucon\/wp-json\/wp\/v2\/pages\/278\/revisions"}],"predecessor-version":[{"id":334,"href":"https:\/\/wp.ufpel.edu.br\/nucon\/wp-json\/wp\/v2\/pages\/278\/revisions\/334"}],"wp:attachment":[{"href":"https:\/\/wp.ufpel.edu.br\/nucon\/wp-json\/wp\/v2\/media?parent=278"}],"curies":[{"name":"wp","href":"https:\/\/api.w.org\/{rel}","templated":true}]}}