{"id":224,"date":"2021-02-12T16:31:48","date_gmt":"2021-02-12T19:31:48","guid":{"rendered":"https:\/\/wp.ufpel.edu.br\/nucon\/?page_id=224"},"modified":"2024-03-15T10:12:39","modified_gmt":"2024-03-15T13:12:39","slug":"manuais-e-orientacoes","status":"publish","type":"page","link":"https:\/\/wp.ufpel.edu.br\/nucon\/manuais-e-orientacoes\/","title":{"rendered":"Orienta\u00e7\u00f5es"},"content":{"rendered":"<p><strong>POP &#8211; Procedimento Operacional Padr\u00e3o no Sistema SEI<\/strong><\/p>\n<p><a href=\"https:\/\/wp.ufpel.edu.br\/sei\/files\/2019\/01\/11_PRA_Processo-pgto-SEI_contrato-sem-m%C3%A3o-de-obra-00.pdf\">Envio de Nota Fiscal referente a Contratos de servi\u00e7os SEM dedica\u00e7\u00e3o exclusiva de m\u00e3o de obra.<\/a><\/p>\n<p><a href=\"https:\/\/wp.ufpel.edu.br\/sei\/files\/2019\/01\/10_PRA_Processo-pgto-SEI_contrato-de-material-00.pdf\">Envio de Nota Fiscal referente a Contratos com fornecimento de material.<\/a><\/p>\n<p><a href=\"https:\/\/wp.ufpel.edu.br\/sei\/files\/2024\/02\/13_PRA_Orientacoes-sobre-tramitacao-de-notas-fiscais-no-SEI_rev03.pdf\">Envio de Nota Fiscal referente a Contratos de obras.<\/a><\/p>\n<p><a href=\"https:\/\/wp.ufpel.edu.br\/sei\/files\/2024\/03\/14_PRA_Orientacoes-para-Ateste-de-Cessao-com-Contrato-no-SEI_rev03.pdf\">Orienta\u00e7\u00e3o para Ateste de Cess\u00e3o de Espa\u00e7o F\u00edsico com Contrato.<\/a><\/p>\n\n\n<p><strong>Bases de Conhecimento no Sistema SEI<\/strong><\/p>\n\n\n\n<p>Gest\u00e3o de Contrato &#8211; Pagamento<\/p>\n\n\n\n<p>Recolhimento (GRU) Cess\u00e3o Onerosa de Espa\u00e7o F\u00edsico<\/p>\n\n\n\n<p>Solicita\u00e7\u00e3o de Altera\u00e7\u00e3o Contratual<\/p>\n\n\n\n<p>Solicita\u00e7\u00e3o de Prorroga\u00e7\u00e3o Contratual<\/p>\n\n\n\n<p>Reajuste ou Repactua\u00e7\u00e3o Contratual<\/p>\n\n\n\n<p>Aplica\u00e7\u00e3o de San\u00e7\u00e3o Contratual<\/p>\n\n\n\n<p>Comodato de Vasilhames<\/p>\n\n\n\n<p>Solicita\u00e7\u00e3o de empenho para Di\u00e1rias e Passagens<\/p>\n\n\n\n<p>Solicita\u00e7\u00e3o de Empenho e Pagamento &#8211; Transporte para Aulas Pr\u00e1ticas, Visitas T\u00e9cnicas e Eventos<\/p>\n\n\n\n<p>Emiss\u00e3o de Atestado de Capacidade T\u00e9cnica<\/p>\n\n\n\n<p>Rescis\u00e3o Contratual<\/p>\n\n\n\n<p>Loca\u00e7\u00e3o de Im\u00f3vel &#8211; contrata\u00e7\u00e3o<\/p>\n\n\n\n<p>Cess\u00e3o Onerosa de Espa\u00e7o F\u00edsico &#8211; contrata\u00e7\u00e3o <\/p>\n\n\n\n<p><\/p>\n","protected":false},"excerpt":{"rendered":"<p>POP &#8211; Procedimento Operacional Padr\u00e3o no Sistema SEI Envio de Nota Fiscal referente a Contratos de servi\u00e7os SEM dedica\u00e7\u00e3o exclusiva de m\u00e3o de obra. Envio de Nota Fiscal referente a Contratos com fornecimento de material. Envio de Nota Fiscal referente a Contratos de obras. Orienta\u00e7\u00e3o para Ateste de Cess\u00e3o de Espa\u00e7o F\u00edsico com Contrato. Bases [&hellip;]<\/p>\n","protected":false},"author":847,"featured_media":0,"parent":0,"menu_order":5,"comment_status":"closed","ping_status":"closed","template":"","meta":{"footnotes":""},"class_list":["post-224","page","type-page","status-publish","hentry"],"_links":{"self":[{"href":"https:\/\/wp.ufpel.edu.br\/nucon\/wp-json\/wp\/v2\/pages\/224","targetHints":{"allow":["GET"]}}],"collection":[{"href":"https:\/\/wp.ufpel.edu.br\/nucon\/wp-json\/wp\/v2\/pages"}],"about":[{"href":"https:\/\/wp.ufpel.edu.br\/nucon\/wp-json\/wp\/v2\/types\/page"}],"author":[{"embeddable":true,"href":"https:\/\/wp.ufpel.edu.br\/nucon\/wp-json\/wp\/v2\/users\/847"}],"replies":[{"embeddable":true,"href":"https:\/\/wp.ufpel.edu.br\/nucon\/wp-json\/wp\/v2\/comments?post=224"}],"version-history":[{"count":23,"href":"https:\/\/wp.ufpel.edu.br\/nucon\/wp-json\/wp\/v2\/pages\/224\/revisions"}],"predecessor-version":[{"id":609,"href":"https:\/\/wp.ufpel.edu.br\/nucon\/wp-json\/wp\/v2\/pages\/224\/revisions\/609"}],"wp:attachment":[{"href":"https:\/\/wp.ufpel.edu.br\/nucon\/wp-json\/wp\/v2\/media?parent=224"}],"curies":[{"name":"wp","href":"https:\/\/api.w.org\/{rel}","templated":true}]}}