{"id":156,"date":"2020-09-24T17:20:29","date_gmt":"2020-09-24T20:20:29","guid":{"rendered":"https:\/\/wp.ufpel.edu.br\/nucon\/?page_id=156"},"modified":"2025-05-27T08:56:15","modified_gmt":"2025-05-27T11:56:15","slug":"contato","status":"publish","type":"page","link":"https:\/\/wp.ufpel.edu.br\/nucon\/contato\/","title":{"rendered":"Contatos"},"content":{"rendered":"<p><strong><span class=\"TextRun SCXW77302078 BCX0\" lang=\"PT-BR\" xml:lang=\"PT-BR\" data-contrast=\"auto\"><span class=\"NormalTextRun SCXW77302078 BCX0\">Atendimento <\/span><span class=\"NormalTextRun SpellingErrorV2 SpellingErrorHighlight SCXW77302078 BCX0\">UFPel<\/span><span class=\"NormalTextRun SCXW77302078 BCX0\">:<\/span><\/span><\/strong> <a class=\"Hyperlink SCXW77302078 BCX0\" href=\"https:\/\/wp.ufpel.edu.br\/perguntas\/contratos\/\" target=\"_blank\" rel=\"noreferrer noopener\"><span class=\"TextRun Underlined SCXW77302078 BCX0\" lang=\"PT-BR\" xml:lang=\"PT-BR\" data-contrast=\"none\"><span class=\"NormalTextRun SCXW77302078 BCX0\" data-ccp-charstyle=\"Hyperlink\">Contratos<\/span><\/span><\/a><\/p>\n<p><span style=\"font-family: georgia, palatino, serif; font-size: 12pt;\"><strong>E-mail: <\/strong>contratos@ufpel.edu.br<\/span><\/p>\n<p><span style=\"font-family: georgia, palatino, serif; font-size: 12pt;\"><strong>Telefone: <\/strong>+55 53 32843932<\/span><\/p>\n<p><strong>Endere\u00e7o: <\/strong><span class=\"TextRun  BCX0 SCXW132413213\" lang=\"PT-BR\" xml:lang=\"PT-BR\" data-contrast=\"auto\"><span class=\"NormalTextRun  BCX0 SCXW132413213\">Rua Gomes Carneiro n\u00ba 01, Bloco A, Sala 312, Centro, Pelotas-RS, CEP 96010-610.<\/span><\/span><\/p>\n<p><strong><span class=\"TextRun SCXW238925960 BCX0\" lang=\"PT-BR\" xml:lang=\"PT-BR\" data-contrast=\"auto\"><span class=\"NormalTextRun SCXW238925960 BCX0\"> Hor\u00e1rio de atendimento: <\/span><\/span><\/strong><span class=\"TextRun SCXW238925960 BCX0\" lang=\"PT-BR\" xml:lang=\"PT-BR\" data-contrast=\"auto\"><span class=\"NormalTextRun SCXW238925960 BCX0\">de segunda \u00e0 sexta-feira, das 8h \u00e0s 12h e das 14h \u00e0s 18h.<\/span><\/span><\/p>\n<p><strong><span style=\"font-family: georgia, palatino, serif; font-size: 12pt;\">N\u00facleo de Contratos (NUCON)\u00a0<\/span><\/strong><br \/><span style=\"font-family: georgia, palatino, serif; font-size: 12pt;\">Michele M\u00fcller da Rocha (Chefe do N\u00facleo)<\/span><br \/><span style=\"font-family: georgia, palatino, serif; font-size: 12pt;\">Juliana Isaura Aires da Rocha<\/span><br \/><span style=\"font-family: georgia, palatino, serif; font-size: 12pt;\">Kelly Romano Huckembech<\/span><br \/><span style=\"font-family: georgia, palatino, serif; font-size: 12pt;\">Raineri da Silva Medeiros<br \/><\/span><\/p>\n<p style=\"padding-left: 40px;\"><strong><span style=\"font-family: georgia, palatino, serif; font-size: 12pt;\">Se\u00e7\u00e3o de Despesas Cont\u00ednuas (SDC)<\/span><\/strong><br \/><span style=\"font-family: georgia, palatino, serif; font-size: 12pt;\">Virginia Laura Machado Dutra (Chefe da Se\u00e7\u00e3o)<\/span><br \/><span style=\"font-family: georgia, palatino, serif; font-size: 12pt;\">Juliana Vernetti Giusti<\/span><\/p>\n\n\n<p><\/p>\n","protected":false},"excerpt":{"rendered":"<p>Atendimento UFPel: Contratos E-mail: contratos@ufpel.edu.br Telefone: +55 53 32843932 Endere\u00e7o: Rua Gomes Carneiro n\u00ba 01, Bloco A, Sala 312, Centro, Pelotas-RS, CEP 96010-610. Hor\u00e1rio de atendimento: de segunda \u00e0 sexta-feira, das 8h \u00e0s 12h e das 14h \u00e0s 18h. N\u00facleo de Contratos (NUCON)\u00a0Michele M\u00fcller da Rocha (Chefe do N\u00facleo)Juliana Isaura Aires da RochaKelly Romano HuckembechRaineri [&hellip;]<\/p>\n","protected":false},"author":847,"featured_media":0,"parent":0,"menu_order":1,"comment_status":"closed","ping_status":"closed","template":"","meta":{"footnotes":""},"class_list":["post-156","page","type-page","status-publish","hentry"],"_links":{"self":[{"href":"https:\/\/wp.ufpel.edu.br\/nucon\/wp-json\/wp\/v2\/pages\/156","targetHints":{"allow":["GET"]}}],"collection":[{"href":"https:\/\/wp.ufpel.edu.br\/nucon\/wp-json\/wp\/v2\/pages"}],"about":[{"href":"https:\/\/wp.ufpel.edu.br\/nucon\/wp-json\/wp\/v2\/types\/page"}],"author":[{"embeddable":true,"href":"https:\/\/wp.ufpel.edu.br\/nucon\/wp-json\/wp\/v2\/users\/847"}],"replies":[{"embeddable":true,"href":"https:\/\/wp.ufpel.edu.br\/nucon\/wp-json\/wp\/v2\/comments?post=156"}],"version-history":[{"count":22,"href":"https:\/\/wp.ufpel.edu.br\/nucon\/wp-json\/wp\/v2\/pages\/156\/revisions"}],"predecessor-version":[{"id":671,"href":"https:\/\/wp.ufpel.edu.br\/nucon\/wp-json\/wp\/v2\/pages\/156\/revisions\/671"}],"wp:attachment":[{"href":"https:\/\/wp.ufpel.edu.br\/nucon\/wp-json\/wp\/v2\/media?parent=156"}],"curies":[{"name":"wp","href":"https:\/\/api.w.org\/{rel}","templated":true}]}}