{"id":8,"date":"2012-06-18T15:47:33","date_gmt":"2012-06-18T18:47:33","guid":{"rendered":"https:\/\/wp.ufpel.edu.br\/nucleomatceng\/?page_id=8"},"modified":"2017-03-21T10:42:48","modified_gmt":"2017-03-21T13:42:48","slug":"corpo-docente","status":"publish","type":"page","link":"https:\/\/wp.ufpel.edu.br\/nucleomatceng\/corpo-docente\/","title":{"rendered":"Corpo Docente"},"content":{"rendered":"<p>O corpo docente do N\u00facleo de Matem\u00e1tica Aplicada do Centro de Engenharias est\u00e1 em forma\u00e7\u00e3o, sendo gradativamente ampliado para uma melhor estrutura\u00e7\u00e3o do mesmo.<\/p>\n<p>&nbsp;<\/p>\n<p><strong>Professores<\/strong><\/p>\n<p><strong><a title=\"Carlos Eduardo Espinosa\" href=\"http:\/\/buscatextual.cnpq.br\/buscatextual\/visualizacv.do?id=K4478841Z4\">Prof. Carlos Eduardo Espinosa<\/a><\/strong><\/p>\n<div>\n<div>-Gradua\u00e7\u00e3o em Matem\u00e1tica<\/div>\n<div>-Mestrado em Matem\u00e1tica Aplicada<\/div>\n<div>-Doutor em Engenharia Mec\u00e2nica<\/div>\n<\/div>\n<div><a href=\"https:\/\/wp.ufpel.edu.br\/espinosa\">\u00a0https:\/\/wp.ufpel.edu.br\/espinosa<\/a><\/div>\n<div><\/div>\n<div><\/div>\n<p><strong><a href=\"http:\/\/buscatextual.cnpq.br\/buscatextual\/visualizacv.do?id=K4742888Y5\">Prof. Eduardo da Silva Schneider<\/a>\u00a0(Afastado para P\u00f3s-Gradua\u00e7\u00e3o)<br \/>\n<\/strong><\/p>\n<p>-Bacharel em Matem\u00e1tica Pura<br \/>\n-Mestre em Matem\u00e1tica Aplicada<\/p>\n<p>&nbsp;<\/p>\n<p><a href=\"http:\/\/lattes.cnpq.br\/7201417618813599\"><strong>Prof. Germ\u00e1n Ram\u00f3n Canahualpa Suazo<\/strong><\/a><\/p>\n<p>-Graduado em Matem\u00e1tica<br \/>\n-Mestre em Matem\u00e1tica Aplicada<br \/>\n-Doutor em Matem\u00e1tica Aplicada<br \/>\n-Doutor em Engenharia Mec\u00e2nica<\/p>\n<p>&nbsp;<\/p>\n<p><a href=\"http:\/\/buscatextual.cnpq.br\/buscatextual\/visualizacv.do?id=K4484736Z4\"><strong>Prof. Guilherme Jahnecke Weymar<\/strong><\/a><\/p>\n<p>-Graduado em Matem\u00e1tica<br \/>\n-Mestre em\u00a0Engenharia Mec\u00e2nica<br \/>\n-Doutor em Engenharia Mec\u00e2nica<br \/>\n<a href=\"https:\/\/wp.ufpel.edu.br\/jahnecke\">\u00a0https:\/\/wp.ufpel.edu.br\/jahnecke<\/a><\/p>\n<p>&nbsp;<\/p>\n<p><strong><a href=\"http:\/\/buscatextual.cnpq.br\/buscatextual\/visualizacv.do?id=K4131007A7\">Prof\u00aa Karin Simonato<\/a><\/strong><\/p>\n<p>-Graduada em Matem\u00e1tica<br \/>\n-Especialista em Ensino de Matem\u00e1tica e F\u00edsica<br \/>\n-Mestre em Engenharia Agr\u00edcola<br \/>\n-Doutoranda em Engenharia de Materiais<br \/>\n<a href=\"https:\/\/wp.ufpel.edu.br\/karinsimonato\/\">https:\/\/wp.ufpel.edu.br\/karinsimonato\/<\/a><\/p>\n<p>&nbsp;<\/p>\n<p><a href=\"http:\/\/buscatextual.cnpq.br\/buscatextual\/visualizacv.do?id=K4469370U3\"><strong>Prof\u00aa\u00a0Leticia Tonetto<\/strong><\/a><\/p>\n<p>-Graduada em Matem\u00e1tica<br \/>\n-Mestre em Matem\u00e1tica Aplicada<br \/>\n-Doutora em Matem\u00e1tica Aplicada<\/p>\n<p>&nbsp;<\/p>\n<p><strong><a href=\"http:\/\/buscatextual.cnpq.br\/buscatextual\/visualizacv.do?id=K4234942U6\">Prof\u00aa Luciana Rossato Piovesan <\/a>(Afastado para P\u00f3s-Gradua\u00e7\u00e3o)<a href=\"http:\/\/buscatextual.cnpq.br\/buscatextual\/visualizacv.do?id=K4234942U6\"><br \/>\n<\/a><\/strong><\/p>\n<p>-Graduada em Matem\u00e1tica<br \/>\n-Mestre em Matem\u00e1tica Aplicada<br \/>\n-Doutoranda em Engenharia Mec\u00e2nica<\/p>\n<p>&nbsp;<\/p>\n<p><a href=\"http:\/\/buscatextual.cnpq.br\/buscatextual\/visualizacv.do?id=K4292136P2\"><strong>Prof\u00a0Marcelo\u00a0Schramm<\/strong><\/a><\/p>\n<p>-Graduado em\u00a0Engenharia Mec\u00e2nica<br \/>\n-Mestre em\u00a0Engenharia Mec\u00e2nica<br \/>\n-Doutor\u00a0em\u00a0Engenharia Mec\u00e2nica<br \/>\n<a href=\"https:\/\/wp.ufpel.edu.br\/marceloschramm\/\">https:\/\/wp.ufpel.edu.br\/marceloschramm\/<\/a><\/p>\n<p>&nbsp;<\/p>\n<p><a href=\"http:\/\/buscatextual.cnpq.br\/buscatextual\/visualizacv.do?id=K4770230E6\"><strong>\u00a0Prof\u00aa M\u00e1rcia Rosales Ribeiro Simch<\/strong><\/a><\/p>\n<p>-Graduada em Matem\u00e1tica<br \/>\n-Graduada em Engenharia Civil<br \/>\n-Especialista em Matem\u00e1tica<br \/>\n-Mestre em Matem\u00e1tica Aplicada<br \/>\n-Doutora em Engenharia Mec\u00e2nica<\/p>\n<p>&nbsp;<\/p>\n<p><strong>Professores Substitutos<\/strong><\/p>\n<p><strong>\u00a0<a href=\"http:\/\/buscatextual.cnpq.br\/buscatextual\/visualizacv.do?id=K4308216A8\">Prof\u00aa Lauren Francine Irigoite Farias<\/a><\/strong><\/p>\n<p>-Graduada em Engenharia do Petr\u00f3leo<br \/>\n-Mestranda em Engenharia Qu\u00edmica<\/p>\n<p>&nbsp;<\/p>\n<p><strong>\u00a0<a href=\"http:\/\/buscatextual.cnpq.br\/buscatextual\/visualizacv.do?id=K4453395D9\">Prof\u00aa\u00a0Cristiane Schwartz Wenzke<\/a><\/strong><\/p>\n<p>-Graduada em\u00a0Matem\u00e1tica<br \/>\n-Mestre em\u00a0Modelagem Matem\u00e1tica<\/p>\n","protected":false},"excerpt":{"rendered":"<p>O corpo docente do N\u00facleo de Matem\u00e1tica Aplicada do Centro de Engenharias est\u00e1 em forma\u00e7\u00e3o, sendo gradativamente ampliado para uma melhor estrutura\u00e7\u00e3o do mesmo. &nbsp; Professores Prof. Carlos Eduardo Espinosa -Gradua\u00e7\u00e3o em Matem\u00e1tica -Mestrado em Matem\u00e1tica Aplicada -Doutor em Engenharia Mec\u00e2nica \u00a0https:\/\/wp.ufpel.edu.br\/espinosa Prof. Eduardo da Silva Schneider\u00a0(Afastado para P\u00f3s-Gradua\u00e7\u00e3o) -Bacharel em Matem\u00e1tica Pura -Mestre em &hellip; <\/p>\n<p><a class=\"more-link btn\" href=\"https:\/\/wp.ufpel.edu.br\/nucleomatceng\/corpo-docente\/\">Continue lendo<\/a><\/p>\n","protected":false},"author":195,"featured_media":0,"parent":0,"menu_order":0,"comment_status":"closed","ping_status":"closed","template":"","meta":{"footnotes":""},"class_list":["post-8","page","type-page","status-publish","hentry","nodate","item-wrap"],"_links":{"self":[{"href":"https:\/\/wp.ufpel.edu.br\/nucleomatceng\/wp-json\/wp\/v2\/pages\/8","targetHints":{"allow":["GET"]}}],"collection":[{"href":"https:\/\/wp.ufpel.edu.br\/nucleomatceng\/wp-json\/wp\/v2\/pages"}],"about":[{"href":"https:\/\/wp.ufpel.edu.br\/nucleomatceng\/wp-json\/wp\/v2\/types\/page"}],"author":[{"embeddable":true,"href":"https:\/\/wp.ufpel.edu.br\/nucleomatceng\/wp-json\/wp\/v2\/users\/195"}],"replies":[{"embeddable":true,"href":"https:\/\/wp.ufpel.edu.br\/nucleomatceng\/wp-json\/wp\/v2\/comments?post=8"}],"version-history":[{"count":63,"href":"https:\/\/wp.ufpel.edu.br\/nucleomatceng\/wp-json\/wp\/v2\/pages\/8\/revisions"}],"predecessor-version":[{"id":2468,"href":"https:\/\/wp.ufpel.edu.br\/nucleomatceng\/wp-json\/wp\/v2\/pages\/8\/revisions\/2468"}],"wp:attachment":[{"href":"https:\/\/wp.ufpel.edu.br\/nucleomatceng\/wp-json\/wp\/v2\/media?parent=8"}],"curies":[{"name":"wp","href":"https:\/\/api.w.org\/{rel}","templated":true}]}}