{"id":628,"date":"2012-11-13T22:04:13","date_gmt":"2012-11-14T00:04:13","guid":{"rendered":"https:\/\/wp.ufpel.edu.br\/nucleomatceng\/?page_id=628"},"modified":"2013-01-23T06:59:32","modified_gmt":"2013-01-23T08:59:32","slug":"avisos","status":"publish","type":"page","link":"https:\/\/wp.ufpel.edu.br\/nucleomatceng\/disciplinas\/calculo-com-geometria-analitica-ii\/prof-german-suazo\/avisos\/","title":{"rendered":"Avisos"},"content":{"rendered":"<p><strong>URGENTE: a aula de 04\/12\/2012 est\u00e1 suspensa por motivos de participa\u00e7\u00e3o em banca de concurso.<\/strong><\/p>\n<p><strong>Primeira Prova Escrita (turma de ter\u00e7a e quarta)<\/strong>: 18\/12\/2012<\/p>\n<p>As aulas para a turma de segunda e quarta, a partir da data (26\/11\/2012) ser\u00e3o ministradas na sala 107 do ex-col\u00e9gio Salis Goulart.<\/p>\n<p><strong>Primeira Prova Escrita (turma de segunda e quarta)<\/strong>: 17\/12\/2012<\/p>\n<p><strong>URGENTE:\u00a0<strong>a aula de 23\/01\/2013 est\u00e1 suspensa por motivos de reuni\u00e3o<\/strong><\/strong><\/p>\n<p>&nbsp;<\/p>\n","protected":false},"excerpt":{"rendered":"<p>URGENTE: a aula de 04\/12\/2012 est\u00e1 suspensa por motivos de participa\u00e7\u00e3o em banca de concurso. Primeira Prova Escrita (turma de ter\u00e7a e quarta): 18\/12\/2012 As aulas para a turma de segunda e quarta, a partir da data (26\/11\/2012) ser\u00e3o ministradas na sala 107 do ex-col\u00e9gio Salis Goulart. Primeira Prova Escrita (turma de segunda e quarta): &hellip; <\/p>\n<p><a class=\"more-link btn\" href=\"https:\/\/wp.ufpel.edu.br\/nucleomatceng\/disciplinas\/calculo-com-geometria-analitica-ii\/prof-german-suazo\/avisos\/\">Continue lendo<\/a><\/p>\n","protected":false},"author":195,"featured_media":0,"parent":437,"menu_order":0,"comment_status":"closed","ping_status":"closed","template":"","meta":{"footnotes":""},"class_list":["post-628","page","type-page","status-publish","hentry","nodate","item-wrap"],"_links":{"self":[{"href":"https:\/\/wp.ufpel.edu.br\/nucleomatceng\/wp-json\/wp\/v2\/pages\/628","targetHints":{"allow":["GET"]}}],"collection":[{"href":"https:\/\/wp.ufpel.edu.br\/nucleomatceng\/wp-json\/wp\/v2\/pages"}],"about":[{"href":"https:\/\/wp.ufpel.edu.br\/nucleomatceng\/wp-json\/wp\/v2\/types\/page"}],"author":[{"embeddable":true,"href":"https:\/\/wp.ufpel.edu.br\/nucleomatceng\/wp-json\/wp\/v2\/users\/195"}],"replies":[{"embeddable":true,"href":"https:\/\/wp.ufpel.edu.br\/nucleomatceng\/wp-json\/wp\/v2\/comments?post=628"}],"version-history":[{"count":9,"href":"https:\/\/wp.ufpel.edu.br\/nucleomatceng\/wp-json\/wp\/v2\/pages\/628\/revisions"}],"predecessor-version":[{"id":809,"href":"https:\/\/wp.ufpel.edu.br\/nucleomatceng\/wp-json\/wp\/v2\/pages\/628\/revisions\/809"}],"up":[{"embeddable":true,"href":"https:\/\/wp.ufpel.edu.br\/nucleomatceng\/wp-json\/wp\/v2\/pages\/437"}],"wp:attachment":[{"href":"https:\/\/wp.ufpel.edu.br\/nucleomatceng\/wp-json\/wp\/v2\/media?parent=628"}],"curies":[{"name":"wp","href":"https:\/\/api.w.org\/{rel}","templated":true}]}}