{"id":616,"date":"2012-11-13T21:21:42","date_gmt":"2012-11-13T23:21:42","guid":{"rendered":"https:\/\/wp.ufpel.edu.br\/nucleomatceng\/?page_id=616"},"modified":"2013-03-25T21:31:16","modified_gmt":"2013-03-26T00:31:16","slug":"avaliacao-e-notas","status":"publish","type":"page","link":"https:\/\/wp.ufpel.edu.br\/nucleomatceng\/disciplinas\/calculo-com-geometria-analitica-ii\/prof-german-suazo\/avaliacao-e-notas\/","title":{"rendered":"Avalia\u00e7\u00e3o e Notas"},"content":{"rendered":"<p><strong>Primeira Prova Escrita (turma de segunda e quarta):<\/strong> 17\/12\/2012<\/p>\n<p><a href=\"https:\/\/wp.ufpel.edu.br\/nucleomatceng\/files\/2012\/11\/LISTA-DE-T\u00d3PICOS-PARA-RELAT\u00d3RIO4.pdf\">LISTA DE T\u00d3PICOS PARA RELAT\u00d3RIO<\/a><\/p>\n<p><a href=\"https:\/\/wp.ufpel.edu.br\/nucleomatceng\/files\/2012\/11\/LISTA-DE-T\u00d3PICOS-PARA-RELAT\u00d3RIO_M2.pdf\">LISTA DE T\u00d3PICOS PARA RELAT\u00d3RIO (TURMA M2)<\/a><\/p>\n<p><a href=\"https:\/\/wp.ufpel.edu.br\/nucleomatceng\/files\/2012\/11\/NOTAS_CALCULO_II_M13.pdf\">NOTAS FINAIS DA TURMA M1<\/a><\/p>\n<p><a href=\"https:\/\/wp.ufpel.edu.br\/nucleomatceng\/files\/2012\/11\/NOTAS_CALCULO_II_M23.pdf\">NOTAS FINAIS DA TURMA M2<\/a><\/p>\n","protected":false},"excerpt":{"rendered":"<p>Primeira Prova Escrita (turma de segunda e quarta): 17\/12\/2012 LISTA DE T\u00d3PICOS PARA RELAT\u00d3RIO LISTA DE T\u00d3PICOS PARA RELAT\u00d3RIO (TURMA M2) NOTAS FINAIS DA TURMA M1 NOTAS FINAIS DA TURMA M2<\/p>\n","protected":false},"author":195,"featured_media":0,"parent":437,"menu_order":0,"comment_status":"closed","ping_status":"closed","template":"","meta":{"footnotes":""},"class_list":["post-616","page","type-page","status-publish","hentry","nodate","item-wrap"],"_links":{"self":[{"href":"https:\/\/wp.ufpel.edu.br\/nucleomatceng\/wp-json\/wp\/v2\/pages\/616","targetHints":{"allow":["GET"]}}],"collection":[{"href":"https:\/\/wp.ufpel.edu.br\/nucleomatceng\/wp-json\/wp\/v2\/pages"}],"about":[{"href":"https:\/\/wp.ufpel.edu.br\/nucleomatceng\/wp-json\/wp\/v2\/types\/page"}],"author":[{"embeddable":true,"href":"https:\/\/wp.ufpel.edu.br\/nucleomatceng\/wp-json\/wp\/v2\/users\/195"}],"replies":[{"embeddable":true,"href":"https:\/\/wp.ufpel.edu.br\/nucleomatceng\/wp-json\/wp\/v2\/comments?post=616"}],"version-history":[{"count":19,"href":"https:\/\/wp.ufpel.edu.br\/nucleomatceng\/wp-json\/wp\/v2\/pages\/616\/revisions"}],"predecessor-version":[{"id":844,"href":"https:\/\/wp.ufpel.edu.br\/nucleomatceng\/wp-json\/wp\/v2\/pages\/616\/revisions\/844"}],"up":[{"embeddable":true,"href":"https:\/\/wp.ufpel.edu.br\/nucleomatceng\/wp-json\/wp\/v2\/pages\/437"}],"wp:attachment":[{"href":"https:\/\/wp.ufpel.edu.br\/nucleomatceng\/wp-json\/wp\/v2\/media?parent=616"}],"curies":[{"name":"wp","href":"https:\/\/api.w.org\/{rel}","templated":true}]}}