{"id":501,"date":"2012-11-12T11:01:34","date_gmt":"2012-11-12T13:01:34","guid":{"rendered":"https:\/\/wp.ufpel.edu.br\/nucleomatceng\/?page_id=501"},"modified":"2013-03-07T22:36:39","modified_gmt":"2013-03-08T01:36:39","slug":"material-de-apoio","status":"publish","type":"page","link":"https:\/\/wp.ufpel.edu.br\/nucleomatceng\/disciplinas\/calculo-operacional\/prof-german-suazo\/material-de-apoio\/","title":{"rendered":"Material de apoio"},"content":{"rendered":"<p><em>Reginaldo<\/em><a href=\"http:\/\/www.mat.ufmg.br\/~regi\/livros.html\">\u00a0J.\u00a0<em>Santos<\/em>\u00a0&#8211; Livros em PDF<\/a>:\u00a0\u00a0www.mat.ufmg.br\/~regi\/livros.html<\/p>\n<p><a href=\"https:\/\/wp.ufpel.edu.br\/nucleomatceng\/files\/2012\/11\/01_INTRDU\u00c7\u00c3O_AS_ED.zip\">01 INTRODU\u00c7\u00c3O \u00c0S ED (FEITO EM MAPLE)<\/a><\/p>\n<p><a href=\"https:\/\/wp.ufpel.edu.br\/nucleomatceng\/files\/2012\/11\/02_VAR_SEPARAVEIS_11.zip\">02 EQUA\u00c7\u00d5ES DE VARI\u00c1VEIS SEPARAVEIS 1 (FEITO EM MAPLE)<\/a><\/p>\n<p><a href=\"https:\/\/wp.ufpel.edu.br\/nucleomatceng\/files\/2012\/11\/03_VAR_SEPARAVEIS_2.zip\">03 EQUA\u00c7\u00d5ES DE VARI\u00c1VEIS SEPAR\u00c1VEIS 2 \u00a0(FEITO EM MAPLE)<\/a><\/p>\n<p><a href=\"https:\/\/wp.ufpel.edu.br\/nucleomatceng\/files\/2012\/11\/04_VAR_SEPARAVEIS_3.zip\">04 EQUA\u00c7\u00d5ES DE VARI\u00c1VEIS SEPAR\u00c1VEIS 3 (FEITO EM MAPLE)<\/a><\/p>\n<p><a href=\"https:\/\/wp.ufpel.edu.br\/nucleomatceng\/files\/2012\/11\/05_EXATAS_01.zip\">05 EDO DE PRIMEIRA ORDEM EXATAS 1 (FEITO EM MAPLE)<\/a><\/p>\n<p><a href=\"https:\/\/wp.ufpel.edu.br\/nucleomatceng\/files\/2012\/11\/06_EXATAS_02.zip\">06 EDO DE PRIMEIRA ORDEM EXATAS 2 (FEITO EM MAPLE)<\/a><\/p>\n<p><a href=\"https:\/\/wp.ufpel.edu.br\/nucleomatceng\/files\/2012\/11\/07_HOMOGENEAS.zip\">07 EDO DE PRIMEIRA ORDEM HOMOG\u00caNEA (FEITO EM MAPLE)<\/a><\/p>\n<p><a href=\"https:\/\/wp.ufpel.edu.br\/nucleomatceng\/files\/2012\/11\/08_EDO_1ra_ORDEM_LINEARES_1.zip\">08 EDO DE PRIMEIRA ORDEM LINEARES 1 (FEITO EM MAPLE)<\/a><\/p>\n<p><a href=\"https:\/\/wp.ufpel.edu.br\/nucleomatceng\/files\/2012\/11\/09_EDO_1ra_ORDEM_LINEARES_2.zip\">09 EDO DE PRIMEIRA ORDEM LINEARES 2 (FEITO EM MAPLE)<\/a><\/p>\n<p><a href=\"https:\/\/wp.ufpel.edu.br\/nucleomatceng\/files\/2012\/11\/10_EQ_DE_BERNOULLI.zip\">10 EQUA\u00c7\u00c3O DE BERNOULLI (FEITO EM MAPLE)<\/a><\/p>\n<p><a href=\"https:\/\/wp.ufpel.edu.br\/nucleomatceng\/files\/2012\/11\/11_APLICA\u00c7\u00d5ES_EDO_1ra_ORDEM.zip\">11 APLICA\u00c7\u00d5ES EDO DE PRIMEIRA ORDEM (FEITO EM MAPLE)<\/a><\/p>\n<p><a href=\"https:\/\/wp.ufpel.edu.br\/nucleomatceng\/files\/2012\/11\/12_EDO_1ra_ORDEM_LINEARES_INVERSAS.zip\">12 EDO DE PRIMEIRA ORDEM LINEARES INVERSAS (FEITO EM MAPLE)<\/a><\/p>\n<p><a href=\"https:\/\/wp.ufpel.edu.br\/nucleomatceng\/files\/2012\/11\/13_EDO_2da_ORDEM_COEF_CONSTANTES.zip\">13 EDO DE SEGUNDA ORDEM COM COEFICIENTES CONSTANTES (FEITO EM MAPLE)<\/a><\/p>\n<p><a href=\"https:\/\/wp.ufpel.edu.br\/nucleomatceng\/files\/2012\/11\/14_EDO_2da_ORDEM_COEF_CONSTANTES_COEF_INDET.zip\">14 EDO DE SEGUNDA ORDEM COM COEFICIENTES INDETERMINADOS (COEFICIENTES INDETERMINADOS) (FEITO EM MAPLE)<\/a><\/p>\n<p><a href=\"https:\/\/wp.ufpel.edu.br\/nucleomatceng\/files\/2012\/11\/15_EDO_2da_ORDEM_COEF_CONSTANTES_VAR_PARAM.zip\">15 EDO DE SEGUNDA ORDEM COM COEFICIENTES CONSTANTES (VARIA\u00c7\u00c3O DE PAR\u00c2METROS) (FEITO EM MAPLE)<\/a><\/p>\n<p><a href=\"https:\/\/wp.ufpel.edu.br\/nucleomatceng\/files\/2012\/11\/16_EDO_2da_ORDEM_COEF_CONSTANTES_COM-PROCEDURE.zip\">16 EDO DE SEGUNDA ORDEM COM COEFICIENTES CONSTANTES (COM PROCEDURE) (FEITO EM MAPLE)<\/a><\/p>\n<p><a href=\"https:\/\/wp.ufpel.edu.br\/nucleomatceng\/files\/2012\/11\/calculo_D_edo_1.pdf\">Material CEAD C\u00e1lculo D (EDO parte 1)<\/a><\/p>\n<p><a href=\"https:\/\/wp.ufpel.edu.br\/nucleomatceng\/files\/2012\/11\/calculo_D_edo_2.pdf\">Material CEAD C\u00e1lculo D (EDO parte 2)<\/a><\/p>\n<p><a href=\"https:\/\/wp.ufpel.edu.br\/nucleomatceng\/files\/2012\/11\/TRANSFORMADA-DE-LAPLACE-E-PROPRIEDADES6.pdf\">TRANSFORMADA DE LAPLACE E PROPRIEDADES<\/a><\/p>\n","protected":false},"excerpt":{"rendered":"<p>Reginaldo\u00a0J.\u00a0Santos\u00a0&#8211; Livros em PDF:\u00a0\u00a0www.mat.ufmg.br\/~regi\/livros.html 01 INTRODU\u00c7\u00c3O \u00c0S ED (FEITO EM MAPLE) 02 EQUA\u00c7\u00d5ES DE VARI\u00c1VEIS SEPARAVEIS 1 (FEITO EM MAPLE) 03 EQUA\u00c7\u00d5ES DE VARI\u00c1VEIS SEPAR\u00c1VEIS 2 \u00a0(FEITO EM MAPLE) 04 EQUA\u00c7\u00d5ES DE VARI\u00c1VEIS SEPAR\u00c1VEIS 3 (FEITO EM MAPLE) 05 EDO DE PRIMEIRA ORDEM EXATAS 1 (FEITO EM MAPLE) 06 EDO DE PRIMEIRA ORDEM EXATAS 2 &hellip; <\/p>\n<p><a class=\"more-link btn\" href=\"https:\/\/wp.ufpel.edu.br\/nucleomatceng\/disciplinas\/calculo-operacional\/prof-german-suazo\/material-de-apoio\/\">Continue lendo<\/a><\/p>\n","protected":false},"author":195,"featured_media":0,"parent":491,"menu_order":0,"comment_status":"closed","ping_status":"closed","template":"","meta":{"footnotes":""},"class_list":["post-501","page","type-page","status-publish","hentry","nodate","item-wrap"],"_links":{"self":[{"href":"https:\/\/wp.ufpel.edu.br\/nucleomatceng\/wp-json\/wp\/v2\/pages\/501","targetHints":{"allow":["GET"]}}],"collection":[{"href":"https:\/\/wp.ufpel.edu.br\/nucleomatceng\/wp-json\/wp\/v2\/pages"}],"about":[{"href":"https:\/\/wp.ufpel.edu.br\/nucleomatceng\/wp-json\/wp\/v2\/types\/page"}],"author":[{"embeddable":true,"href":"https:\/\/wp.ufpel.edu.br\/nucleomatceng\/wp-json\/wp\/v2\/users\/195"}],"replies":[{"embeddable":true,"href":"https:\/\/wp.ufpel.edu.br\/nucleomatceng\/wp-json\/wp\/v2\/comments?post=501"}],"version-history":[{"count":25,"href":"https:\/\/wp.ufpel.edu.br\/nucleomatceng\/wp-json\/wp\/v2\/pages\/501\/revisions"}],"predecessor-version":[{"id":1390,"href":"https:\/\/wp.ufpel.edu.br\/nucleomatceng\/wp-json\/wp\/v2\/pages\/501\/revisions\/1390"}],"up":[{"embeddable":true,"href":"https:\/\/wp.ufpel.edu.br\/nucleomatceng\/wp-json\/wp\/v2\/pages\/491"}],"wp:attachment":[{"href":"https:\/\/wp.ufpel.edu.br\/nucleomatceng\/wp-json\/wp\/v2\/media?parent=501"}],"curies":[{"name":"wp","href":"https:\/\/api.w.org\/{rel}","templated":true}]}}