{"id":495,"date":"2012-11-12T10:58:48","date_gmt":"2012-11-12T12:58:48","guid":{"rendered":"https:\/\/wp.ufpel.edu.br\/nucleomatceng\/?page_id=495"},"modified":"2012-12-07T12:11:08","modified_gmt":"2012-12-07T14:11:08","slug":"avisos","status":"publish","type":"page","link":"https:\/\/wp.ufpel.edu.br\/nucleomatceng\/disciplinas\/calculo-operacional\/prof-german-suazo\/avisos\/","title":{"rendered":"Avisos"},"content":{"rendered":"<p><strong>URGENTE: encontro com monitor \u00a0sobre m\u00e9todos de integra\u00e7\u00e3o: segunda-feira 10\/12\/2012 no Laborat\u00f3rio de Eletromagnetismo (campus porto) do lado da secretaria do curso de eng. eletronica e controle e automa\u00e7\u00e3o, das 09 \u00e0s 11 horas.<\/strong><\/p>\n<p><strong>\u00a0Prova 1<\/strong> &#8211; 24\/01\/2013 \u00a0(quinta-feira)<\/p>\n<p><strong>Prova 2<\/strong> &#8211; 14\/03\/2013 \u00a0(quinta-feira)<\/p>\n<p><strong>Artigo<\/strong> &#8211; 18\/03\/2013 (segunda-feira)<\/p>\n<p><strong>Segunda chamada<\/strong> (casos amparados por lei) &#8211; 18\/03\/2013 (segunda-feira)<\/p>\n<p><strong>Exame<\/strong> &#8211; 21\/03\/2013 (quinta-feira)<\/p>\n<p><strong>Monitores<\/strong>: Renata Alberton (realberton@gmail.com),<\/p>\n<p>Rafael Sales (rafael.ma.sales@gmail.com).<\/p>\n<p><strong>Tutoria C\u00e1lculo Integral<\/strong>: Rodrigo Chollet Araujo \u00a0(rodrigochollet@hotmail.com)<\/p>\n<p>A aula de segunda-feira 03\/12\/2012 ser\u00e1 de exerc\u00edcios e revis\u00e3o de conte\u00fado.<\/p>\n","protected":false},"excerpt":{"rendered":"<p>URGENTE: encontro com monitor \u00a0sobre m\u00e9todos de integra\u00e7\u00e3o: segunda-feira 10\/12\/2012 no Laborat\u00f3rio de Eletromagnetismo (campus porto) do lado da secretaria do curso de eng. eletronica e controle e automa\u00e7\u00e3o, das 09 \u00e0s 11 horas. \u00a0Prova 1 &#8211; 24\/01\/2013 \u00a0(quinta-feira) Prova 2 &#8211; 14\/03\/2013 \u00a0(quinta-feira) Artigo &#8211; 18\/03\/2013 (segunda-feira) Segunda chamada (casos amparados por lei) &#8211; &hellip; <\/p>\n<p><a class=\"more-link btn\" href=\"https:\/\/wp.ufpel.edu.br\/nucleomatceng\/disciplinas\/calculo-operacional\/prof-german-suazo\/avisos\/\">Continue lendo<\/a><\/p>\n","protected":false},"author":195,"featured_media":0,"parent":491,"menu_order":0,"comment_status":"closed","ping_status":"closed","template":"","meta":{"footnotes":""},"class_list":["post-495","page","type-page","status-publish","hentry","nodate","item-wrap"],"_links":{"self":[{"href":"https:\/\/wp.ufpel.edu.br\/nucleomatceng\/wp-json\/wp\/v2\/pages\/495","targetHints":{"allow":["GET"]}}],"collection":[{"href":"https:\/\/wp.ufpel.edu.br\/nucleomatceng\/wp-json\/wp\/v2\/pages"}],"about":[{"href":"https:\/\/wp.ufpel.edu.br\/nucleomatceng\/wp-json\/wp\/v2\/types\/page"}],"author":[{"embeddable":true,"href":"https:\/\/wp.ufpel.edu.br\/nucleomatceng\/wp-json\/wp\/v2\/users\/195"}],"replies":[{"embeddable":true,"href":"https:\/\/wp.ufpel.edu.br\/nucleomatceng\/wp-json\/wp\/v2\/comments?post=495"}],"version-history":[{"count":10,"href":"https:\/\/wp.ufpel.edu.br\/nucleomatceng\/wp-json\/wp\/v2\/pages\/495\/revisions"}],"predecessor-version":[{"id":738,"href":"https:\/\/wp.ufpel.edu.br\/nucleomatceng\/wp-json\/wp\/v2\/pages\/495\/revisions\/738"}],"up":[{"embeddable":true,"href":"https:\/\/wp.ufpel.edu.br\/nucleomatceng\/wp-json\/wp\/v2\/pages\/491"}],"wp:attachment":[{"href":"https:\/\/wp.ufpel.edu.br\/nucleomatceng\/wp-json\/wp\/v2\/media?parent=495"}],"curies":[{"name":"wp","href":"https:\/\/api.w.org\/{rel}","templated":true}]}}