{"id":419,"date":"2012-11-05T16:07:29","date_gmt":"2012-11-05T18:07:29","guid":{"rendered":"https:\/\/wp.ufpel.edu.br\/nucleomatceng\/?page_id=419"},"modified":"2012-11-05T16:07:29","modified_gmt":"2012-11-05T18:07:29","slug":"informacoes","status":"publish","type":"page","link":"https:\/\/wp.ufpel.edu.br\/nucleomatceng\/disciplinas\/estatistica-basica\/informacoes\/","title":{"rendered":"Informa\u00e7\u00f5es"},"content":{"rendered":"<p>Ementa<\/p>\n<ol>\n<li>Estat\u00edstica Descritiva<\/li>\n<li>Probabilidade no espa\u00e7o b\u00e1sico<\/li>\n<li>Distribui\u00e7\u00f5es de probabilidade<\/li>\n<li>Distribui\u00e7\u00f5es amostrais<\/li>\n<li>Infer\u00eancia estat\u00edstica: estima\u00e7\u00e3o e testes de hip\u00f3teses<\/li>\n<\/ol>\n<p>Avalia\u00e7\u00f5es<\/p>\n<p>Primeira: 20\/12 (Estat\u00edstica Descritiva, Probabilidade espa\u00e7o b\u00e1sico)<br \/>\nSegunda: Distribui\u00e7\u00f5es, Distribui\u00e7\u00f5es amostrais, Estima\u00e7\u00e3o<br \/>\nTerceira: Estima\u00e7\u00e3o, Testes de hip\u00f3teses.<\/p>\n<p>Trabalho: uma nota<\/p>\n<p>M\u00e9dia semestral: m\u00e9dia aritm\u00e9tica das quatro notas.<\/p>\n","protected":false},"excerpt":{"rendered":"<p>Ementa Estat\u00edstica Descritiva Probabilidade no espa\u00e7o b\u00e1sico Distribui\u00e7\u00f5es de probabilidade Distribui\u00e7\u00f5es amostrais Infer\u00eancia estat\u00edstica: estima\u00e7\u00e3o e testes de hip\u00f3teses Avalia\u00e7\u00f5es Primeira: 20\/12 (Estat\u00edstica Descritiva, Probabilidade espa\u00e7o b\u00e1sico) Segunda: Distribui\u00e7\u00f5es, Distribui\u00e7\u00f5es amostrais, Estima\u00e7\u00e3o Terceira: Estima\u00e7\u00e3o, Testes de hip\u00f3teses. Trabalho: uma nota M\u00e9dia semestral: m\u00e9dia aritm\u00e9tica das quatro notas.<\/p>\n","protected":false},"author":195,"featured_media":0,"parent":411,"menu_order":0,"comment_status":"closed","ping_status":"closed","template":"","meta":{"footnotes":""},"class_list":["post-419","page","type-page","status-publish","hentry","nodate","item-wrap"],"_links":{"self":[{"href":"https:\/\/wp.ufpel.edu.br\/nucleomatceng\/wp-json\/wp\/v2\/pages\/419","targetHints":{"allow":["GET"]}}],"collection":[{"href":"https:\/\/wp.ufpel.edu.br\/nucleomatceng\/wp-json\/wp\/v2\/pages"}],"about":[{"href":"https:\/\/wp.ufpel.edu.br\/nucleomatceng\/wp-json\/wp\/v2\/types\/page"}],"author":[{"embeddable":true,"href":"https:\/\/wp.ufpel.edu.br\/nucleomatceng\/wp-json\/wp\/v2\/users\/195"}],"replies":[{"embeddable":true,"href":"https:\/\/wp.ufpel.edu.br\/nucleomatceng\/wp-json\/wp\/v2\/comments?post=419"}],"version-history":[{"count":1,"href":"https:\/\/wp.ufpel.edu.br\/nucleomatceng\/wp-json\/wp\/v2\/pages\/419\/revisions"}],"predecessor-version":[{"id":424,"href":"https:\/\/wp.ufpel.edu.br\/nucleomatceng\/wp-json\/wp\/v2\/pages\/419\/revisions\/424"}],"up":[{"embeddable":true,"href":"https:\/\/wp.ufpel.edu.br\/nucleomatceng\/wp-json\/wp\/v2\/pages\/411"}],"wp:attachment":[{"href":"https:\/\/wp.ufpel.edu.br\/nucleomatceng\/wp-json\/wp\/v2\/media?parent=419"}],"curies":[{"name":"wp","href":"https:\/\/api.w.org\/{rel}","templated":true}]}}