{"id":304,"date":"2012-08-19T22:03:37","date_gmt":"2012-08-20T01:03:37","guid":{"rendered":"https:\/\/wp.ufpel.edu.br\/nucleomatceng\/?page_id=304"},"modified":"2013-10-31T16:06:48","modified_gmt":"2013-10-31T18:06:48","slug":"avisos","status":"publish","type":"page","link":"https:\/\/wp.ufpel.edu.br\/nucleomatceng\/disciplinas\/vetores-e-algebra-linear\/profa-marcia-simch\/avisos\/","title":{"rendered":"Avisos"},"content":{"rendered":"<p><em><strong>Projeto de ensino<\/strong>:\u00a0Assessoria em CAS para os alunos de C\u00e1lculo Num\u00e9rico Computacional.\u00a0<strong>Tutor &#8220;Maple&#8221;:<\/strong>\u00a0Tiago Giacomelli Alves\u00a0&lt;tiagogiacomelli@gmail.com&gt;<\/em><\/p>\n<address><strong>Monitoria C\u00e1lculo Num\u00e9rico:<\/strong>\u00a0\u00a0<strong>Monitor:\u00a0<\/strong>Danien Lopes &lt;danien_lopes@hotmail.com&gt;<\/address>\n<address>\u00a0<\/address>\n<address><strong>Projeto de ensino<\/strong>:\u00a0<em>Assessoria para Acad\u00eamicos do Projeto Piloto das Engenharias &#8211;\u00a0<strong>Tutor Matem\u00e1tica B\u00e1sica:<\/strong>\u00a0Jo\u00e3o Mateus Domingues &lt;joao.mateus-@hotmail.com&gt; (atendimento ter\u00e7as a partir de 10h) (semin\u00e1rios semanais com divulga\u00e7\u00e3o nos Colegiados EE e ECA).\u00a0<em><strong>Tutor C\u00e1lculo Integral:<\/strong>\u00a0 \u00a0Matheus Estanislau &lt;estanislau.mg@gmail.com&gt; ( quartas a partir das 18h sala 308)<\/em><\/em><\/address>\n<address>\u00a0<\/address>\n<address><strong>Monitoria C\u00e1lculo Operacional ( e EDO):<\/strong>\u00a0 quinta (das 14h at\u00e9 19h), quartas (das 10h at\u00e9 13h); a complementa\u00e7\u00e3o da carga hor\u00e1ria \u00e9 feita com orienta\u00e7\u00e3o do monitor junto ao professor orientador.\u00a0<strong>Monitor:\u00a0<\/strong><em>Matheus Estanislau &lt;estanislau.mg@gmail.com&gt;<\/em><\/address>\n","protected":false},"excerpt":{"rendered":"<p>Projeto de ensino:\u00a0Assessoria em CAS para os alunos de C\u00e1lculo Num\u00e9rico Computacional.\u00a0Tutor &#8220;Maple&#8221;:\u00a0Tiago Giacomelli Alves\u00a0&lt;tiagogiacomelli@gmail.com&gt; Monitoria C\u00e1lculo Num\u00e9rico:\u00a0\u00a0Monitor:\u00a0Danien Lopes &lt;danien_lopes@hotmail.com&gt; \u00a0 Projeto de ensino:\u00a0Assessoria para Acad\u00eamicos do Projeto Piloto das Engenharias &#8211;\u00a0Tutor Matem\u00e1tica B\u00e1sica:\u00a0Jo\u00e3o Mateus Domingues &lt;joao.mateus-@hotmail.com&gt; (atendimento ter\u00e7as a partir de 10h) (semin\u00e1rios semanais com divulga\u00e7\u00e3o nos Colegiados EE e ECA).\u00a0Tutor C\u00e1lculo Integral:\u00a0 \u00a0Matheus &hellip; <\/p>\n<p><a class=\"more-link btn\" href=\"https:\/\/wp.ufpel.edu.br\/nucleomatceng\/disciplinas\/vetores-e-algebra-linear\/profa-marcia-simch\/avisos\/\">Continue lendo<\/a><\/p>\n","protected":false},"author":195,"featured_media":0,"parent":235,"menu_order":1,"comment_status":"closed","ping_status":"closed","template":"","meta":{"footnotes":""},"class_list":["post-304","page","type-page","status-publish","hentry","nodate","item-wrap"],"_links":{"self":[{"href":"https:\/\/wp.ufpel.edu.br\/nucleomatceng\/wp-json\/wp\/v2\/pages\/304","targetHints":{"allow":["GET"]}}],"collection":[{"href":"https:\/\/wp.ufpel.edu.br\/nucleomatceng\/wp-json\/wp\/v2\/pages"}],"about":[{"href":"https:\/\/wp.ufpel.edu.br\/nucleomatceng\/wp-json\/wp\/v2\/types\/page"}],"author":[{"embeddable":true,"href":"https:\/\/wp.ufpel.edu.br\/nucleomatceng\/wp-json\/wp\/v2\/users\/195"}],"replies":[{"embeddable":true,"href":"https:\/\/wp.ufpel.edu.br\/nucleomatceng\/wp-json\/wp\/v2\/comments?post=304"}],"version-history":[{"count":17,"href":"https:\/\/wp.ufpel.edu.br\/nucleomatceng\/wp-json\/wp\/v2\/pages\/304\/revisions"}],"predecessor-version":[{"id":692,"href":"https:\/\/wp.ufpel.edu.br\/nucleomatceng\/wp-json\/wp\/v2\/pages\/304\/revisions\/692"}],"up":[{"embeddable":true,"href":"https:\/\/wp.ufpel.edu.br\/nucleomatceng\/wp-json\/wp\/v2\/pages\/235"}],"wp:attachment":[{"href":"https:\/\/wp.ufpel.edu.br\/nucleomatceng\/wp-json\/wp\/v2\/media?parent=304"}],"curies":[{"name":"wp","href":"https:\/\/api.w.org\/{rel}","templated":true}]}}