{"id":296,"date":"2012-08-19T21:59:10","date_gmt":"2012-08-20T00:59:10","guid":{"rendered":"https:\/\/wp.ufpel.edu.br\/nucleomatceng\/?page_id=296"},"modified":"2013-05-13T11:16:40","modified_gmt":"2013-05-13T14:16:40","slug":"lista-de-exercicios","status":"publish","type":"page","link":"https:\/\/wp.ufpel.edu.br\/nucleomatceng\/disciplinas\/calculo-operacional\/profa-marcia-simch\/lista-de-exercicios\/","title":{"rendered":"Lista de Exerc\u00edcios"},"content":{"rendered":"<p><a href=\"https:\/\/wp.ufpel.edu.br\/nucleomatceng\/files\/2012\/08\/LISTA-DE-EXERC\u00cdCIOS-011.pdf\">LISTA-DE-EXERC\u00cdCIOS-011<\/a><\/p>\n<p><a href=\"https:\/\/wp.ufpel.edu.br\/nucleomatceng\/files\/2012\/08\/VERIFICANDO_SOLU\u00c7\u00d4ES.zip\">VERIFICANDO_SOLU\u00c7\u00d4ES<\/a><\/p>\n<p><a href=\"https:\/\/wp.ufpel.edu.br\/nucleomatceng\/files\/2012\/08\/CAMPO_DE_DIRE\u00c7\u00d5ES1-1.zip\">CAMPO_DE_DIRE\u00c7\u00d5ES1 (1)<\/a><\/p>\n<p>OBS: Ver listas Prof Germ\u00e1n Suazo<\/p>\n<p>&nbsp;<\/p>\n","protected":false},"excerpt":{"rendered":"<p>LISTA-DE-EXERC\u00cdCIOS-011 VERIFICANDO_SOLU\u00c7\u00d4ES CAMPO_DE_DIRE\u00c7\u00d5ES1 (1) OBS: Ver listas Prof Germ\u00e1n Suazo &nbsp;<\/p>\n","protected":false},"author":195,"featured_media":0,"parent":227,"menu_order":3,"comment_status":"closed","ping_status":"closed","template":"","meta":{"footnotes":""},"class_list":["post-296","page","type-page","status-publish","hentry","nodate","item-wrap"],"_links":{"self":[{"href":"https:\/\/wp.ufpel.edu.br\/nucleomatceng\/wp-json\/wp\/v2\/pages\/296","targetHints":{"allow":["GET"]}}],"collection":[{"href":"https:\/\/wp.ufpel.edu.br\/nucleomatceng\/wp-json\/wp\/v2\/pages"}],"about":[{"href":"https:\/\/wp.ufpel.edu.br\/nucleomatceng\/wp-json\/wp\/v2\/types\/page"}],"author":[{"embeddable":true,"href":"https:\/\/wp.ufpel.edu.br\/nucleomatceng\/wp-json\/wp\/v2\/users\/195"}],"replies":[{"embeddable":true,"href":"https:\/\/wp.ufpel.edu.br\/nucleomatceng\/wp-json\/wp\/v2\/comments?post=296"}],"version-history":[{"count":4,"href":"https:\/\/wp.ufpel.edu.br\/nucleomatceng\/wp-json\/wp\/v2\/pages\/296\/revisions"}],"predecessor-version":[{"id":1731,"href":"https:\/\/wp.ufpel.edu.br\/nucleomatceng\/wp-json\/wp\/v2\/pages\/296\/revisions\/1731"}],"up":[{"embeddable":true,"href":"https:\/\/wp.ufpel.edu.br\/nucleomatceng\/wp-json\/wp\/v2\/pages\/227"}],"wp:attachment":[{"href":"https:\/\/wp.ufpel.edu.br\/nucleomatceng\/wp-json\/wp\/v2\/media?parent=296"}],"curies":[{"name":"wp","href":"https:\/\/api.w.org\/{rel}","templated":true}]}}