{"id":23,"date":"2012-07-11T15:45:37","date_gmt":"2012-07-11T18:45:37","guid":{"rendered":"https:\/\/wp.ufpel.edu.br\/nucleomatceng\/?page_id=23"},"modified":"2013-05-20T13:46:53","modified_gmt":"2013-05-20T16:46:53","slug":"contato","status":"publish","type":"page","link":"https:\/\/wp.ufpel.edu.br\/nucleomatceng\/contato\/","title":{"rendered":"Contato"},"content":{"rendered":"<p><strong>N\u00facleo de Matem\u00e1tica Aplicada do CEng<br \/>\n<\/strong>Endere\u00e7o: Almirante Barroso, 1734 &#8211; Centro, Pelotas &#8211; RS, CEP 96010-280<br \/>\nTelefones: (53) 3921-1255\u00a0e (53) 3225-4573<\/p>\n<p>&nbsp;<\/p>\n<p><strong>Professores<\/strong><\/p>\n<p>Prof. Carlos Eduardo Espinosa<br \/>\ne-mail: <a href=\"mailto:e-mail%3Aclaudiopetersen@yahoo.com\" target=\"_blank\">espinosa.ufpel@gmail.com<\/a><\/p>\n<p>Prof. Eduardo Schneider<br \/>\ne-mail: <a href=\"mailto:e-mail%3Aclaudiopetersen@yahoo.com\" target=\"_blank\">schneider.ufpel@gmail.com<\/a><\/p>\n<p>Prof. Germ\u00e1n Suazo<br \/>\ne-mail: <a href=\"mailto:e-mail%3Aclaudiopetersen@yahoo.com\" target=\"_blank\">gcsuazo@gmail.com<\/a><\/p>\n<p>Prof. Lucas Oliveira<br \/>\ne-mail: <a href=\"mailto:e-mail%3Aclaudiopetersen@yahoo.com\" target=\"_blank\">lucas.oliveira@ufrgs.br<\/a><\/p>\n<p>Prof\u00aa. Luciana Piovesan<br \/>\ne-mail: <a href=\"mailto:e-mail%3Ajeanpech@gmail.com\" target=\"_blank\">lurpiovesan@gmail.com<\/a><\/p>\n<p>Prof.\u00aa Karin Simonato<br \/>\ne-mail: <a href=\"mailto:e-mail%3Akarinsimonato@yahoo.com.br\" target=\"_blank\">karinsimonato@yahoo.com.br<\/a><\/p>\n<p>Prof.\u00aa M\u00e1rcia Simch<br \/>\ne-mail:<a href=\"mailto:silvana.da.dalt@ufrgs.br\" target=\"_blank\"> marciasimch@gmail.com<\/a><\/p>\n<p>Prof.\u00aa Silvana Da Dalt<br \/>\ne-mail:\u00a0<a href=\"mailto:silvana.da.dalt@ufrgs.br\" target=\"_blank\">silvana.da.dalt@ufrgs.br<\/a><\/p>\n<p>Prof.\u00a0 Welton Alves<br \/>\ne-mail: <a href=\"mailto:silvana.da.dalt@ufrgs.br\" target=\"_blank\">walvesm@gmail.com<\/a><\/p>\n<p><strong>Professores Substitutos <\/strong><\/p>\n<p>Prof.\u00aa Merhy Heli Rodrigues<br \/>\ne-mail: <a href=\"mailto:silvana.da.dalt@ufrgs.br\" target=\"_blank\">merhyheli@hotmail.com<\/a><\/p>\n","protected":false},"excerpt":{"rendered":"<p>N\u00facleo de Matem\u00e1tica Aplicada do CEng Endere\u00e7o: Almirante Barroso, 1734 &#8211; Centro, Pelotas &#8211; RS, CEP 96010-280 Telefones: (53) 3921-1255\u00a0e (53) 3225-4573 &nbsp; Professores Prof. Carlos Eduardo Espinosa e-mail: espinosa.ufpel@gmail.com Prof. Eduardo Schneider e-mail: schneider.ufpel@gmail.com Prof. Germ\u00e1n Suazo e-mail: gcsuazo@gmail.com Prof. Lucas Oliveira e-mail: lucas.oliveira@ufrgs.br Prof\u00aa. Luciana Piovesan e-mail: lurpiovesan@gmail.com Prof.\u00aa Karin Simonato e-mail: karinsimonato@yahoo.com.br &hellip; <\/p>\n<p><a class=\"more-link btn\" href=\"https:\/\/wp.ufpel.edu.br\/nucleomatceng\/contato\/\">Continue lendo<\/a><\/p>\n","protected":false},"author":195,"featured_media":0,"parent":0,"menu_order":0,"comment_status":"closed","ping_status":"closed","template":"","meta":{"footnotes":""},"class_list":["post-23","page","type-page","status-publish","hentry","nodate","item-wrap"],"_links":{"self":[{"href":"https:\/\/wp.ufpel.edu.br\/nucleomatceng\/wp-json\/wp\/v2\/pages\/23","targetHints":{"allow":["GET"]}}],"collection":[{"href":"https:\/\/wp.ufpel.edu.br\/nucleomatceng\/wp-json\/wp\/v2\/pages"}],"about":[{"href":"https:\/\/wp.ufpel.edu.br\/nucleomatceng\/wp-json\/wp\/v2\/types\/page"}],"author":[{"embeddable":true,"href":"https:\/\/wp.ufpel.edu.br\/nucleomatceng\/wp-json\/wp\/v2\/users\/195"}],"replies":[{"embeddable":true,"href":"https:\/\/wp.ufpel.edu.br\/nucleomatceng\/wp-json\/wp\/v2\/comments?post=23"}],"version-history":[{"count":21,"href":"https:\/\/wp.ufpel.edu.br\/nucleomatceng\/wp-json\/wp\/v2\/pages\/23\/revisions"}],"predecessor-version":[{"id":47,"href":"https:\/\/wp.ufpel.edu.br\/nucleomatceng\/wp-json\/wp\/v2\/pages\/23\/revisions\/47"}],"wp:attachment":[{"href":"https:\/\/wp.ufpel.edu.br\/nucleomatceng\/wp-json\/wp\/v2\/media?parent=23"}],"curies":[{"name":"wp","href":"https:\/\/api.w.org\/{rel}","templated":true}]}}