{"id":2,"date":"2012-06-14T12:58:15","date_gmt":"2012-06-14T12:58:15","guid":{"rendered":"https:\/\/wp.ufpel.edu.br\/nucleomatceng\/?page_id=2"},"modified":"2018-03-08T14:23:18","modified_gmt":"2018-03-08T17:23:18","slug":"pagina-exemplo","status":"publish","type":"page","link":"https:\/\/wp.ufpel.edu.br\/nucleomatceng\/pagina-exemplo\/","title":{"rendered":"O N\u00facleo"},"content":{"rendered":"<p style=\"text-align: left\">O N\u00facleo de Matem\u00e1tica Aplicada do Centro de Engenharias iniciou suas atividades no primeiro semestre de 2012, com o objetivo de atender aos cursos de engenharia do Centro com disciplinas de matem\u00e1tica aplicada oferecidas pelo N\u00facleo. Os Professores integrantes t\u00eam por excel\u00eancia satisfazer as demandas das disciplinas solicitadas buscando manter a qualidade do conte\u00fado acad\u00eamico proposto, e aprimorar continuamente sua gest\u00e3o de recursos humanos.<\/p>\n<p><a href=\"https:\/\/www.dropbox.com\/s\/dvb32jptoapi0vy\/REGIMENTO_NUB.doc.pdf?dl=0\" target=\"_blank\" rel=\"noopener\">Regimento NUB<\/a><\/p>\n","protected":false},"excerpt":{"rendered":"<p>O N\u00facleo de Matem\u00e1tica Aplicada do Centro de Engenharias iniciou suas atividades no primeiro semestre de 2012, com o objetivo de atender aos cursos de engenharia do Centro com disciplinas de matem\u00e1tica aplicada oferecidas pelo N\u00facleo. Os Professores integrantes t\u00eam por excel\u00eancia satisfazer as demandas das disciplinas solicitadas buscando manter a qualidade do conte\u00fado acad\u00eamico &hellip; <\/p>\n<p><a class=\"more-link btn\" href=\"https:\/\/wp.ufpel.edu.br\/nucleomatceng\/pagina-exemplo\/\">Continue lendo<\/a><\/p>\n","protected":false},"author":195,"featured_media":0,"parent":0,"menu_order":0,"comment_status":"closed","ping_status":"closed","template":"","meta":{"footnotes":""},"class_list":["post-2","page","type-page","status-publish","hentry","nodate","item-wrap"],"_links":{"self":[{"href":"https:\/\/wp.ufpel.edu.br\/nucleomatceng\/wp-json\/wp\/v2\/pages\/2","targetHints":{"allow":["GET"]}}],"collection":[{"href":"https:\/\/wp.ufpel.edu.br\/nucleomatceng\/wp-json\/wp\/v2\/pages"}],"about":[{"href":"https:\/\/wp.ufpel.edu.br\/nucleomatceng\/wp-json\/wp\/v2\/types\/page"}],"author":[{"embeddable":true,"href":"https:\/\/wp.ufpel.edu.br\/nucleomatceng\/wp-json\/wp\/v2\/users\/195"}],"replies":[{"embeddable":true,"href":"https:\/\/wp.ufpel.edu.br\/nucleomatceng\/wp-json\/wp\/v2\/comments?post=2"}],"version-history":[{"count":11,"href":"https:\/\/wp.ufpel.edu.br\/nucleomatceng\/wp-json\/wp\/v2\/pages\/2\/revisions"}],"predecessor-version":[{"id":2470,"href":"https:\/\/wp.ufpel.edu.br\/nucleomatceng\/wp-json\/wp\/v2\/pages\/2\/revisions\/2470"}],"wp:attachment":[{"href":"https:\/\/wp.ufpel.edu.br\/nucleomatceng\/wp-json\/wp\/v2\/media?parent=2"}],"curies":[{"name":"wp","href":"https:\/\/api.w.org\/{rel}","templated":true}]}}