{"id":1808,"date":"2013-05-16T13:59:23","date_gmt":"2013-05-16T16:59:23","guid":{"rendered":"https:\/\/wp.ufpel.edu.br\/nucleomatceng\/?page_id=1808"},"modified":"2013-08-07T18:40:39","modified_gmt":"2013-08-07T21:40:39","slug":"lista-de-exercicios","status":"publish","type":"page","link":"https:\/\/wp.ufpel.edu.br\/nucleomatceng\/disciplinas\/equacoes-diferenciais-ordinarias\/prof-carlos-eduardo-espinosa\/lista-de-exercicios\/","title":{"rendered":"Lista de Exerc\u00edcios &#8211; Monitoria"},"content":{"rendered":"<p><a href=\"https:\/\/wp.ufpel.edu.br\/nucleomatceng\/files\/2013\/05\/listaedo2.pdf\">Lista 1<\/a><\/p>\n<p><a href=\"https:\/\/wp.ufpel.edu.br\/nucleomatceng\/files\/2013\/05\/lista2.pdf\">Lista2<\/a><\/p>\n<p><a href=\"https:\/\/wp.ufpel.edu.br\/nucleomatceng\/files\/2013\/05\/lista3.pdf\">Lista3<\/a><\/p>\n<p><a title=\"Lista4\" href=\"https:\/\/www.dropbox.com\/s\/ezcxugbkw8k27sk\/lista4edo.pdf\">Lista4<\/a><\/p>\n<p><a href=\"https:\/\/wp.ufpel.edu.br\/nucleomatceng\/files\/2013\/05\/trab1.pdf\">Trabalho1<\/a><\/p>\n<p><a title=\"Trabalho2\" href=\"https:\/\/www.dropbox.com\/s\/hoi67ee0avbfecy\/trab2edo.pdf\">Trabalho2<\/a><\/p>\n<p><strong>Monitoria EDO:<\/strong>\u00a0\u00a0segundas (das 18h at\u00e9 20h), quartas (das 19h at\u00e9 21h) e sextas (das 14h at\u00e9 18h); a complementa\u00e7\u00e3o da carga hor\u00e1ria \u00e9 feita com orienta\u00e7\u00e3o do monitor junto ao professor orientador.\u00a0<strong>Monitor:\u00a0<\/strong><em>Matheus Estanislau &lt;estanislau.mg@gmail.com&gt;<\/em><\/p>\n","protected":false},"excerpt":{"rendered":"<p>Lista 1 Lista2 Lista3 Lista4 Trabalho1 Trabalho2 Monitoria EDO:\u00a0\u00a0segundas (das 18h at\u00e9 20h), quartas (das 19h at\u00e9 21h) e sextas (das 14h at\u00e9 18h); a complementa\u00e7\u00e3o da carga hor\u00e1ria \u00e9 feita com orienta\u00e7\u00e3o do monitor junto ao professor orientador.\u00a0Monitor:\u00a0Matheus Estanislau &lt;estanislau.mg@gmail.com&gt;<\/p>\n","protected":false},"author":195,"featured_media":0,"parent":1606,"menu_order":0,"comment_status":"closed","ping_status":"closed","template":"","meta":{"footnotes":""},"class_list":["post-1808","page","type-page","status-publish","hentry","nodate","item-wrap"],"_links":{"self":[{"href":"https:\/\/wp.ufpel.edu.br\/nucleomatceng\/wp-json\/wp\/v2\/pages\/1808","targetHints":{"allow":["GET"]}}],"collection":[{"href":"https:\/\/wp.ufpel.edu.br\/nucleomatceng\/wp-json\/wp\/v2\/pages"}],"about":[{"href":"https:\/\/wp.ufpel.edu.br\/nucleomatceng\/wp-json\/wp\/v2\/types\/page"}],"author":[{"embeddable":true,"href":"https:\/\/wp.ufpel.edu.br\/nucleomatceng\/wp-json\/wp\/v2\/users\/195"}],"replies":[{"embeddable":true,"href":"https:\/\/wp.ufpel.edu.br\/nucleomatceng\/wp-json\/wp\/v2\/comments?post=1808"}],"version-history":[{"count":9,"href":"https:\/\/wp.ufpel.edu.br\/nucleomatceng\/wp-json\/wp\/v2\/pages\/1808\/revisions"}],"predecessor-version":[{"id":1811,"href":"https:\/\/wp.ufpel.edu.br\/nucleomatceng\/wp-json\/wp\/v2\/pages\/1808\/revisions\/1811"}],"up":[{"embeddable":true,"href":"https:\/\/wp.ufpel.edu.br\/nucleomatceng\/wp-json\/wp\/v2\/pages\/1606"}],"wp:attachment":[{"href":"https:\/\/wp.ufpel.edu.br\/nucleomatceng\/wp-json\/wp\/v2\/media?parent=1808"}],"curies":[{"name":"wp","href":"https:\/\/api.w.org\/{rel}","templated":true}]}}