{"id":1736,"date":"2013-05-14T13:56:44","date_gmt":"2013-05-14T16:56:44","guid":{"rendered":"https:\/\/wp.ufpel.edu.br\/nucleomatceng\/?page_id=1736"},"modified":"2013-08-28T19:01:36","modified_gmt":"2013-08-28T22:01:36","slug":"exercicios-recomendados","status":"publish","type":"page","link":"https:\/\/wp.ufpel.edu.br\/nucleomatceng\/disciplinas\/calculo-iii\/exercicios-recomendados\/","title":{"rendered":"Exerc\u00edcios Recomendados"},"content":{"rendered":"<p>C\u00e1lculo, vol. 2. 8\u00aa ed. Howard Anton.<\/p>\n<p>Cap\u00edtulo 12:<\/p>\n<p>12.1 &#8211; 1, 8, 9, 10.<\/p>\n<p>12.2 &#8211; 11, 12, 13, 14, 15.<\/p>\n<p>12.3 &#8211; 1, 2, 3, 4, 12, 15, 16.<\/p>\n<p>12.4 &#8211; 3, 4, 5, 6, 7, 13, 14, 15, 16, 17, 18, 19, 20, 21, 22.<\/p>\n<p>12.5 &#8211; 5, 6, 7, 8, 9, 10, 11, 12, 15, 16, 17, 18, 25, 29, 31, 32.<\/p>\n<p><a href=\"https:\/\/www.dropbox.com\/s\/almjnrnoq1imkuf\/Respostas%20Cap\u00edtulo%2012.pdf\">Respostas<\/a><\/p>\n<p>Cap\u00edtulo 13:<\/p>\n<p>13.1 &#8211; 1, 2, 3, 4, 5, 6, 7, 8<\/p>\n<p>13.2 &#8211; 1, 2, 3, 4, 5, 6, 10, (11, 12, 13, 14, 15, 16) somente r'(to), 19, 20, 21, 22, 31, 32, 33, 34, 35, 36, 37, 38, 39, 40, 41, 42<\/p>\n<p>13.4 &#8211; 5, 6, 7, 8, 9, 10, 11, 12, 15, 16, 17, 18<\/p>\n<p>13.5 &#8211; 5, 6, 7, 8, 9, 10, 11, 12, 13, 14, 15, 16 (somente a curvatura)<\/p>\n<p><a href=\"https:\/\/www.dropbox.com\/s\/nmhvbkvo569ovml\/Respostas%20Cap\u00edtulo%2013.pdf\">Respostas<\/a><\/p>\n<p>Lista disponibilizada em sala com as respostas:<\/p>\n<p><a href=\"https:\/\/www.dropbox.com\/s\/qwbwgtn3o4bjfga\/Lista%201%20com%20respostas%20%C3%ADmpares.pdf\">Arquivo 1<\/a><\/p>\n<p><a href=\"https:\/\/www.dropbox.com\/s\/n6rtrp8amife0z7\/Lista%202%20com%20respostas%20%C3%ADmpares.pdf\">Arquivo 2<\/a><\/p>\n<p>Cap\u00edtulo 14:<\/p>\n<p>14.1 &#8211; 1, 2, 3, 4, 5, 6, 7, 8, 13, 14, 15, 16.<\/p>\n<p>14.2 &#8211; 1, 2, 3, 4, 5, 6.<\/p>\n<p>14.3 &#8211; 1, 2, 13, 14, 15, 16, 17, 18, 25, 26, 27, 28, 29, 30, 31, 32, 33, 34, 35, 36, 37, 38, 39, 40, 69, 70, 71, 72, 73, 74, 75, 76, 77, 78, 79, 80, 81, 82, 83, 84, 85, 88.<\/p>\n<p>14.5 &#8211; 1, 2, 3, 4, 5, 6, 7, 8, 9, 10, 17, 18, 19, 20, 21, 22, 23, 24, 25, 26, 27, 28, 29, 30, 31, 32, 33, 34.<\/p>\n<p>14.6 &#8211; 1, 2, 3, 4, 5, 6, 7, 8, 9, 10, 11, 12, 13, 14, 15, 16, 17, 18, 19, 20, 21, 22, 23, 37, 38, 39, 40.<\/p>\n<p>14.7 &#8211; 1, 2, 3, 4, 5, 6, 7, 8.<\/p>\n<p>14.8 &#8211; 9, 10, 11, 12, 13, 14, 15, 16, 17, 18, 19.<\/p>\n<p>14.9 &#8211; 5, 6, 7, 8, 9, 10, 11, 21, 22, 23, 24, 25, 26, 27, 28.<\/p>\n<p><a href=\"https:\/\/www.dropbox.com\/s\/4zetvrv45fn19a1\/Respostas%20Cap\u00edtulo%2014.pdf\">Respostas<\/a><\/p>\n<p>Cap\u00edtulo 15:<\/p>\n<p>15.1 &#8211; 1, 2, 3, 4, 5, 6, 7, 8, 9, 10, 11, 12, 13, 14, 15, 16, 27, 28, 29.<\/p>\n<p>15.2 &#8211;\u00a01, 2, 3, 4, 5, 6, 7, 8, 9, 10, 11, 12, 13, 14, 15, 16, 17, 18, 21, 22, 23, 25, 26, 45, 46, 47, 48, 49, 50, 51, 52, 53, 54.<\/p>\n<p>15.5 &#8211;\u00a01, 2, 3, 4, 5, 6, 7, 8, 9.<\/p>\n<p><a href=\"https:\/\/www.dropbox.com\/s\/dj2pro3621lapwf\/Respostas%20Cap%C3%ADtulo%2015.pdf\">Respostas<\/a><\/p>\n<p>Cap\u00edtulo 16:<\/p>\n<div id=\"yui_3_7_2_1_1377202974192_4225\">16.1 &#8211; 11, 12, 13, 14, 15, 16, 17, 18, 19, 20, 21, 22, 23, 24<\/div>\n<div><\/div>\n<div id=\"yui_3_7_2_1_1377202974192_4226\">16.2 &#8211; 29, 30, 31, 32, 38, 39<\/div>\n<div><\/div>\n<div id=\"yui_3_7_2_1_1377202974192_4227\">16.3 &#8211; 1, 2, 3, 4, 5, 6<\/div>\n<div><\/div>\n<div><a href=\"https:\/\/www.dropbox.com\/s\/cgsrpcmilmmejjt\/Respostas%20Cap%C3%ADtulo%2016.pdf?m\">Respostas<\/a><\/div>\n<div><\/div>\n<div>Exerc\u00edcios recomendados para estudar para o exame:<\/div>\n<div><\/div>\n<div>13.4, 13.5, no cap\u00edtulo 13 temos comprimento de arco tamb\u00e9m, (L) nos exerc\u00edcios do 13.4 sempre calculem ele tamb\u00e9m apesar de n\u00e3o ser solicitado, para que voc\u00eas exercitem.<\/p>\n<div id=\"yui_3_7_2_1_1377723838094_16086\">14.5, 14.6, 14.7, 14.8, 15.1, 15.2, 15.5, 16.1, 16.2, 16.3.<\/div>\n<\/div>\n","protected":false},"excerpt":{"rendered":"<p>C\u00e1lculo, vol. 2. 8\u00aa ed. Howard Anton. Cap\u00edtulo 12: 12.1 &#8211; 1, 8, 9, 10. 12.2 &#8211; 11, 12, 13, 14, 15. 12.3 &#8211; 1, 2, 3, 4, 12, 15, 16. 12.4 &#8211; 3, 4, 5, 6, 7, 13, 14, 15, 16, 17, 18, 19, 20, 21, 22. 12.5 &#8211; 5, 6, 7, 8, 9, &hellip; <\/p>\n<p><a class=\"more-link btn\" href=\"https:\/\/wp.ufpel.edu.br\/nucleomatceng\/disciplinas\/calculo-iii\/exercicios-recomendados\/\">Continue lendo<\/a><\/p>\n","protected":false},"author":195,"featured_media":0,"parent":38,"menu_order":0,"comment_status":"closed","ping_status":"closed","template":"","meta":{"footnotes":""},"class_list":["post-1736","page","type-page","status-publish","hentry","nodate","item-wrap"],"_links":{"self":[{"href":"https:\/\/wp.ufpel.edu.br\/nucleomatceng\/wp-json\/wp\/v2\/pages\/1736","targetHints":{"allow":["GET"]}}],"collection":[{"href":"https:\/\/wp.ufpel.edu.br\/nucleomatceng\/wp-json\/wp\/v2\/pages"}],"about":[{"href":"https:\/\/wp.ufpel.edu.br\/nucleomatceng\/wp-json\/wp\/v2\/types\/page"}],"author":[{"embeddable":true,"href":"https:\/\/wp.ufpel.edu.br\/nucleomatceng\/wp-json\/wp\/v2\/users\/195"}],"replies":[{"embeddable":true,"href":"https:\/\/wp.ufpel.edu.br\/nucleomatceng\/wp-json\/wp\/v2\/comments?post=1736"}],"version-history":[{"count":14,"href":"https:\/\/wp.ufpel.edu.br\/nucleomatceng\/wp-json\/wp\/v2\/pages\/1736\/revisions"}],"predecessor-version":[{"id":2145,"href":"https:\/\/wp.ufpel.edu.br\/nucleomatceng\/wp-json\/wp\/v2\/pages\/1736\/revisions\/2145"}],"up":[{"embeddable":true,"href":"https:\/\/wp.ufpel.edu.br\/nucleomatceng\/wp-json\/wp\/v2\/pages\/38"}],"wp:attachment":[{"href":"https:\/\/wp.ufpel.edu.br\/nucleomatceng\/wp-json\/wp\/v2\/media?parent=1736"}],"curies":[{"name":"wp","href":"https:\/\/api.w.org\/{rel}","templated":true}]}}