{"id":1702,"date":"2013-05-10T01:08:18","date_gmt":"2013-05-10T04:08:18","guid":{"rendered":"https:\/\/wp.ufpel.edu.br\/nucleomatceng\/?page_id=1702"},"modified":"2013-08-07T15:38:35","modified_gmt":"2013-08-07T18:38:35","slug":"lista-de-exercicios","status":"publish","type":"page","link":"https:\/\/wp.ufpel.edu.br\/nucleomatceng\/disciplinas\/alga\/prof-carlos-eduardo-espinosa\/lista-de-exercicios\/","title":{"rendered":"Lista de Exerc\u00edcios"},"content":{"rendered":"<p><a href=\"https:\/\/wp.ufpel.edu.br\/nucleomatceng\/files\/2013\/05\/lista_alga.pdf\">Lista 1<\/a><\/p>\n<p><a href=\"https:\/\/wp.ufpel.edu.br\/nucleomatceng\/files\/2013\/05\/lista-alga23.pdf\">Lista 2<\/a><\/p>\n<p><a href=\"https:\/\/wp.ufpel.edu.br\/nucleomatceng\/files\/2013\/05\/lista-alga31.pdf\">Lista 3<\/a><\/p>\n<p><a style=\"font-size: 13px;line-height: 18px\" href=\"https:\/\/wp.ufpel.edu.br\/nucleomatceng\/files\/2013\/05\/Lista4.pdf\">Lista4<\/a><\/p>\n<p><a href=\"https:\/\/wp.ufpel.edu.br\/nucleomatceng\/files\/2013\/05\/lista-alga51.pdf\">Lista 5<\/a><\/p>\n<p><a title=\"Lista 6\" href=\"https:\/\/www.dropbox.com\/s\/9dux6lvolyxmfsu\/lista6alga.pdf\">Lista 6<\/a><\/p>\n<p>&#8212;&#8212;&#8212;&#8212;&#8212;&#8212;&#8212;&#8212;&#8212;&#8212;&#8212;&#8212;&#8212;&#8212;&#8212;&#8212;&#8212;&#8212;&#8212;&#8212;&#8212;&#8212;&#8212;&#8212;-<\/p>\n<p>David Poole &#8211; \u00c1lgebra Linear<br \/>\n\u00c1rea II<\/p>\n<p>Se\u00e7\u00e3o 2.2:<br \/>\nExerc\u00edcios<br \/>\n1 ao 6, 15, 17,19, 21, 23, 25, 27, 29, 31, 33, 35, 37<\/p>\n<p>Se\u00e7\u00e3o 2.3:<br \/>\nExerc\u00edcios<br \/>\n1,3, 5, 7, 9, 11, 13, 17, 23, 25, 27, 29, 31<\/p>\n<p>Se\u00e7\u00e3o 3.2:<br \/>\nExerc\u00edcios<br \/>\n1,3, 5, 7, 9, 11, 13, 15, 21, 22<\/p>\n<p>Se\u00e7\u00e3o 3.3:<br \/>\nExerc\u00edcios<br \/>\n1 ao 4, 23, 25, 37<\/p>\n<p>Se\u00e7\u00e3o 3.4:<br \/>\nExerc\u00edcios<br \/>\n1,3, 5, 7, 9, 11, 13, 39, 49, 51, 53<\/p>\n<p>Se\u00e7\u00e3o 4.3:<br \/>\nExerc\u00edcios<br \/>\n1,3, 5, 7, 9, 11, 13, 15<\/p>\n<p>Se\u00e7\u00e3o 6.2:<br \/>\nExerc\u00edcios<br \/>\n1,3, 5, 9, 11, 25, 27, 29, 31, 33, 35<\/p>\n<p>Se\u00e7\u00e3o 6.3:<br \/>\nExerc\u00edcios<br \/>\n1,3, 5, 7, 9, 17, 19, 21, 23, 25, 27, 29<\/p>\n<p>Se\u00e7\u00e3o 6.4:<br \/>\nExerc\u00edcios<br \/>\n1,3, 5, 7, 9<\/p>\n<p>&#8212;&#8212;&#8212;&#8212;&#8212;&#8212;&#8212;&#8212;&#8212;&#8212;&#8212;&#8212;&#8212;&#8212;&#8212;&#8212;&#8212;&#8212;&#8212;&#8212;&#8212;&#8212;&#8212;&#8212;-<\/p>\n<p>&nbsp;<\/p>\n<p>HOR\u00c1RIO DE MONITORIA: \u00a0SALA 23 CENG<\/p>\n<p><span style=\"font-size: 12px;line-height: 18px\">\u00a0<\/span><\/p>\n<div>\n<div>\n<p>SEGUNDA<br \/>\n17h \u00e0s 20h<\/p>\n<p>TER\u00c7A<br \/>\n16h \u00e0s 19h<\/p>\n<p>QUARTA<br \/>\n16h \u00e0s 19h<\/p>\n<p>SEXTA<br \/>\n16h \u00e0s 19h<\/p>\n<\/div>\n<\/div>\n","protected":false},"excerpt":{"rendered":"<p>Lista 1 Lista 2 Lista 3 Lista4 Lista 5 Lista 6 &#8212;&#8212;&#8212;&#8212;&#8212;&#8212;&#8212;&#8212;&#8212;&#8212;&#8212;&#8212;&#8212;&#8212;&#8212;&#8212;&#8212;&#8212;&#8212;&#8212;&#8212;&#8212;&#8212;&#8212;- David Poole &#8211; \u00c1lgebra Linear \u00c1rea II Se\u00e7\u00e3o 2.2: Exerc\u00edcios 1 ao 6, 15, 17,19, 21, 23, 25, 27, 29, 31, 33, 35, 37 Se\u00e7\u00e3o 2.3: Exerc\u00edcios 1,3, 5, 7, 9, 11, 13, 17, 23, 25, 27, 29, 31 Se\u00e7\u00e3o 3.2: Exerc\u00edcios 1,3, &hellip; <\/p>\n<p><a class=\"more-link btn\" href=\"https:\/\/wp.ufpel.edu.br\/nucleomatceng\/disciplinas\/alga\/prof-carlos-eduardo-espinosa\/lista-de-exercicios\/\">Continue lendo<\/a><\/p>\n","protected":false},"author":195,"featured_media":0,"parent":1610,"menu_order":0,"comment_status":"closed","ping_status":"closed","template":"","meta":{"footnotes":""},"class_list":["post-1702","page","type-page","status-publish","hentry","nodate","item-wrap"],"_links":{"self":[{"href":"https:\/\/wp.ufpel.edu.br\/nucleomatceng\/wp-json\/wp\/v2\/pages\/1702","targetHints":{"allow":["GET"]}}],"collection":[{"href":"https:\/\/wp.ufpel.edu.br\/nucleomatceng\/wp-json\/wp\/v2\/pages"}],"about":[{"href":"https:\/\/wp.ufpel.edu.br\/nucleomatceng\/wp-json\/wp\/v2\/types\/page"}],"author":[{"embeddable":true,"href":"https:\/\/wp.ufpel.edu.br\/nucleomatceng\/wp-json\/wp\/v2\/users\/195"}],"replies":[{"embeddable":true,"href":"https:\/\/wp.ufpel.edu.br\/nucleomatceng\/wp-json\/wp\/v2\/comments?post=1702"}],"version-history":[{"count":9,"href":"https:\/\/wp.ufpel.edu.br\/nucleomatceng\/wp-json\/wp\/v2\/pages\/1702\/revisions"}],"predecessor-version":[{"id":1705,"href":"https:\/\/wp.ufpel.edu.br\/nucleomatceng\/wp-json\/wp\/v2\/pages\/1702\/revisions\/1705"}],"up":[{"embeddable":true,"href":"https:\/\/wp.ufpel.edu.br\/nucleomatceng\/wp-json\/wp\/v2\/pages\/1610"}],"wp:attachment":[{"href":"https:\/\/wp.ufpel.edu.br\/nucleomatceng\/wp-json\/wp\/v2\/media?parent=1702"}],"curies":[{"name":"wp","href":"https:\/\/api.w.org\/{rel}","templated":true}]}}