{"id":1690,"date":"2013-05-07T14:55:21","date_gmt":"2013-05-07T17:55:21","guid":{"rendered":"https:\/\/wp.ufpel.edu.br\/nucleomatceng\/?page_id=1690"},"modified":"2013-10-09T16:38:02","modified_gmt":"2013-10-09T19:38:02","slug":"material-de-apoio-2","status":"publish","type":"page","link":"https:\/\/wp.ufpel.edu.br\/nucleomatceng\/disciplinas\/calculo-iii\/material-de-apoio-2\/","title":{"rendered":"Material de Apoio"},"content":{"rendered":"<p><a href=\"https:\/\/wp.ufpel.edu.br\/nucleomatceng\/files\/2013\/05\/Tabela-de-integrais-derivadas-e-trigonometria.pdf\">Tabela de integrais, derivadas e trigonometria<\/a><\/p>\n<p>Cap\u00edtulos do Anton, volume 2:<\/p>\n<p><a href=\"https:\/\/www.dropbox.com\/s\/8x4mk6k5pja3ddd\/Cap%C3%ADtulo%2012%20-%20C%C3%A1lculo%20Volume%202%20-%20Howard%20Anton%20-%208a%20Edi%C3%A7%C3%A3o.pdf?m\">Cap\u00edtulo 12<\/a><\/p>\n<p><a href=\"https:\/\/www.dropbox.com\/s\/r3ep6iwtoq1v4zv\/Cap%C3%ADtulo%2013%20-%20C%C3%A1lculo%20Volume%202%20-%20Howard%20Anton.pdf\">Cap\u00edtulo 13<\/a><\/p>\n<p><a href=\"https:\/\/www.dropbox.com\/s\/y7uk59n0ap6s2t1\/Cap\u00edtulo%2014%20-%20C\u00e1lculo%20Volume%202%20-%20Howard%20Anton.pdf\">Cap\u00edtulo 14<\/a><\/p>\n<p><a href=\"https:\/\/www.dropbox.com\/s\/9k7gafeidlo6s4s\/Cap%C3%ADtulo%2015%20-%20C%C3%A1lculo%20Volume%202%20-%20Howard%20Anton.pdf\">Cap\u00edtulo 15<\/a><\/p>\n<p><a href=\"https:\/\/www.dropbox.com\/s\/mffsrv1mfobs5ea\/Cap%C3%ADtulo%2016%20-%20%20C%C3%A1lculo%20Volume%202%20-%20Howard%20Anton.pdf\">Cap\u00edtulo 16<\/a><\/p>\n<p><a href=\"https:\/\/www.dropbox.com\/s\/8ulmtdpsdeoz1mg\/C%C3%A1lculo%202%20-%20George%20B.%20Thomas%20-%2011a%20Edi%C3%A7%C3%A3o.pdf?m\">Thomas, volume 2<\/a><\/p>\n","protected":false},"excerpt":{"rendered":"<p>Tabela de integrais, derivadas e trigonometria Cap\u00edtulos do Anton, volume 2: Cap\u00edtulo 12 Cap\u00edtulo 13 Cap\u00edtulo 14 Cap\u00edtulo 15 Cap\u00edtulo 16 Thomas, volume 2<\/p>\n","protected":false},"author":195,"featured_media":0,"parent":38,"menu_order":0,"comment_status":"closed","ping_status":"closed","template":"","meta":{"footnotes":""},"class_list":["post-1690","page","type-page","status-publish","hentry","nodate","item-wrap"],"_links":{"self":[{"href":"https:\/\/wp.ufpel.edu.br\/nucleomatceng\/wp-json\/wp\/v2\/pages\/1690","targetHints":{"allow":["GET"]}}],"collection":[{"href":"https:\/\/wp.ufpel.edu.br\/nucleomatceng\/wp-json\/wp\/v2\/pages"}],"about":[{"href":"https:\/\/wp.ufpel.edu.br\/nucleomatceng\/wp-json\/wp\/v2\/types\/page"}],"author":[{"embeddable":true,"href":"https:\/\/wp.ufpel.edu.br\/nucleomatceng\/wp-json\/wp\/v2\/users\/195"}],"replies":[{"embeddable":true,"href":"https:\/\/wp.ufpel.edu.br\/nucleomatceng\/wp-json\/wp\/v2\/comments?post=1690"}],"version-history":[{"count":12,"href":"https:\/\/wp.ufpel.edu.br\/nucleomatceng\/wp-json\/wp\/v2\/pages\/1690\/revisions"}],"predecessor-version":[{"id":2198,"href":"https:\/\/wp.ufpel.edu.br\/nucleomatceng\/wp-json\/wp\/v2\/pages\/1690\/revisions\/2198"}],"up":[{"embeddable":true,"href":"https:\/\/wp.ufpel.edu.br\/nucleomatceng\/wp-json\/wp\/v2\/pages\/38"}],"wp:attachment":[{"href":"https:\/\/wp.ufpel.edu.br\/nucleomatceng\/wp-json\/wp\/v2\/media?parent=1690"}],"curies":[{"name":"wp","href":"https:\/\/api.w.org\/{rel}","templated":true}]}}