{"id":14,"date":"2012-06-18T16:16:45","date_gmt":"2012-06-18T19:16:45","guid":{"rendered":"https:\/\/wp.ufpel.edu.br\/nucleomatceng\/?page_id=14"},"modified":"2013-05-07T14:35:00","modified_gmt":"2013-05-07T17:35:00","slug":"calendario","status":"publish","type":"page","link":"https:\/\/wp.ufpel.edu.br\/nucleomatceng\/calendario\/","title":{"rendered":"Calend\u00e1rio"},"content":{"rendered":"<p>Para acessar o calend\u00e1rio acad\u00eamico acesse:<\/p>\n<p><a href=\"https:\/\/wp.ufpel.edu.br\/nucleomatceng\/files\/2012\/06\/calendario-2013-semestrais.doc\">calendario-2013-semestrais<\/a><\/p>\n","protected":false},"excerpt":{"rendered":"<p>Para acessar o calend\u00e1rio acad\u00eamico acesse: calendario-2013-semestrais<\/p>\n","protected":false},"author":195,"featured_media":0,"parent":0,"menu_order":0,"comment_status":"closed","ping_status":"closed","template":"","meta":{"footnotes":""},"class_list":["post-14","page","type-page","status-publish","hentry","nodate","item-wrap"],"_links":{"self":[{"href":"https:\/\/wp.ufpel.edu.br\/nucleomatceng\/wp-json\/wp\/v2\/pages\/14","targetHints":{"allow":["GET"]}}],"collection":[{"href":"https:\/\/wp.ufpel.edu.br\/nucleomatceng\/wp-json\/wp\/v2\/pages"}],"about":[{"href":"https:\/\/wp.ufpel.edu.br\/nucleomatceng\/wp-json\/wp\/v2\/types\/page"}],"author":[{"embeddable":true,"href":"https:\/\/wp.ufpel.edu.br\/nucleomatceng\/wp-json\/wp\/v2\/users\/195"}],"replies":[{"embeddable":true,"href":"https:\/\/wp.ufpel.edu.br\/nucleomatceng\/wp-json\/wp\/v2\/comments?post=14"}],"version-history":[{"count":7,"href":"https:\/\/wp.ufpel.edu.br\/nucleomatceng\/wp-json\/wp\/v2\/pages\/14\/revisions"}],"predecessor-version":[{"id":1680,"href":"https:\/\/wp.ufpel.edu.br\/nucleomatceng\/wp-json\/wp\/v2\/pages\/14\/revisions\/1680"}],"wp:attachment":[{"href":"https:\/\/wp.ufpel.edu.br\/nucleomatceng\/wp-json\/wp\/v2\/media?parent=14"}],"curies":[{"name":"wp","href":"https:\/\/api.w.org\/{rel}","templated":true}]}}