{"id":93,"date":"2025-11-02T16:48:15","date_gmt":"2025-11-02T19:48:15","guid":{"rendered":"https:\/\/wp.ufpel.edu.br\/nucleointegradodeprevisao\/?page_id=93"},"modified":"2025-11-02T16:48:15","modified_gmt":"2025-11-02T19:48:15","slug":"parceiros","status":"publish","type":"page","link":"https:\/\/wp.ufpel.edu.br\/nucleointegradodeprevisao\/parceiros\/","title":{"rendered":"Parceiros"},"content":{"rendered":"<h1>Cap\u00e3o do Le\u00e3o<\/h1>\n<p>Na tarde do dia 31\/10\/2025, foi assinado, no gabinete da Reitoria da UFPel, o contrato que formaliza a parceria entre o N\u00facleo Integrado de Previs\u00e3o (NIP\/UFPel) e a Prefeitura Municipal do Cap\u00e3o do Le\u00e3o.<\/p>\n<p>O ato contou com a participa\u00e7\u00e3o do vice-prefeito, de gestores municipais e da equipe t\u00e9cnica, consolidando uma coopera\u00e7\u00e3o voltada ao desenvolvimento de estudos topobatim\u00e9tricos, hidrol\u00f3gicos e clim\u00e1ticos para o munic\u00edpio.<\/p>\n<p>A iniciativa prev\u00ea o uso de tecnologias de ponta para gerar dados de alta precis\u00e3o que subsidiem o planejamento urbano e ambiental, fortalecendo a resili\u00eancia clim\u00e1tica, a preven\u00e7\u00e3o de desastres naturais e o desenvolvimento do munic\u00edpio.<\/p>\n<p>Com essa parceria, ci\u00eancia, tecnologia e gest\u00e3o p\u00fablica se unem em prol de um futuro mais seguro e sustent\u00e1vel para o sul do Rio Grande do Sul.<\/p>\n<p>\ud83d\udcf8 Divulga\u00e7\u00e3o Prefeitura do Cap\u00e3o do Le\u00e3o<\/p>\n<p><img class=\"alignnone size-medium wp-image-95\"  src=\"data:image\/svg+xml,%3Csvg xmlns=\"http:\/\/www.w3.org\/2000\/svg\" viewBox=\"0 0 1 1\"%3E%3C\/svg%3E\" data-src=\"https:\/\/wp.ufpel.edu.br\/nucleointegradodeprevisao\/files\/2025\/11\/capao-nip-400x267.jpg\" class=\"lazy-load\" loading=\"lazy\" decoding=\"async\" alt=\"\" width=\"400\" height=\"267\" \/><\/p>\n","protected":false},"excerpt":{"rendered":"<p>Cap\u00e3o do Le\u00e3o Na tarde do dia 31\/10\/2025, foi assinado, no gabinete da Reitoria da UFPel, o contrato que formaliza a parceria entre o N\u00facleo Integrado de Previs\u00e3o (NIP\/UFPel) e a Prefeitura Municipal do Cap\u00e3o do Le\u00e3o. O ato contou com a participa\u00e7\u00e3o do vice-prefeito, de gestores municipais e da equipe t\u00e9cnica, consolidando uma coopera\u00e7\u00e3o [&hellip;]<\/p>\n","protected":false},"author":1290,"featured_media":0,"parent":0,"menu_order":0,"comment_status":"closed","ping_status":"closed","template":"","meta":{"footnotes":""},"class_list":["post-93","page","type-page","status-publish","hentry"],"_links":{"self":[{"href":"https:\/\/wp.ufpel.edu.br\/nucleointegradodeprevisao\/wp-json\/wp\/v2\/pages\/93","targetHints":{"allow":["GET"]}}],"collection":[{"href":"https:\/\/wp.ufpel.edu.br\/nucleointegradodeprevisao\/wp-json\/wp\/v2\/pages"}],"about":[{"href":"https:\/\/wp.ufpel.edu.br\/nucleointegradodeprevisao\/wp-json\/wp\/v2\/types\/page"}],"author":[{"embeddable":true,"href":"https:\/\/wp.ufpel.edu.br\/nucleointegradodeprevisao\/wp-json\/wp\/v2\/users\/1290"}],"replies":[{"embeddable":true,"href":"https:\/\/wp.ufpel.edu.br\/nucleointegradodeprevisao\/wp-json\/wp\/v2\/comments?post=93"}],"version-history":[{"count":1,"href":"https:\/\/wp.ufpel.edu.br\/nucleointegradodeprevisao\/wp-json\/wp\/v2\/pages\/93\/revisions"}],"predecessor-version":[{"id":96,"href":"https:\/\/wp.ufpel.edu.br\/nucleointegradodeprevisao\/wp-json\/wp\/v2\/pages\/93\/revisions\/96"}],"wp:attachment":[{"href":"https:\/\/wp.ufpel.edu.br\/nucleointegradodeprevisao\/wp-json\/wp\/v2\/media?parent=93"}],"curies":[{"name":"wp","href":"https:\/\/api.w.org\/{rel}","templated":true}]}}