{"id":20,"date":"2025-10-30T10:58:41","date_gmt":"2025-10-30T13:58:41","guid":{"rendered":"https:\/\/wp.ufpel.edu.br\/nucleointegradodeprevisao\/?page_id=20"},"modified":"2025-10-30T11:23:04","modified_gmt":"2025-10-30T14:23:04","slug":"identidade-visual","status":"publish","type":"page","link":"https:\/\/wp.ufpel.edu.br\/nucleointegradodeprevisao\/identidade-visual\/","title":{"rendered":"identidade visual"},"content":{"rendered":"<p>A identidade visual do N\u00facleo Integrado de Previs\u00e3o (NIP) foi concebida para refletir a ess\u00eancia multidisciplinar e a integra\u00e7\u00e3o entre as quatro \u00e1reas que fundamentam o trabalho do n\u00facleo: Hidrologia, Meteorologia, Modelagem Matem\u00e1tica e Mapeamento.<\/p>\n<p>Cada elemento da logomarca simboliza o encontro entre ci\u00eancia e territ\u00f3rio, traduzindo a miss\u00e3o do NIP de compreender e prever fen\u00f4menos ambientais complexos com base em dados, tecnologia e coopera\u00e7\u00e3o.<\/p>\n<p>A hidrologia est\u00e1 representada pelo movimento das \u00e1guas \u2014 s\u00edmbolo da din\u00e2mica natural e da import\u00e2ncia dos recursos h\u00eddricos na gest\u00e3o ambiental e na mitiga\u00e7\u00e3o de riscos. A meteorologia, por sua vez, evoca o movimento atmosf\u00e9rico, a observa\u00e7\u00e3o do clima e o papel essencial das previs\u00f5es meteorol\u00f3gicas para a seguran\u00e7a e o planejamento.<\/p>\n<p>A modelagem matem\u00e1tica traduz a base cient\u00edfica que sustenta as simula\u00e7\u00f5es e an\u00e1lises preditivas desenvolvidas pelo n\u00facleo, conferindo precis\u00e3o e robustez aos resultados. J\u00e1 o mapeamento representa a dimens\u00e3o espacial e a leitura do territ\u00f3rio, elemento que conecta todas as demais \u00e1reas e transforma dados em informa\u00e7\u00e3o acess\u00edvel e estrat\u00e9gica.<\/p>\n<p>&nbsp;<\/p>\n<p><img loading=\"lazy\" decoding=\"async\" class=\"alignnone size-medium wp-image-9\" src=\"https:\/\/wp.ufpel.edu.br\/nucleointegradodeprevisao\/files\/2025\/08\/cropped-logo_vetorizado_NIPa-e1756685652218-400x155.png\" alt=\"\" width=\"400\" height=\"155\" srcset=\"https:\/\/wp.ufpel.edu.br\/nucleointegradodeprevisao\/files\/2025\/08\/cropped-logo_vetorizado_NIPa-e1756685652218-400x155.png 400w, https:\/\/wp.ufpel.edu.br\/nucleointegradodeprevisao\/files\/2025\/08\/cropped-logo_vetorizado_NIPa-e1756685652218.png 602w\" sizes=\"auto, (max-width: 400px) 100vw, 400px\" \/><\/p>\n<p><img decoding=\"async\" class=\"alignnone size-medium wp-image-24\" src=\"https:\/\/wp.ufpel.edu.br\/nucleointegradodeprevisao\/files\/2025\/10\/logo-nip-2-400x163.jpg\" alt=\"\" width=\"400\" height=\"163\" \/ loading=\"lazy\" srcset=\"https:\/\/wp.ufpel.edu.br\/nucleointegradodeprevisao\/files\/2025\/10\/logo-nip-2-400x163.jpg 400w, https:\/\/wp.ufpel.edu.br\/nucleointegradodeprevisao\/files\/2025\/10\/logo-nip-2-768x313.jpg 768w, https:\/\/wp.ufpel.edu.br\/nucleointegradodeprevisao\/files\/2025\/10\/logo-nip-2.jpg 904w\" sizes=\"auto, (max-width: 400px) 100vw, 400px\" \/><\/p>\n","protected":false},"excerpt":{"rendered":"<p>A identidade visual do N\u00facleo Integrado de Previs\u00e3o (NIP) foi concebida para refletir a ess\u00eancia multidisciplinar e a integra\u00e7\u00e3o entre as quatro \u00e1reas que fundamentam o trabalho do n\u00facleo: Hidrologia, Meteorologia, Modelagem Matem\u00e1tica e Mapeamento. Cada elemento da logomarca simboliza o encontro entre ci\u00eancia e territ\u00f3rio, traduzindo a miss\u00e3o do NIP de compreender e prever [&hellip;]<\/p>\n","protected":false},"author":1290,"featured_media":0,"parent":0,"menu_order":0,"comment_status":"closed","ping_status":"closed","template":"","meta":{"footnotes":""},"class_list":["post-20","page","type-page","status-publish","hentry"],"_links":{"self":[{"href":"https:\/\/wp.ufpel.edu.br\/nucleointegradodeprevisao\/wp-json\/wp\/v2\/pages\/20","targetHints":{"allow":["GET"]}}],"collection":[{"href":"https:\/\/wp.ufpel.edu.br\/nucleointegradodeprevisao\/wp-json\/wp\/v2\/pages"}],"about":[{"href":"https:\/\/wp.ufpel.edu.br\/nucleointegradodeprevisao\/wp-json\/wp\/v2\/types\/page"}],"author":[{"embeddable":true,"href":"https:\/\/wp.ufpel.edu.br\/nucleointegradodeprevisao\/wp-json\/wp\/v2\/users\/1290"}],"replies":[{"embeddable":true,"href":"https:\/\/wp.ufpel.edu.br\/nucleointegradodeprevisao\/wp-json\/wp\/v2\/comments?post=20"}],"version-history":[{"count":2,"href":"https:\/\/wp.ufpel.edu.br\/nucleointegradodeprevisao\/wp-json\/wp\/v2\/pages\/20\/revisions"}],"predecessor-version":[{"id":39,"href":"https:\/\/wp.ufpel.edu.br\/nucleointegradodeprevisao\/wp-json\/wp\/v2\/pages\/20\/revisions\/39"}],"wp:attachment":[{"href":"https:\/\/wp.ufpel.edu.br\/nucleointegradodeprevisao\/wp-json\/wp\/v2\/media?parent=20"}],"curies":[{"name":"wp","href":"https:\/\/api.w.org\/{rel}","templated":true}]}}