{"id":1665,"date":"2026-03-23T13:06:23","date_gmt":"2026-03-23T16:06:23","guid":{"rendered":"https:\/\/wp.ufpel.edu.br\/nuclear\/?page_id=1665"},"modified":"2026-03-23T14:05:54","modified_gmt":"2026-03-23T17:05:54","slug":"termodinamica-t1-2026-1","status":"publish","type":"page","link":"https:\/\/wp.ufpel.edu.br\/nuclear\/ensino\/disciplinas\/2026-1\/termodinamica-t1-2026-1\/","title":{"rendered":"Termodin\u00e2mica (T1) 2026\/1"},"content":{"rendered":"<p style=\"text-align: center;\"><span style=\"color: #ff0000;\">Termodin\u00e2mica (T1) 2026\/1<\/span><\/p>\n<p>&#8211; <a href=\"https:\/\/wp.ufpel.edu.br\/nuclear\/files\/2026\/03\/plano_ensino_TERMO_11090030_T1_2026_1.pdf\" target=\"_blank\" rel=\"noopener\"><span style=\"color: #3366ff;\">Plano de Ensino<\/span><\/a><\/p>\n<p>&nbsp;<\/p>\n<p>&#8211; <a href=\"https:\/\/wp.ufpel.edu.br\/nuclear\/files\/2025\/04\/notas-de-aula-termodinamica-2024.pdf\" target=\"_blank\" rel=\"noopener\"><span style=\"color: #ff0000;\">Notas de aula<\/span><\/a> (apostila 2024) &lt;&lt;<\/p>\n<p>&nbsp;<\/p>\n<p>(<a href=\"https:\/\/wp.ufpel.edu.br\/nuclear\/files\/2023\/12\/aula-termo-2.pdf\" target=\"_blank\" rel=\"noopener\"><span style=\"color: #3366ff;\">slides revis\u00e3o<\/span><\/a>: Termo &#8211; F\u00edsica Geral B)<\/p>\n<p>&nbsp;<\/p>\n<p>&#8211; Listas de Exerc\u00edcios:<\/p>\n<p><a href=\"https:\/\/wp.ufpel.edu.br\/nuclear\/files\/2026\/03\/lista-1-termo.pdf\" target=\"_blank\" rel=\"noopener\"><span style=\"color: #3366ff;\">Lista 1<\/span><\/a><br \/>\n<span style=\"color: #3366ff;\"><a style=\"color: #3366ff;\" href=\"https:\/\/wp.ufpel.edu.br\/nuclear\/files\/2026\/03\/lista-2-termo.pdf\" target=\"_blank\" rel=\"noopener\">Lista 2<\/a><\/span><br \/>\nLista 3<br \/>\nLista 4<br \/>\nLista 5<br \/>\nLista 6<\/p>\n","protected":false},"excerpt":{"rendered":"<p>Termodin\u00e2mica (T1) 2026\/1 &#8211; Plano de Ensino &nbsp; &#8211; Notas de aula (apostila 2024) &lt;&lt; &nbsp; (slides revis\u00e3o: Termo &#8211; F\u00edsica Geral B) &nbsp; &#8211; Listas de Exerc\u00edcios: Lista 1 Lista 2 Lista 3 Lista 4 Lista 5 Lista 6<\/p>\n","protected":false},"author":457,"featured_media":0,"parent":1651,"menu_order":0,"comment_status":"closed","ping_status":"closed","template":"","meta":{"footnotes":""},"class_list":["post-1665","page","type-page","status-publish","hentry"],"_links":{"self":[{"href":"https:\/\/wp.ufpel.edu.br\/nuclear\/wp-json\/wp\/v2\/pages\/1665","targetHints":{"allow":["GET"]}}],"collection":[{"href":"https:\/\/wp.ufpel.edu.br\/nuclear\/wp-json\/wp\/v2\/pages"}],"about":[{"href":"https:\/\/wp.ufpel.edu.br\/nuclear\/wp-json\/wp\/v2\/types\/page"}],"author":[{"embeddable":true,"href":"https:\/\/wp.ufpel.edu.br\/nuclear\/wp-json\/wp\/v2\/users\/457"}],"replies":[{"embeddable":true,"href":"https:\/\/wp.ufpel.edu.br\/nuclear\/wp-json\/wp\/v2\/comments?post=1665"}],"version-history":[{"count":3,"href":"https:\/\/wp.ufpel.edu.br\/nuclear\/wp-json\/wp\/v2\/pages\/1665\/revisions"}],"predecessor-version":[{"id":1676,"href":"https:\/\/wp.ufpel.edu.br\/nuclear\/wp-json\/wp\/v2\/pages\/1665\/revisions\/1676"}],"up":[{"embeddable":true,"href":"https:\/\/wp.ufpel.edu.br\/nuclear\/wp-json\/wp\/v2\/pages\/1651"}],"wp:attachment":[{"href":"https:\/\/wp.ufpel.edu.br\/nuclear\/wp-json\/wp\/v2\/media?parent=1665"}],"curies":[{"name":"wp","href":"https:\/\/api.w.org\/{rel}","templated":true}]}}