{"id":100,"date":"2016-04-12T16:44:07","date_gmt":"2016-04-12T19:44:07","guid":{"rendered":"https:\/\/wp.ufpel.edu.br\/nuclear\/?page_id=100"},"modified":"2017-07-27T16:04:22","modified_gmt":"2017-07-27T19:04:22","slug":"3-pesquisa","status":"publish","type":"page","link":"https:\/\/wp.ufpel.edu.br\/nuclear\/3-pesquisa\/","title":{"rendered":"3 &#8211; Pesquisa"},"content":{"rendered":"<p>P\u00e1gina do <span style=\"color: #3366ff\"><a style=\"color: #3366ff\" href=\"https:\/\/wp.ufpel.edu.br\/game\" target=\"_blank\" rel=\"noopener\">Grupo de Altas e M\u00e9dias Energias (GAME)<\/a><\/span>\u00a0\u00a0 ; \u00a0 (<a href=\"http:\/\/game.ifm.ufpel.edu.br\/\" target=\"_blank\" rel=\"noopener\">p\u00e1gina antiga<\/a>)<\/p>\n<p>&nbsp;<\/p>\n<p>-&gt; link para o <span style=\"background-color: #ffff99\"><a href=\"http:\/\/lattes.cnpq.br\/1597673367889113\" target=\"_blank\" rel=\"noopener\">Curriculum Lattes<\/a><\/span><\/p>\n<p>&nbsp;<\/p>\n<p>\u00c1reas de interesse:<\/p>\n<p>&#8211; Astrof\u00edsica Nuclear (estrelas de n\u00eautrons)<\/p>\n<p>&#8211; Transi\u00e7\u00f5es de fases<\/p>\n<p>&#8211; Energia de simetria nas m\u00e1terias nuclear e estelar<\/p>\n<p>&#8211; Modelos hadr\u00f4nicos<\/p>\n<p>&nbsp;<\/p>\n<p>Projetos de Pesquisa:<\/p>\n<p>2013-2016 ;\u00a0 2016-2019<br \/>\n<strong>Transi\u00e7\u00f5es de fases h\u00e1dron-quark: aplica\u00e7\u00f5es em mat\u00e9ria nuclear e estelar<\/strong><\/p>\n<p>Breve descri\u00e7\u00e3o: A determina\u00e7\u00e3o da estrutura de fases da mat\u00e9ria fortemente interagente \u00e9 um dos maiores desafios em teoria e experimento. O comportamento da mat\u00e9ria em altas densidades e temperaturas \u00e9 ainda escassamente entendido. Sistemas nos quais a mat\u00e9ria apresenta-se em condi\u00e7\u00f5es extremas s\u00e3o encontrados no interior das estrelas de n\u00eautrons e em colis\u00f5es de \u00edons pesados em altas energias. As propriedades destes sistemas podem ser estudadas atrav\u00e9s da constru\u00e7\u00e3o fenomenol\u00f3gica de suas respectivas equa\u00e7\u00f5es de estado (EoS). Portanto, a determina\u00e7\u00e3o das EoS \u00e9 de primordial import\u00e2ncia.<\/p>\n<p>A cria\u00e7\u00e3o de um plasma de quarks e gl\u00faons e a elucida\u00e7\u00e3o de suas propriedades \u00e9 um dos objetivos fundamentais no estudo de processos envolvendo F\u00edsica de altas energias.<\/p>\n<p>Atualmente, al\u00e9m dos grandes aceleradores de part\u00edculas existentes (RHIC e LHC) concebidos para o estudo de colis\u00f5es ultrarelativ\u00edsticas de \u00edons pesados e a cria\u00e7\u00e3o do plasma de quarks e gl\u00faons (QGP), est\u00e3o em fase de constru\u00e7\u00e3o dois novos aceleradores (FAIR e NICA) para o estudo de colis\u00f5es em energias intermedi\u00e1rias que abranger\u00e3o uma interessante regi\u00e3o do diagrama de fases da QCD onde espera-se encontrar, al\u00e9m do QGP, o ponto cr\u00edtico (CEP: critical end point). Esta \u00e9 uma regi\u00e3o que separaria a transi\u00e7\u00e3o de fases de primeira ordem e de segunda ordem (ou um cross-over). Em fun\u00e7\u00e3o destas novas possibilidades experimentais, os estudos te\u00f3ricos destes sistemas s\u00e3o extremamente necess\u00e1rios, dadas as possibilidades de importantes descobertas para a F\u00edsica Nuclear (al\u00e9m de outras \u00e1reas como a Medicina Nuclear) durante a pr\u00f3xima d\u00e9cada.<\/p>\n","protected":false},"excerpt":{"rendered":"<p>P\u00e1gina do Grupo de Altas e M\u00e9dias Energias (GAME)\u00a0\u00a0 ; \u00a0 (p\u00e1gina antiga) &nbsp; -&gt; link para o Curriculum Lattes &nbsp; \u00c1reas de interesse: &#8211; Astrof\u00edsica Nuclear (estrelas de n\u00eautrons) &#8211; Transi\u00e7\u00f5es de fases &#8211; Energia de simetria nas m\u00e1terias nuclear e estelar &#8211; Modelos hadr\u00f4nicos &nbsp; Projetos de Pesquisa: 2013-2016 ;\u00a0 2016-2019 Transi\u00e7\u00f5es de [&hellip;]<\/p>\n","protected":false},"author":457,"featured_media":0,"parent":0,"menu_order":0,"comment_status":"closed","ping_status":"closed","template":"","meta":{"footnotes":""},"class_list":["post-100","page","type-page","status-publish","hentry"],"_links":{"self":[{"href":"https:\/\/wp.ufpel.edu.br\/nuclear\/wp-json\/wp\/v2\/pages\/100","targetHints":{"allow":["GET"]}}],"collection":[{"href":"https:\/\/wp.ufpel.edu.br\/nuclear\/wp-json\/wp\/v2\/pages"}],"about":[{"href":"https:\/\/wp.ufpel.edu.br\/nuclear\/wp-json\/wp\/v2\/types\/page"}],"author":[{"embeddable":true,"href":"https:\/\/wp.ufpel.edu.br\/nuclear\/wp-json\/wp\/v2\/users\/457"}],"replies":[{"embeddable":true,"href":"https:\/\/wp.ufpel.edu.br\/nuclear\/wp-json\/wp\/v2\/comments?post=100"}],"version-history":[{"count":8,"href":"https:\/\/wp.ufpel.edu.br\/nuclear\/wp-json\/wp\/v2\/pages\/100\/revisions"}],"predecessor-version":[{"id":452,"href":"https:\/\/wp.ufpel.edu.br\/nuclear\/wp-json\/wp\/v2\/pages\/100\/revisions\/452"}],"wp:attachment":[{"href":"https:\/\/wp.ufpel.edu.br\/nuclear\/wp-json\/wp\/v2\/media?parent=100"}],"curies":[{"name":"wp","href":"https:\/\/api.w.org\/{rel}","templated":true}]}}