{"id":30,"date":"2019-05-13T19:33:33","date_gmt":"2019-05-13T22:33:33","guid":{"rendered":"https:\/\/wp.ufpel.edu.br\/nuccrin\/?page_id=30"},"modified":"2021-04-01T11:08:17","modified_gmt":"2021-04-01T14:08:17","slug":"quem-somos","status":"publish","type":"page","link":"https:\/\/wp.ufpel.edu.br\/nuccrin\/","title":{"rendered":"Hist\u00f3rico e objetivos do NUCCRIN"},"content":{"rendered":"<p style=\"text-align: justify\" align=\"justify\"><span style=\"font-family: book antiqua, palatino, serif;font-size: 24pt\"><strong>Sobre o N\u00facleo de Condi\u00e7\u00f5es Cr\u00f4nicas e suas Interfaces (NUCCRIN)<\/strong><\/span><\/p>\n<p class=\"western\" style=\"text-align: justify\" align=\"justify\"><span style=\"font-family: book antiqua, palatino, serif\"><span style=\"font-size: medium\">O<\/span><span style=\"font-size: medium\"> N\u00facleo de Condi\u00e7\u00f5es Cr\u00f4nicas e suas Interfaces (NUCCRIN), grupo de pesquisa registrado no Conselho Nacional de Desenvolvimento Cient\u00edfico e Tecnol\u00f3gico (CNPq),\u00a0 tem como objetivo <\/span><span style=\"font-size: medium\">desenvolver estudos em diferentes abordagens te\u00f3ricas e metodol\u00f3gicas nas interfaces da fam\u00edlia e nas condi\u00e7\u00f5es cr\u00f4nicas de sa\u00fade, com \u00eanfase na preven\u00e7\u00e3o, promo\u00e7\u00e3o e reabilita\u00e7\u00e3o da sa\u00fade de indiv\u00edduos, grupos e rede familiar, tanto no meio urbano quanto rural.<\/span><span style=\"font-size: medium\"> A fam\u00edlia desempenha papel fundamental no processo de reabilita\u00e7\u00e3o da sa\u00fade e na inclus\u00e3o social de seus membros. Em muitos casos, o sucesso de um tratamento depende da compreens\u00e3o do indiv\u00edduo e de suas intera\u00e7\u00f5es familiares.<\/span> <span style=\"font-size: medium\">Os tipos de cuidados necess\u00e1rios revelam a necessidade de que as doen\u00e7as cr\u00f4nicas devam ser tratadas e abordadas no contexto da fam\u00edlia e do ambiente que permeia as pr\u00e1ticas de cuidado \u00e0 sa\u00fade, al\u00e9m de considerar a influ\u00eancia dos valores culturais. <\/span><\/span><\/p>\n<p class=\"western\" style=\"text-align: justify\" align=\"justify\"><span style=\"font-family: book antiqua, palatino, serif\"><span style=\"font-size: medium\"> Assim, ressalta-se a import\u00e2ncia de se realizar estudos que visem o conhecimento das particularidades das fam\u00edlias principalmente aspectos que envolva a din\u00e2mica, a estrutura familiar, as estrat\u00e9gias utilizadas para enfrentar a doen\u00e7a cr\u00f4nica e as redes sociais que sustentam a unidade cuidadora &#8211; fam\u00edlia.<\/span><\/span><\/p>\n<p class=\"western\" style=\"text-align: justify\"><span style=\"font-family: book antiqua, palatino, serif;font-size: 18pt\"><strong>Objetivos do NUCCRIN<\/strong><\/span><\/p>\n<ul style=\"text-align: justify\">\n<li>\n<p class=\"western\" align=\"justify\"><span style=\"font-family: book antiqua, palatino, serif\"><span style=\"font-size: medium\">Construir um corpo de conhecimento sobre fam\u00edlia e condi\u00e7\u00f5es cr\u00f4nicas de sa\u00fade no sentido de subsidiar linhas de pesquisa no Programa de P\u00f3s-Gradua\u00e7\u00e3o em Enfermagem, em n\u00edveis de Mestrado e Doutorado na Faculdade de Enfermagem da UFPel;<br \/>\n<\/span><\/span><\/p>\n<\/li>\n<li>\n<p class=\"western\" align=\"justify\"><span style=\"font-family: book antiqua, palatino, serif\"><span style=\"font-size: medium\">Promover cursos, para a Enfermagem, de car\u00e1ter interdisciplinar sobre m\u00e9todos de pesquisa e t\u00e9cnicas de produ\u00e7\u00e3o de dados na perspectiva de desenvolver conhecimentos sobre fam\u00edlia e condi\u00e7\u00f5es cr\u00f4nicas de sa\u00fade;<\/span><\/span><\/p>\n<\/li>\n<li>\n<p class=\"western\" align=\"justify\"><span style=\"font-family: book antiqua, palatino, serif\"><span style=\"font-size: medium\">Integrar, interdisciplinarmente, profissionais da regi\u00e3o, em especial aqueles das institui\u00e7\u00f5es de ensino, a fim de expor diferentes realidades no contexto de sa\u00fade doen\u00e7a;<\/span><\/span><\/p>\n<\/li>\n<li>\n<p class=\"western\" align=\"justify\"><span style=\"font-family: book antiqua, palatino, serif\"><span style=\"font-size: medium\">Promover semin\u00e1rios de integra\u00e7\u00e3o com outros N\u00facleos de pesquisa que abordem o tema fam\u00edlia e condi\u00e7\u00f5es cr\u00f4nicas de sa\u00fade;<\/span><\/span><\/p>\n<\/li>\n<li>\n<p class=\"western\" align=\"justify\"><span style=\"font-family: book antiqua, palatino, serif\"><span style=\"font-size: medium\">Produzir diferentes meios socializadores de conhecimento como livros, colet\u00e2neas, revistas, <\/span><span style=\"font-size: medium\"><i>folder<\/i><\/span><span style=\"font-size: medium\"> e eventos espec\u00edficos, com a finalidade de expor a produ\u00e7\u00e3o cient\u00edfica do N\u00facleo;<\/span><\/span><\/p>\n<\/li>\n<li>\n<p class=\"western\" align=\"justify\"><span style=\"font-family: book antiqua, palatino, serif\"><span style=\"font-size: medium\">Elaborar e encaminhar projetos de pesquisa, ensino e extens\u00e3o, buscando recursos para manuten\u00e7\u00e3o das atividades do N\u00facleo e beneficiar diferentes servi\u00e7os de sa\u00fade;<\/span><\/span><\/p>\n<\/li>\n<li>\n<p class=\"western\" align=\"justify\"><span style=\"font-family: book antiqua, palatino, serif\"><span style=\"font-size: medium\">Desenvolver estudos investigativos em conjunto com entidades e institui\u00e7\u00f5es da cidade de Pelotas e de munic\u00edpios vizinhos;<\/span><\/span><\/p>\n<\/li>\n<li>\n<p class=\"western\" align=\"justify\"><span style=\"font-family: book antiqua, palatino, serif\"><span style=\"font-size: medium\">Promover semin\u00e1rios de estudos sobre fam\u00edlia e condi\u00e7\u00f5es cr\u00f4nicas de sa\u00fade envolvendo a comunidade acad\u00eamica, profissionais de sa\u00fade e a popula\u00e7\u00e3o da regi\u00e3o;<\/span><\/span><\/p>\n<\/li>\n<li>\n<p class=\"western\" align=\"justify\"><span style=\"font-family: book antiqua, palatino, serif\"><span style=\"font-size: medium\">Desenvolver atividades te\u00f3rico-pr\u00e1ticas com o tema fam\u00edlia e condi\u00e7\u00f5es cr\u00f4nicas de sa\u00fade, nos diferentes cen\u00e1rios de estudo dos discentes dos cursos de gradua\u00e7\u00e3o e p\u00f3s-gradua\u00e7\u00e3o da Enfermagem da UFPel;<\/span><\/span><\/p>\n<\/li>\n<li>\n<p class=\"western\" align=\"justify\"><span style=\"font-family: book antiqua, palatino, serif\"><span style=\"font-size: medium\">Promover semin\u00e1rios para discuss\u00e3o dos conte\u00fados e ou disciplinas sobre o tema fam\u00edlia e condi\u00e7\u00f5es cr\u00f4nicas de sa\u00fade nos diferentes cursos de gradua\u00e7\u00e3o e p\u00f3s-gradua\u00e7\u00e3o da Ufpel;<\/span><\/span><\/p>\n<\/li>\n<li>\n<p class=\"western\" align=\"justify\"><span style=\"font-family: book antiqua, palatino, serif\"><span style=\"font-size: medium\">Promover, na comunidade cient\u00edfica, espa\u00e7o para discuss\u00f5es entre acad\u00eamicos pesquisadores e profissionais e equipe multiprofissional. <\/span><\/span><\/p>\n<\/li>\n<li>\n<p class=\"western\" align=\"justify\"><span style=\"font-family: book antiqua, palatino, serif\"><span style=\"font-size: medium\">Elaborar material did\u00e1tico, como folhetos, manuais, no sentido de qualificar as informa\u00e7\u00f5es sobre doen\u00e7as cr\u00f4nicas, para que pacientes e familiares tenham condi\u00e7\u00f5es de participar mais efetivamente no seu tratamento e tamb\u00e9m colaborar na promo\u00e7\u00e3o da sa\u00fade e preven\u00e7\u00e3o destas enfermidades;<\/span><\/span><\/p>\n<\/li>\n<li>\n<p class=\"western\" align=\"justify\"><span style=\"font-family: book antiqua, palatino, serif\"><span style=\"font-size: medium\">Estabelecer parcerias com outros cursos da UFPel, como Artes Visuais \u2013 Design Gr\u00e1fico e Ci\u00eancia da Computa\u00e7\u00e3o, para atuarem na elabora\u00e7\u00e3o da arte de materiais e de ferramentas tecnol\u00f3gicas que podem ser desenvolvidas em atividades de pesquisa e de extens\u00e3o do N\u00facleo.<\/span><\/span><\/p>\n<\/li>\n<\/ul>\n<p style=\"text-align: justify\"><strong><span style=\"font-family: book antiqua, palatino, serif\"><em>\u00a0\u00a0 O NUCCRIN \u00e9 liderado, atualmente (2021-2023), pelas professoras Franciele Roberta Cordeiro e Michele Cristiene Nachtigall Barboza.\u00a0<\/em><\/span><\/strong><\/p>\n","protected":false},"excerpt":{"rendered":"<p>Sobre o N\u00facleo de Condi\u00e7\u00f5es Cr\u00f4nicas e suas Interfaces (NUCCRIN) O N\u00facleo de Condi\u00e7\u00f5es Cr\u00f4nicas e suas Interfaces (NUCCRIN), grupo de pesquisa registrado no Conselho Nacional de Desenvolvimento Cient\u00edfico e Tecnol\u00f3gico (CNPq),\u00a0 tem como objetivo desenvolver estudos em diferentes abordagens&#8230; <a class=\"more-link\" href=\"https:\/\/wp.ufpel.edu.br\/nuccrin\/\">Continue lendo &rarr;<\/a><\/p>\n","protected":false},"author":923,"featured_media":0,"parent":0,"menu_order":0,"comment_status":"closed","ping_status":"closed","template":"","meta":{"footnotes":""},"class_list":["post-30","page","type-page","status-publish","hentry"],"jetpack_sharing_enabled":true,"_links":{"self":[{"href":"https:\/\/wp.ufpel.edu.br\/nuccrin\/wp-json\/wp\/v2\/pages\/30","targetHints":{"allow":["GET"]}}],"collection":[{"href":"https:\/\/wp.ufpel.edu.br\/nuccrin\/wp-json\/wp\/v2\/pages"}],"about":[{"href":"https:\/\/wp.ufpel.edu.br\/nuccrin\/wp-json\/wp\/v2\/types\/page"}],"author":[{"embeddable":true,"href":"https:\/\/wp.ufpel.edu.br\/nuccrin\/wp-json\/wp\/v2\/users\/923"}],"replies":[{"embeddable":true,"href":"https:\/\/wp.ufpel.edu.br\/nuccrin\/wp-json\/wp\/v2\/comments?post=30"}],"version-history":[{"count":8,"href":"https:\/\/wp.ufpel.edu.br\/nuccrin\/wp-json\/wp\/v2\/pages\/30\/revisions"}],"predecessor-version":[{"id":234,"href":"https:\/\/wp.ufpel.edu.br\/nuccrin\/wp-json\/wp\/v2\/pages\/30\/revisions\/234"}],"wp:attachment":[{"href":"https:\/\/wp.ufpel.edu.br\/nuccrin\/wp-json\/wp\/v2\/media?parent=30"}],"curies":[{"name":"wp","href":"https:\/\/api.w.org\/{rel}","templated":true}]}}