{"id":262,"date":"2021-05-13T10:24:02","date_gmt":"2021-05-13T13:24:02","guid":{"rendered":"https:\/\/wp.ufpel.edu.br\/nuccrin\/?page_id=262"},"modified":"2021-05-13T10:24:02","modified_gmt":"2021-05-13T13:24:02","slug":"relatorios-de-atividades","status":"publish","type":"page","link":"https:\/\/wp.ufpel.edu.br\/nuccrin\/relatorios-de-atividades\/","title":{"rendered":"Relat\u00f3rios de atividades"},"content":{"rendered":"<p>Ol\u00e1!<\/p>\n<p>&nbsp;<\/p>\n<p>Nesta p\u00e1gina disponibilizamos os relat\u00f3rios das atividades desenvolvidas no NUCCRIN a cada dois anos.<\/p>\n<p>&nbsp;<\/p>\n<p>Relat\u00f3rio de atividades 2019-2020. Clique <a href=\"https:\/\/wp.ufpel.edu.br\/nuccrin\/files\/2021\/05\/relatorio-atividades-2019-e-2020.pdf\">aqui<\/a> para acessar.<\/p>\n","protected":false},"excerpt":{"rendered":"<p>Ol\u00e1! &nbsp; Nesta p\u00e1gina disponibilizamos os relat\u00f3rios das atividades desenvolvidas no NUCCRIN a cada dois anos. &nbsp; Relat\u00f3rio de atividades 2019-2020. Clique aqui para acessar.<\/p>\n","protected":false},"author":923,"featured_media":0,"parent":0,"menu_order":0,"comment_status":"closed","ping_status":"closed","template":"","meta":{"footnotes":""},"class_list":["post-262","page","type-page","status-publish","hentry"],"jetpack_sharing_enabled":true,"_links":{"self":[{"href":"https:\/\/wp.ufpel.edu.br\/nuccrin\/wp-json\/wp\/v2\/pages\/262","targetHints":{"allow":["GET"]}}],"collection":[{"href":"https:\/\/wp.ufpel.edu.br\/nuccrin\/wp-json\/wp\/v2\/pages"}],"about":[{"href":"https:\/\/wp.ufpel.edu.br\/nuccrin\/wp-json\/wp\/v2\/types\/page"}],"author":[{"embeddable":true,"href":"https:\/\/wp.ufpel.edu.br\/nuccrin\/wp-json\/wp\/v2\/users\/923"}],"replies":[{"embeddable":true,"href":"https:\/\/wp.ufpel.edu.br\/nuccrin\/wp-json\/wp\/v2\/comments?post=262"}],"version-history":[{"count":1,"href":"https:\/\/wp.ufpel.edu.br\/nuccrin\/wp-json\/wp\/v2\/pages\/262\/revisions"}],"predecessor-version":[{"id":264,"href":"https:\/\/wp.ufpel.edu.br\/nuccrin\/wp-json\/wp\/v2\/pages\/262\/revisions\/264"}],"wp:attachment":[{"href":"https:\/\/wp.ufpel.edu.br\/nuccrin\/wp-json\/wp\/v2\/media?parent=262"}],"curies":[{"name":"wp","href":"https:\/\/api.w.org\/{rel}","templated":true}]}}