{"id":257,"date":"2021-04-29T14:40:50","date_gmt":"2021-04-29T17:40:50","guid":{"rendered":"https:\/\/wp.ufpel.edu.br\/nuccrin\/?page_id=257"},"modified":"2021-04-29T14:40:50","modified_gmt":"2021-04-29T17:40:50","slug":"regimento","status":"publish","type":"page","link":"https:\/\/wp.ufpel.edu.br\/nuccrin\/regimento\/","title":{"rendered":"Regimento"},"content":{"rendered":"<p>Ol\u00e1!<\/p>\n<p>Se voc\u00ea deseja integrar o NUCCRIN como membro efetivo, recomendamos que voc\u00ea leia o regimento do N\u00facleo e contate um professor\/pesquisador para solicitar o seu cadastramento e vincula\u00e7\u00e3o no Diret\u00f3rio de Grupos de Pesquisa do CNPq, conforme os crit\u00e9rios necess\u00e1rios.<\/p>\n<p>&nbsp;<\/p>\n<p>Para acessar ao Regimento clique <a href=\"https:\/\/wp.ufpel.edu.br\/nuccrin\/files\/2021\/04\/Regimentofinal2019.docx.pdf\">aqui<\/a>.<\/p>\n","protected":false},"excerpt":{"rendered":"<p>Ol\u00e1! Se voc\u00ea deseja integrar o NUCCRIN como membro efetivo, recomendamos que voc\u00ea leia o regimento do N\u00facleo e contate um professor\/pesquisador para solicitar o seu cadastramento e vincula\u00e7\u00e3o no Diret\u00f3rio de Grupos de Pesquisa do CNPq, conforme os crit\u00e9rios&#8230; <a class=\"more-link\" href=\"https:\/\/wp.ufpel.edu.br\/nuccrin\/regimento\/\">Continue lendo &rarr;<\/a><\/p>\n","protected":false},"author":923,"featured_media":0,"parent":0,"menu_order":0,"comment_status":"closed","ping_status":"closed","template":"","meta":{"footnotes":""},"class_list":["post-257","page","type-page","status-publish","hentry"],"jetpack_sharing_enabled":true,"_links":{"self":[{"href":"https:\/\/wp.ufpel.edu.br\/nuccrin\/wp-json\/wp\/v2\/pages\/257","targetHints":{"allow":["GET"]}}],"collection":[{"href":"https:\/\/wp.ufpel.edu.br\/nuccrin\/wp-json\/wp\/v2\/pages"}],"about":[{"href":"https:\/\/wp.ufpel.edu.br\/nuccrin\/wp-json\/wp\/v2\/types\/page"}],"author":[{"embeddable":true,"href":"https:\/\/wp.ufpel.edu.br\/nuccrin\/wp-json\/wp\/v2\/users\/923"}],"replies":[{"embeddable":true,"href":"https:\/\/wp.ufpel.edu.br\/nuccrin\/wp-json\/wp\/v2\/comments?post=257"}],"version-history":[{"count":1,"href":"https:\/\/wp.ufpel.edu.br\/nuccrin\/wp-json\/wp\/v2\/pages\/257\/revisions"}],"predecessor-version":[{"id":259,"href":"https:\/\/wp.ufpel.edu.br\/nuccrin\/wp-json\/wp\/v2\/pages\/257\/revisions\/259"}],"wp:attachment":[{"href":"https:\/\/wp.ufpel.edu.br\/nuccrin\/wp-json\/wp\/v2\/media?parent=257"}],"curies":[{"name":"wp","href":"https:\/\/api.w.org\/{rel}","templated":true}]}}