{"id":251,"date":"2021-04-26T18:36:43","date_gmt":"2021-04-26T21:36:43","guid":{"rendered":"https:\/\/wp.ufpel.edu.br\/nuccrin\/?page_id=251"},"modified":"2022-03-24T08:28:41","modified_gmt":"2022-03-24T11:28:41","slug":"apresentacoes-encontros-nuccrin-2021","status":"publish","type":"page","link":"https:\/\/wp.ufpel.edu.br\/nuccrin\/apresentacoes-encontros-nuccrin-2021\/","title":{"rendered":"Apresenta\u00e7\u00f5es Encontros NUCCRIN 2021"},"content":{"rendered":"<p><span style=\"font-family: book antiqua, palatino, serif;font-size: 14pt\">Ol\u00e1, pessoal!<\/span><\/p>\n<p>&nbsp;<\/p>\n<p><span style=\"font-family: book antiqua, palatino, serif;font-size: 14pt\">Disponibilizamos nesta p\u00e1gina as apresenta\u00e7\u00f5es utilizadas nos encontros do NUCCRIN em 2021.<\/span><\/p>\n<p>&nbsp;<\/p>\n<p><span style=\"font-family: book antiqua, palatino, serif;font-size: 14pt\"><b>26\/04\/2021 &#8211; Constru\u00e7\u00e3o de Resumo: <\/b>Enf. Md<sup>a<\/sup>. Carina Moscoso e Prof<sup>a<\/sup>. Dr<sup>a<\/sup>. Franciele Cordeiro<\/span><\/p>\n<p><span style=\"font-family: book antiqua, palatino, serif\">Clique <a href=\"https:\/\/wp.ufpel.edu.br\/nuccrin\/files\/2021\/04\/resumo-1.pdf\">aqui<\/a>.<\/span><\/p>\n<p>&nbsp;<\/p>\n<p><span style=\"font-family: book antiqua, palatino, serif;font-size: 14pt\"><b>24\/05\/2021 &#8211; Escolha de revista para submiss\u00e3o e fluxo editorial: <\/b>Enf. Md<sup>a<\/sup>. Fernanda Mello e Prof<sup>a<\/sup>. Dr<sup>a<\/sup>. Stefanie Oliveira<\/span><\/p>\n<p><span style=\"font-family: book antiqua, palatino, serif\">Clique <a href=\"https:\/\/wp.ufpel.edu.br\/nuccrin\/files\/2021\/05\/NUCCRIN-APRESENTACAO.pdf\">aqui<\/a>.<\/span><\/p>\n<p>&nbsp;<\/p>\n<p><span style=\"font-size: 14pt;font-family: book antiqua, palatino, serif\"><strong>Apresenta\u00e7\u00f5es utilizadas nas oficinas realizadas em parceria com o Diret\u00f3rio Acad\u00eamico Anna Nery.<\/strong><\/span><\/p>\n<p>&nbsp;<\/p>\n<p><span style=\"font-family: book antiqua, palatino, serif;font-size: 14pt\"><strong>25\/05\/2021 &#8211;\u00a0 Busca de literatura cient\u00edfica para constru\u00e7\u00e3o de texto acad\u00eamico<\/strong>: Enf. Md<sup>a<\/sup>. Fernanda Mello e Prof<sup>a<\/sup>. Dr<sup>a<\/sup>. Franciele Roberta Cordeiro<\/span><\/p>\n<p><span style=\"font-family: book antiqua, palatino, serif\">Clique <a href=\"https:\/\/wp.ufpel.edu.br\/nuccrin\/files\/2021\/05\/Busca-de-literatura-cientifica-para-construcao-de-texto-academico.pdf\">aqui<\/a>.<\/span><\/p>\n<p>&nbsp;<\/p>\n<p><span style=\"font-family: book antiqua, palatino, serif\"><span style=\"font-size: 14pt\"><strong>26\/05\/2021<\/strong> &#8211; <strong>Como ler um artigo cient\u00edfico\u00a0 organizar a escrita de um texto acad\u00eamico<\/strong>:\u00a0<\/span><span style=\"font-size: medium\"><span style=\"font-size: 14pt\"> Enf. Md<sup>a<\/sup>. Carina Moscoso e Enf. Md. Luiz Guilherme Lindemann.<\/span><br \/>\n<\/span><\/span><\/p>\n<p>&nbsp;<\/p>\n<p><span style=\"font-family: book antiqua, palatino, serif\">Clique <a href=\"https:\/\/wp.ufpel.edu.br\/nuccrin\/files\/2021\/05\/b39e53a67d1d7d213a22e041614a7bdadcac7379-1622062280136.pdf\">aqui<\/a>.<\/span><\/p>\n<p>&nbsp;<\/p>\n<p><span style=\"font-family: book antiqua, palatino, serif;font-size: 14pt\"><strong>27\/05\/2021 &#8211; Normas UFPEL: cita\u00e7\u00e3o, constru\u00e7\u00e3o de refer\u00eancias e formata\u00e7\u00e3o de texto<\/strong>: Profa. Dra. D\u00e9bora Amaral e Dda. Juliana Dall&#8217;Agnol.<\/span><\/p>\n<p>&nbsp;<\/p>\n<p><span style=\"font-family: book antiqua, palatino, serif\">Clique <a href=\"https:\/\/wp.ufpel.edu.br\/nuccrin\/files\/2021\/05\/b4929f6e1178ba036ff8503b0e359215b3a875ce-1622152589890.pdf\">aqui<\/a>.<\/span><\/p>\n<p>&nbsp;<\/p>\n<ul>\n<li><span style=\"font-family: book antiqua, palatino, serif\">Link para acesso \u00e0 oficina &#8220;<strong>Utilizando o aplicativo web gratuito Rayyan em pesquisa tipo revis\u00e3o<\/strong>&#8220;: https:\/\/bbbadm-balancer.ufpel.edu.br\/playback\/presentation\/2.3\/5467271cc76fa83d89e38923a56c716d9dc40158-1637610747626\u00a0<\/span><\/li>\n<\/ul>\n<p>&nbsp;<\/p>\n<ul>\n<li><span style=\"font-family: book antiqua, palatino, serif\">Link para acesso \u00e0 oficina &#8220;<strong>Uso do NVIVO<\/strong>&#8220;: https:\/\/bbbadm-balancer.ufpel.edu.br\/playback\/presentation\/2.3\/5467271cc76fa83d89e38923a56c716d9dc40158-1639500909654 <\/span><\/li>\n<\/ul>\n<p>&nbsp;<\/p>\n<ul>\n<li><span style=\"font-family: book antiqua, palatino, serif\">Link para acesso \u00e0 oficina &#8220;<strong>Introdu\u00e7\u00e3o ao Redcap&#8221;<\/strong>: https:\/\/bbbadm-balancer.ufpel.edu.br\/playback\/presentation\/2.3\/5467271cc76fa83d89e38923a56c716d9dc40158-1639588695789<\/span><\/li>\n<\/ul>\n","protected":false},"excerpt":{"rendered":"<p>Ol\u00e1, pessoal! &nbsp; Disponibilizamos nesta p\u00e1gina as apresenta\u00e7\u00f5es utilizadas nos encontros do NUCCRIN em 2021. &nbsp; 26\/04\/2021 &#8211; Constru\u00e7\u00e3o de Resumo: Enf. Mda. Carina Moscoso e Profa. Dra. Franciele Cordeiro Clique aqui. &nbsp; 24\/05\/2021 &#8211; Escolha de revista para submiss\u00e3o&#8230; <a class=\"more-link\" href=\"https:\/\/wp.ufpel.edu.br\/nuccrin\/apresentacoes-encontros-nuccrin-2021\/\">Continue lendo &rarr;<\/a><\/p>\n","protected":false},"author":923,"featured_media":0,"parent":0,"menu_order":0,"comment_status":"closed","ping_status":"closed","template":"","meta":{"footnotes":""},"class_list":["post-251","page","type-page","status-publish","hentry"],"jetpack_sharing_enabled":true,"_links":{"self":[{"href":"https:\/\/wp.ufpel.edu.br\/nuccrin\/wp-json\/wp\/v2\/pages\/251","targetHints":{"allow":["GET"]}}],"collection":[{"href":"https:\/\/wp.ufpel.edu.br\/nuccrin\/wp-json\/wp\/v2\/pages"}],"about":[{"href":"https:\/\/wp.ufpel.edu.br\/nuccrin\/wp-json\/wp\/v2\/types\/page"}],"author":[{"embeddable":true,"href":"https:\/\/wp.ufpel.edu.br\/nuccrin\/wp-json\/wp\/v2\/users\/923"}],"replies":[{"embeddable":true,"href":"https:\/\/wp.ufpel.edu.br\/nuccrin\/wp-json\/wp\/v2\/comments?post=251"}],"version-history":[{"count":9,"href":"https:\/\/wp.ufpel.edu.br\/nuccrin\/wp-json\/wp\/v2\/pages\/251\/revisions"}],"predecessor-version":[{"id":299,"href":"https:\/\/wp.ufpel.edu.br\/nuccrin\/wp-json\/wp\/v2\/pages\/251\/revisions\/299"}],"wp:attachment":[{"href":"https:\/\/wp.ufpel.edu.br\/nuccrin\/wp-json\/wp\/v2\/media?parent=251"}],"curies":[{"name":"wp","href":"https:\/\/api.w.org\/{rel}","templated":true}]}}