{"id":194,"date":"2020-09-11T15:27:56","date_gmt":"2020-09-11T18:27:56","guid":{"rendered":"https:\/\/wp.ufpel.edu.br\/nuccrin\/?page_id=194"},"modified":"2021-12-06T09:24:29","modified_gmt":"2021-12-06T12:24:29","slug":"palestras","status":"publish","type":"page","link":"https:\/\/wp.ufpel.edu.br\/nuccrin\/palestras\/","title":{"rendered":"Palestras"},"content":{"rendered":"<p><span style=\"font-family: book antiqua, palatino, serif\">Ol\u00e1, pessoal!<\/span><\/p>\n<p>&nbsp;<\/p>\n<p><span style=\"font-family: book antiqua, palatino, serif\">Nesta p\u00e1gina disponibilizamos as apresenta\u00e7\u00f5es utilizadas em palestras do NUCCRIN.<\/span><\/p>\n<p>&nbsp;<\/p>\n<p><strong><span style=\"font-family: book antiqua, palatino, serif\">Dia 11 de Setembro de 2020 &#8211; Zotero: Uma ferramenta \u00fatil no gerenciamento de refer\u00eancias<\/span><\/strong><\/p>\n<p><strong><span style=\"font-family: book antiqua, palatino, serif\">Enf. Md<sup>a<\/sup>. Carina Moscoso e Enf. Md<sup>a<\/sup>. Eduarda Rosado<\/span><\/strong><\/p>\n<p><span style=\"font-family: book antiqua, palatino, serif\"><a href=\"https:\/\/wp.ufpel.edu.br\/nuccrin\/files\/2020\/09\/Zotero-NUCCRIN-1.pdf\">Apresenta\u00e7\u00e3o Zotero<\/a><\/span><\/p>\n<p>&nbsp;<\/p>\n<p><span style=\"font-family: book antiqua, palatino, serif\"><strong>Dia 18 de Setembro de 2020 &#8211; Cadastro do Curr\u00edculo Lattes e ORCid<\/strong><\/span><\/p>\n<p><span style=\"font-family: book antiqua, palatino, serif\"><strong>Dr<sup>a<\/sup>. Fernanda Lise e Enf. Md<sup>a<\/sup>. Juliana Dall&#8217;Agnol<br \/>\n<\/strong><\/span><\/p>\n<p><span style=\"font-family: book antiqua, palatino, serif\"><a href=\"https:\/\/wp.ufpel.edu.br\/nuccrin\/files\/2020\/09\/NUCCRIN_LATTES_ORCID.pdf\">Apresenta\u00e7\u00e3o Lattes e ORCid<\/a><\/span><\/p>\n<p>&nbsp;<\/p>\n<p><strong><span style=\"font-family: book antiqua, palatino, serif\">Dia 25 de Setembro de 2020 &#8211; Como me preparar para sele\u00e7\u00f5es de resid\u00eancia?<\/span><\/strong><\/p>\n<p><strong><span style=\"font-family: book antiqua, palatino, serif\">Enf<sup>a<\/sup>. Caroline Rocha Batista Barcellos e Prof<sup>a<\/sup>. Dr<sup>a<\/sup>. Norlai Alves Azevedo<\/span><\/strong><\/p>\n<p><span style=\"font-family: book antiqua, palatino, serif\"><a href=\"https:\/\/wp.ufpel.edu.br\/nuccrin\/files\/2020\/09\/norlai.pdf\">Apresenta\u00e7\u00e3o Norlai<\/a><\/span><\/p>\n<p><a href=\"https:\/\/wp.ufpel.edu.br\/nuccrin\/files\/2020\/09\/APRESENTACAO.25.09.20.-RESIDENCIA.pdf\"><span style=\"font-family: book antiqua, palatino, serif\">Apresenta\u00e7\u00e3o Caroline<\/span><\/a><\/p>\n<p>&nbsp;<\/p>\n<p><strong><span style=\"font-family: book antiqua, palatino, serif\">Dia 02 de Outubro de 2020 &#8211; Como me preparar para sele\u00e7\u00f5es de mestrado e doutorado?<\/span><\/strong><\/p>\n<p><strong><span style=\"font-family: book antiqua, palatino, serif\">Prof<sup>a<\/sup>. Dr<sup>a<\/sup>. Franciele Roberta Cordeiro, Prof<sup>a<\/sup>. Dr<sup>a<\/sup>. Lilian Moura de Lima Spagnolo, Prof<sup>a<\/sup>. Dr<sup>a<\/sup>. Stefanie Griebeler Oliveira<\/span><\/strong><\/p>\n<p><a href=\"https:\/\/wp.ufpel.edu.br\/nuccrin\/files\/2020\/10\/Como-me-preparar-para-selecoes-de-mestrado-e-doutorado_.pdf\"><span style=\"font-family: book antiqua, palatino, serif\">Apresenta\u00e7\u00e3o<\/span><\/a><\/p>\n<p>&nbsp;<\/p>\n<p><strong><span style=\"font-family: book antiqua, palatino, serif\">Dia 22 de novembro de 2021 &#8211; Utilizando o aplicativo web gratuito Rayyan em pesquisa tipo revis\u00e3o<\/span><\/strong><\/p>\n<p><strong><span style=\"font-family: book antiqua, palatino, serif\">Ac. Enf. Larissa Machado e Ac. Enf. Wilson Teixeira<\/span><\/strong><\/p>\n<p><a href=\"https:\/\/bbbadm-balancer.ufpel.edu.br\/playback\/presentation\/2.3\/5467271cc76fa83d89e38923a56c716d9dc40158-1637610747626\"><strong><span style=\"font-family: book antiqua, palatino, serif\">Apresenta\u00e7\u00e3o<\/span><\/strong><\/a><\/p>\n<p><span style=\"font-family: book antiqua, palatino, serif\">\u00a0<\/span><\/p>\n","protected":false},"excerpt":{"rendered":"<p>Ol\u00e1, pessoal! &nbsp; Nesta p\u00e1gina disponibilizamos as apresenta\u00e7\u00f5es utilizadas em palestras do NUCCRIN. &nbsp; Dia 11 de Setembro de 2020 &#8211; Zotero: Uma ferramenta \u00fatil no gerenciamento de refer\u00eancias Enf. Mda. Carina Moscoso e Enf. Mda. Eduarda Rosado Apresenta\u00e7\u00e3o Zotero&#8230; <a class=\"more-link\" href=\"https:\/\/wp.ufpel.edu.br\/nuccrin\/palestras\/\">Continue lendo &rarr;<\/a><\/p>\n","protected":false},"author":923,"featured_media":0,"parent":0,"menu_order":0,"comment_status":"closed","ping_status":"closed","template":"","meta":{"footnotes":""},"class_list":["post-194","page","type-page","status-publish","hentry"],"jetpack_sharing_enabled":true,"_links":{"self":[{"href":"https:\/\/wp.ufpel.edu.br\/nuccrin\/wp-json\/wp\/v2\/pages\/194","targetHints":{"allow":["GET"]}}],"collection":[{"href":"https:\/\/wp.ufpel.edu.br\/nuccrin\/wp-json\/wp\/v2\/pages"}],"about":[{"href":"https:\/\/wp.ufpel.edu.br\/nuccrin\/wp-json\/wp\/v2\/types\/page"}],"author":[{"embeddable":true,"href":"https:\/\/wp.ufpel.edu.br\/nuccrin\/wp-json\/wp\/v2\/users\/923"}],"replies":[{"embeddable":true,"href":"https:\/\/wp.ufpel.edu.br\/nuccrin\/wp-json\/wp\/v2\/comments?post=194"}],"version-history":[{"count":8,"href":"https:\/\/wp.ufpel.edu.br\/nuccrin\/wp-json\/wp\/v2\/pages\/194\/revisions"}],"predecessor-version":[{"id":296,"href":"https:\/\/wp.ufpel.edu.br\/nuccrin\/wp-json\/wp\/v2\/pages\/194\/revisions\/296"}],"wp:attachment":[{"href":"https:\/\/wp.ufpel.edu.br\/nuccrin\/wp-json\/wp\/v2\/media?parent=194"}],"curies":[{"name":"wp","href":"https:\/\/api.w.org\/{rel}","templated":true}]}}